{"id":5135,"date":"2025-08-25T11:39:04","date_gmt":"2025-08-25T11:39:04","guid":{"rendered":"https:\/\/gind.es\/?page_id=5135"},"modified":"2025-08-25T11:40:30","modified_gmt":"2025-08-25T11:40:30","slug":"monorrail","status":"publish","type":"page","link":"https:\/\/gind.ivorysoluciones.com\/de\/monorrail\/","title":{"rendered":"Monorra\u00edl"},"content":{"rendered":"<p>[et_pb_section fb_built=&#8220;1&#8243; module_class=&#8220;banner-soluciones&#8220; _builder_version=&#8220;4.27.4&#8243; _module_preset=&#8220;default&#8220; background_image=&#8220;https:\/\/gind.ivorysoluciones.com\/wp-content\/uploads\/2024\/12\/gind-monorrail-1.webp&#8220; background_position=&#8220;top_center&#8220; min_height=&#8220;600px&#8220; global_colors_info=&#8220;{}&#8220;][et_pb_row column_structure=&#8220;1_2,1_2&#8243; use_custom_gutter=&#8220;on&#8220; gutter_width=&#8220;1&#8243; _builder_version=&#8220;4.27.4&#8243; _module_preset=&#8220;default&#8220; global_colors_info=&#8220;{}&#8220;][et_pb_column type=&#8220;1_2&#8243; module_class=&#8220;bordes-blancos-soluciones&#8220; _builder_version=&#8220;4.27.4&#8243; _module_preset=&#8220;default&#8220; background_color=&#8220;rgba(34,31,31,0.37)&#8220; custom_padding=&#8220;30px|35px|40px|35px|false|true&#8220; border_radii=&#8220;on|10px|10px|10px|10px&#8220; global_colors_info=&#8220;{}&#8220;][et_pb_text _builder_version=&#8220;4.27.4&#8243; _module_preset=&#8220;default&#8220; text_font=&#8220;|600|||||||&#8220; text_text_color=&#8220;#FFFFFF&#8220; custom_margin=&#8220;||10px||false|false&#8220; global_colors_info=&#8220;{}&#8220;]<\/p>\n<div class=\"et_pb_module et_pb_text et_pb_text_0  et_pb_text_align_left et_pb_bg_layout_light\">\n<div class=\"et_pb_text_inner\">\n<div class=\"et_pb_module et_pb_text et_pb_text_0  et_pb_text_align_left et_pb_bg_layout_light\">\n<div class=\"et_pb_text_inner\">\n<p>FBA-PRODUKTE<\/p>\n<\/div>\n<\/div>\n<\/div>\n<\/div>\n<div class=\"et_pb_module et_pb_heading et_pb_heading_0 et_pb_bg_layout_\">\n<div class=\"et_pb_heading_container\"><\/div>\n<\/div>\n<p>[\/et_pb_text][et_pb_heading title=&#8220;GinD\u00ae Monorra\u00edl&#8220; _builder_version=&#8220;4.27.4&#8243; _module_preset=&#8220;default&#8220; title_font=&#8220;||||||||&#8220; title_text_color=&#8220;#FFFFFF&#8220; title_font_size=&#8220;46px&#8220; custom_margin=&#8220;||10px||false|false&#8220; custom_padding=&#8220;||||false|false&#8220; title_font_size_tablet=&#8220;46px&#8220; title_font_size_phone=&#8220;36px&#8220; title_font_size_last_edited=&#8220;on|phone&#8220; global_colors_info=&#8220;{}&#8220;][\/et_pb_heading][et_pb_text _builder_version=&#8220;4.27.4&#8243; _module_preset=&#8220;default&#8220; text_text_color=&#8220;#FFFFFF&#8220; text_font_size=&#8220;18px&#8220; global_colors_info=&#8220;{}&#8220;]<\/p>\n<p>In einigen Geb\u00e4uden, in denen der Zugang zur Dachterrasse nicht m\u00f6glich ist oder das Geb\u00e4ude eine gro\u00dfe Fl\u00e4che abdeckt (zum Beispiel Flugh\u00e4fen), k\u00f6nnen wir ein Einschienenbahnsystem (Monorail) als die geeignetste L\u00f6sung vorschlagen.<\/p>\n<p>[\/et_pb_text][\/et_pb_column][et_pb_column type=&#8220;1_2&#8243; _builder_version=&#8220;4.27.4&#8243; _module_preset=&#8220;default&#8220; global_colors_info=&#8220;{}&#8220;][\/et_pb_column][\/et_pb_row][\/et_pb_section][et_pb_section fb_built=&#8220;1&#8243; _builder_version=&#8220;4.27.4&#8243; _module_preset=&#8220;default&#8220; global_colors_info=&#8220;{}&#8220;][et_pb_row column_structure=&#8220;1_2,1_2&#8243; make_equal=&#8220;on&#8220; _builder_version=&#8220;4.27.4&#8243; _module_preset=&#8220;default&#8220; global_colors_info=&#8220;{}&#8220;][et_pb_column type=&#8220;1_2&#8243; _builder_version=&#8220;4.27.4&#8243; _module_preset=&#8220;default&#8220; custom_padding=&#8220;2rem||||false|false&#8220; custom_padding_tablet=&#8220;0rem||||false|false&#8220; custom_padding_phone=&#8220;0rem||||false|false&#8220; custom_padding_last_edited=&#8220;on|tablet&#8220; global_colors_info=&#8220;{}&#8220;][et_pb_heading title=&#8220;Monorra\u00edl&#8220; module_class=&#8220;bordes-azules&#8220; _builder_version=&#8220;4.27.4&#8243; _module_preset=&#8220;default&#8220; title_level=&#8220;h2&#8243; title_font=&#8220;|700|||||||&#8220; title_text_align=&#8220;left&#8220; title_font_size=&#8220;42px&#8220; custom_margin=&#8220;||||false|false&#8220; custom_padding=&#8220;|||1.5rem|false|false&#8220; title_font_size_tablet=&#8220;42px&#8220; title_font_size_phone=&#8220;32px&#8220; title_font_size_last_edited=&#8220;on|phone&#8220; global_colors_info=&#8220;{}&#8220;][\/et_pb_heading][\/et_pb_column][et_pb_column type=&#8220;1_2&#8243; _builder_version=&#8220;4.27.4&#8243; _module_preset=&#8220;default&#8220; global_colors_info=&#8220;{}&#8220;][et_pb_text _builder_version=&#8220;4.27.4&#8243; _module_preset=&#8220;default&#8220; text_font_size=&#8220;18px&#8220; width=&#8220;92%&#8220; width_tablet=&#8220;100%&#8220; width_phone=&#8220;100%&#8220; width_last_edited=&#8220;on|tablet&#8220; global_colors_info=&#8220;{}&#8220;]<\/p>\n<p>Das Einschienenbahnsystem erm\u00f6glicht es verschiedenen Wartungsteams, die in unterschiedlichen Bereichen arbeiten, eine bessere Reinigungsleistung zu erzielen. Die GinD\u00ae Einschienenbahnsysteme sind so konstruiert und hergestellt, dass die GinD\u00ae Motirgondel abgekoppelt und in einem nicht sichtbaren Bereich abgestellt werden kann. Die Schienen k\u00f6nnen auch im Geb\u00e4ude eingebaut werden, um die Sichtbarkeit zu reduzieren.<\/p>\n<p>[\/et_pb_text][\/et_pb_column][\/et_pb_row][et_pb_row column_structure=&#8220;1_2,1_2&#8243; make_equal=&#8220;on&#8220; _builder_version=&#8220;4.27.4&#8243; _module_preset=&#8220;default&#8220; global_colors_info=&#8220;{}&#8220;][et_pb_column type=&#8220;1_2&#8243; module_class=&#8220;centrar-columna&#8220; _builder_version=&#8220;4.27.4&#8243; _module_preset=&#8220;default&#8220; custom_padding=&#8220;2rem||||false|false&#8220; custom_padding_tablet=&#8220;0rem||||false|false&#8220; custom_padding_phone=&#8220;0rem||||false|false&#8220; custom_padding_last_edited=&#8220;on|tablet&#8220; global_colors_info=&#8220;{}&#8220;][et_pb_text _builder_version=&#8220;4.27.4&#8243; _module_preset=&#8220;default&#8220; header_2_font=&#8220;|700|||||||&#8220; header_2_font_size=&#8220;38px&#8220; width_tablet=&#8220;100%&#8220; width_phone=&#8220;100%&#8220; width_last_edited=&#8220;on|desktop&#8220; custom_margin=&#8220;||15px||false|false&#8220; header_2_font_size_tablet=&#8220;38px&#8220; header_2_font_size_phone=&#8220;30px&#8220; header_2_font_size_last_edited=&#8220;on|phone&#8220; global_colors_info=&#8220;{}&#8220;]<\/p>\n<h2>Ein Einschienenbahnsystem <span class=\"txtazul\">besteht aus<\/span><\/h2>\n<p>[\/et_pb_text][et_pb_blurb image_icon_background_color=&#8220;#FFFFFF&#8220; image=&#8220;https:\/\/gind.ivorysoluciones.com\/wp-content\/uploads\/2024\/12\/gind-circulo.svg&#8220; alt=&#8220;GIND&#8220; icon_placement=&#8220;left&#8220; image_icon_width=&#8220;20px&#8220; content_max_width=&#8220;100%&#8220; _builder_version=&#8220;4.27.4&#8243; _module_preset=&#8220;default&#8220; body_line_height=&#8220;1.2em&#8220; background_enable_color=&#8220;off&#8220; width=&#8220;100%&#8220; width_tablet=&#8220;100%&#8220; width_phone=&#8220;100%&#8220; width_last_edited=&#8220;on|tablet&#8220; module_alignment=&#8220;left&#8220; custom_margin=&#8220;||5px||false|false&#8220; custom_padding=&#8220;1rem|1rem|||false|false&#8220; border_radii=&#8220;on|10px|10px|10px|10px&#8220; border_radii_image=&#8220;on|20px|20px|20px|20px&#8220; locked=&#8220;off&#8220; global_colors_info=&#8220;{}&#8220;]<\/p>\n<p><strong>Aluminium-\/Stahlgleis<\/strong>: Dieses Gleis folgt dem Fassadenprofil um Kurven, Ecken und sogar hohen Neigungen, falls erforderlich.<\/p>\n<p>[\/et_pb_blurb][et_pb_blurb image_icon_background_color=&#8220;#FFFFFF&#8220; image=&#8220;https:\/\/gind.ivorysoluciones.com\/wp-content\/uploads\/2024\/12\/gind-circulo.svg&#8220; alt=&#8220;GIND&#8220; icon_placement=&#8220;left&#8220; image_icon_width=&#8220;20px&#8220; content_max_width=&#8220;100%&#8220; _builder_version=&#8220;4.27.4&#8243; _module_preset=&#8220;default&#8220; body_line_height=&#8220;1.2em&#8220; background_enable_color=&#8220;off&#8220; width=&#8220;100%&#8220; width_tablet=&#8220;100%&#8220; width_phone=&#8220;100%&#8220; width_last_edited=&#8220;on|tablet&#8220; module_alignment=&#8220;left&#8220; custom_margin=&#8220;||5px||false|false&#8220; custom_padding=&#8220;1rem|1rem|||false|false&#8220; border_radii=&#8220;on|10px|10px|10px|10px&#8220; border_radii_image=&#8220;on|20px|20px|20px|20px&#8220; locked=&#8220;off&#8220; global_colors_info=&#8220;{}&#8220;]<\/p>\n<p><strong>Motorisierte\/manuelle Motorgondeln<\/strong>, die auf der Monorail fahren.<\/p>\n<p>[\/et_pb_blurb][et_pb_blurb image_icon_background_color=&#8220;#FFFFFF&#8220; image=&#8220;https:\/\/gind.ivorysoluciones.com\/wp-content\/uploads\/2024\/12\/gind-circulo.svg&#8220; alt=&#8220;GIND&#8220; icon_placement=&#8220;left&#8220; image_icon_width=&#8220;20px&#8220; content_max_width=&#8220;100%&#8220; _builder_version=&#8220;4.27.4&#8243; _module_preset=&#8220;default&#8220; body_line_height=&#8220;1.2em&#8220; background_enable_color=&#8220;off&#8220; width=&#8220;100%&#8220; width_tablet=&#8220;100%&#8220; width_phone=&#8220;100%&#8220; width_last_edited=&#8220;on|tablet&#8220; module_alignment=&#8220;left&#8220; custom_margin=&#8220;||5px||false|false&#8220; custom_padding=&#8220;1rem|1rem|||false|false&#8220; border_radii=&#8220;on|10px|10px|10px|10px&#8220; border_radii_image=&#8220;on|20px|20px|20px|20px&#8220; locked=&#8220;off&#8220; global_colors_info=&#8220;{}&#8220;]<\/p>\n<p><strong>Die Motorgondel (GinD\u00ae MRT)<\/strong>: Sie wird \u00fcber die Fahrwerke (Traveres mit Fahrwerken) und mindestens 2 Seile aufgeh\u00e4ngt. Sie kann f\u00fcr 1 oder 2 Bediener ausgelegt werden.<\/p>\n<p>[\/et_pb_blurb][\/et_pb_column][et_pb_column type=&#8220;1_2&#8243; _builder_version=&#8220;4.27.4&#8243; _module_preset=&#8220;default&#8220; custom_padding=&#8220;2rem||||false|false&#8220; custom_padding_tablet=&#8220;0rem||||false|false&#8220; custom_padding_phone=&#8220;0rem||||false|false&#8220; custom_padding_last_edited=&#8220;on|tablet&#8220; global_colors_info=&#8220;{}&#8220;][et_pb_image src=&#8220;https:\/\/gind.ivorysoluciones.com\/wp-content\/uploads\/2024\/12\/gind-monorrail-rascacielos.webp&#8220; alt=&#8220;GIND Monorrail Rascacielos&#8220; title_text=&#8220;gind-monorrail-rascacielos&#8220; align=&#8220;center&#8220; _builder_version=&#8220;4.27.4&#8243; _module_preset=&#8220;default&#8220; width=&#8220;70%&#8220; border_radii=&#8220;on|20px|20px|20px|20px&#8220; global_colors_info=&#8220;{}&#8220;][\/et_pb_image][\/et_pb_column][\/et_pb_row][et_pb_row column_structure=&#8220;3_5,2_5&#8243; _builder_version=&#8220;4.27.4&#8243; _module_preset=&#8220;default&#8220; global_colors_info=&#8220;{}&#8220;][et_pb_column type=&#8220;3_5&#8243; module_class=&#8220;margin-bottom-columna&#8220; _builder_version=&#8220;4.27.4&#8243; _module_preset=&#8220;default&#8220; global_colors_info=&#8220;{}&#8220;][et_pb_text _builder_version=&#8220;4.27.4&#8243; _module_preset=&#8220;default&#8220; text_font=&#8220;|600|||||||&#8220; text_text_color=&#8220;#969696&#8243; custom_margin=&#8220;||0px||false|false&#8220; global_colors_info=&#8220;{}&#8220;]<\/p>\n<p>EIGENE HERSTELLUNG<\/p>\n<p>[\/et_pb_text][et_pb_text _builder_version=&#8220;4.27.4&#8243; _module_preset=&#8220;default&#8220; header_2_font=&#8220;|700|||||||&#8220; header_2_font_size=&#8220;38px&#8220; width=&#8220;100%&#8220; width_tablet=&#8220;100%&#8220; width_phone=&#8220;100%&#8220; width_last_edited=&#8220;on|desktop&#8220; custom_margin=&#8220;||15px||false|false&#8220; header_2_font_size_tablet=&#8220;38px&#8220; header_2_font_size_phone=&#8220;30px&#8220; header_2_font_size_last_edited=&#8220;on|phone&#8220; global_colors_info=&#8220;{}&#8220;]<\/p>\n<h2><span class=\"txtazul\">Einstellungen<\/span> der motorisierten GinD MRT Plattform\/Gondel<\/h2>\n<p>[\/et_pb_text][\/et_pb_column][et_pb_column type=&#8220;2_5&#8243; _builder_version=&#8220;4.27.4&#8243; _module_preset=&#8220;default&#8220; global_colors_info=&#8220;{}&#8220;][\/et_pb_column][\/et_pb_row][et_pb_row column_structure=&#8220;1_2,1_2&#8243; use_custom_gutter=&#8220;on&#8220; gutter_width=&#8220;2&#8243; make_equal=&#8220;on&#8220; _builder_version=&#8220;4.27.4&#8243; _module_preset=&#8220;default&#8220; custom_margin=&#8220;0px||0px||true|false&#8220; custom_padding=&#8220;0px||0px||true|false&#8220; global_colors_info=&#8220;{}&#8220;][et_pb_column type=&#8220;1_2&#8243; module_class=&#8220;margin-bottom-columna&#8220; _builder_version=&#8220;4.27.4&#8243; _module_preset=&#8220;default&#8220; global_colors_info=&#8220;{}&#8220;][et_pb_blurb image_icon_background_color=&#8220;#FFFFFF&#8220; image=&#8220;https:\/\/gind.ivorysoluciones.com\/wp-content\/uploads\/2024\/12\/gind-circulo.svg&#8220; alt=&#8220;GIND&#8220; icon_placement=&#8220;left&#8220; image_icon_width=&#8220;20px&#8220; content_max_width=&#8220;100%&#8220; _builder_version=&#8220;4.27.4&#8243; _module_preset=&#8220;default&#8220; body_line_height=&#8220;1.2em&#8220; background_color=&#8220;#ccebf3&#8243; width_tablet=&#8220;100%&#8220; width_phone=&#8220;100%&#8220; width_last_edited=&#8220;on|tablet&#8220; module_alignment=&#8220;left&#8220; custom_margin=&#8220;||15px||false|false&#8220; custom_padding=&#8220;2rem|1.25rem|2rem|1.25rem|true|true&#8220; border_radii=&#8220;on|10px|10px|10px|10px&#8220; border_radii_image=&#8220;on|20px|20px|20px|20px&#8220; locked=&#8220;off&#8220; global_colors_info=&#8220;{}&#8220;]<\/p>\n<p>Verschiedene L\u00e4ngen und Breiten (feste Konfiguration)<\/p>\n<p>[\/et_pb_blurb][et_pb_blurb image_icon_background_color=&#8220;#FFFFFF&#8220; image=&#8220;https:\/\/gind.ivorysoluciones.com\/wp-content\/uploads\/2024\/12\/gind-circulo.svg&#8220; alt=&#8220;GIND&#8220; icon_placement=&#8220;left&#8220; image_icon_width=&#8220;20px&#8220; content_max_width=&#8220;100%&#8220; _builder_version=&#8220;4.27.4&#8243; _module_preset=&#8220;default&#8220; body_line_height=&#8220;1.2em&#8220; background_color=&#8220;#ccebf3&#8243; width_tablet=&#8220;100%&#8220; width_phone=&#8220;100%&#8220; width_last_edited=&#8220;on|tablet&#8220; module_alignment=&#8220;left&#8220; custom_margin=&#8220;||15px||false|false&#8220; custom_padding=&#8220;2rem|1.25rem|2rem|1.25rem|true|true&#8220; border_radii=&#8220;on|10px|10px|10px|10px&#8220; border_radii_image=&#8220;on|20px|20px|20px|20px&#8220; locked=&#8220;off&#8220; global_colors_info=&#8220;{}&#8220;]<\/p>\n<p>Teleskopmodule auf beiden Seiten (erh\u00f6hen Breite und L\u00e4nge)<\/p>\n<p>[\/et_pb_blurb][\/et_pb_column][et_pb_column type=&#8220;1_2&#8243; _builder_version=&#8220;4.27.4&#8243; _module_preset=&#8220;default&#8220; global_colors_info=&#8220;{}&#8220;][et_pb_blurb image_icon_background_color=&#8220;#FFFFFF&#8220; image=&#8220;https:\/\/gind.ivorysoluciones.com\/wp-content\/uploads\/2024\/12\/gind-circulo.svg&#8220; alt=&#8220;GIND&#8220; icon_placement=&#8220;left&#8220; image_icon_width=&#8220;20px&#8220; content_max_width=&#8220;100%&#8220; _builder_version=&#8220;4.27.4&#8243; _module_preset=&#8220;default&#8220; body_line_height=&#8220;1.2em&#8220; background_color=&#8220;#ccebf3&#8243; width_tablet=&#8220;100%&#8220; width_phone=&#8220;100%&#8220; width_last_edited=&#8220;on|tablet&#8220; module_alignment=&#8220;left&#8220; custom_margin=&#8220;||15px||false|false&#8220; custom_padding=&#8220;2rem|1.25rem|2rem|1.25rem|true|true&#8220; border_radii=&#8220;on|10px|10px|10px|10px&#8220; border_radii_image=&#8220;on|20px|20px|20px|20px&#8220; locked=&#8220;off&#8220; global_colors_info=&#8220;{}&#8220;]<\/p>\n<p>Modulare Konfiguration<\/p>\n<p>[\/et_pb_blurb][\/et_pb_column][\/et_pb_row][\/et_pb_section][et_pb_section fb_built=&#8220;1&#8243; disabled_on=&#8220;on|on|on&#8220; _builder_version=&#8220;4.27.4&#8243; _module_preset=&#8220;default&#8220; background_color=&#8220;#d4e8e7&#8243; disabled=&#8220;on&#8220; global_colors_info=&#8220;{}&#8220;][et_pb_row column_structure=&#8220;3_5,2_5&#8243; _builder_version=&#8220;4.27.4&#8243; _module_preset=&#8220;default&#8220; global_colors_info=&#8220;{}&#8220;][et_pb_column type=&#8220;3_5&#8243; _builder_version=&#8220;4.27.4&#8243; _module_preset=&#8220;default&#8220; global_colors_info=&#8220;{}&#8220;][et_pb_text _builder_version=&#8220;4.27.4&#8243; _module_preset=&#8220;default&#8220; text_font=&#8220;|600|||||||&#8220; text_text_color=&#8220;#969696&#8243; custom_margin=&#8220;||0px||false|false&#8220; global_colors_info=&#8220;{}&#8220;]<\/p>\n<p>GALERIE<\/p>\n<p>[\/et_pb_text][et_pb_text _builder_version=&#8220;4.27.4&#8243; _module_preset=&#8220;default&#8220; header_2_font=&#8220;|700|||||||&#8220; header_2_font_size=&#8220;38px&#8220; width=&#8220;73%&#8220; width_tablet=&#8220;100%&#8220; width_phone=&#8220;100%&#8220; width_last_edited=&#8220;on|desktop&#8220; custom_margin=&#8220;||15px||false|false&#8220; header_2_font_size_tablet=&#8220;38px&#8220; header_2_font_size_phone=&#8220;30px&#8220; header_2_font_size_last_edited=&#8220;on|phone&#8220; global_colors_info=&#8220;{}&#8220;]<\/p>\n<h2><span class=\"txtazul\">Entdecken Sie unser Monorail-Modelle<\/span>, die in verschiedenen Projekten verwendet werden.<\/h2>\n<p>[\/et_pb_text][\/et_pb_column][et_pb_column type=&#8220;2_5&#8243; _builder_version=&#8220;4.27.4&#8243; _module_preset=&#8220;default&#8220; global_colors_info=&#8220;{}&#8220;][\/et_pb_column][\/et_pb_row][\/et_pb_section]<\/p>\n","protected":false},"excerpt":{"rendered":"<p>FBA-PRODUKTE In einigen Geb\u00e4uden, in denen der Zugang zur Dachterrasse nicht m\u00f6glich ist oder das Geb\u00e4ude eine gro\u00dfe Fl\u00e4che abdeckt (zum Beispiel Flugh\u00e4fen), k\u00f6nnen wir ein Einschienenbahnsystem (Monorail) als die geeignetste L\u00f6sung vorschlagen.Das Einschienenbahnsystem erm\u00f6glicht es verschiedenen Wartungsteams, die in unterschiedlichen Bereichen arbeiten, eine bessere Reinigungsleistung zu erzielen. Die GinD\u00ae Einschienenbahnsysteme sind so konstruiert und [&hellip;]<\/p>\n","protected":false},"author":1,"featured_media":0,"parent":0,"menu_order":0,"comment_status":"closed","ping_status":"closed","template":"","meta":{"_et_pb_use_builder":"on","_et_pb_old_content":"","_et_gb_content_width":"","inline_featured_image":false,"footnotes":""},"class_list":["post-5135","page","type-page","status-publish","hentry"],"yoast_head":"<!-- This site is optimized with the Yoast SEO plugin v26.0 - https:\/\/yoast.com\/wordpress\/plugins\/seo\/ -->\n<title>Monorra\u00edl - GIND<\/title>\n<meta name=\"robots\" content=\"noindex, follow, max-snippet:-1, max-image-preview:large, max-video-preview:-1\" \/>\n<meta property=\"og:locale\" content=\"de_DE\" \/>\n<meta property=\"og:type\" content=\"article\" \/>\n<meta property=\"og:title\" content=\"Monorra\u00edl - GIND\" \/>\n<meta property=\"og:description\" content=\"FBA-PRODUKTE In einigen Geb\u00e4uden, in denen der Zugang zur Dachterrasse nicht m\u00f6glich ist oder das Geb\u00e4ude eine gro\u00dfe Fl\u00e4che abdeckt (zum Beispiel Flugh\u00e4fen), k\u00f6nnen wir ein Einschienenbahnsystem (Monorail) als die geeignetste L\u00f6sung vorschlagen.Das Einschienenbahnsystem erm\u00f6glicht es verschiedenen Wartungsteams, die in unterschiedlichen Bereichen arbeiten, eine bessere Reinigungsleistung zu erzielen. Die GinD\u00ae Einschienenbahnsysteme sind so konstruiert und [&hellip;]\" \/>\n<meta property=\"og:url\" content=\"https:\/\/gind.ivorysoluciones.com\/de\/monorrail\/\" \/>\n<meta property=\"og:site_name\" content=\"GIND\" \/>\n<meta property=\"article:modified_time\" content=\"2025-08-25T11:40:30+00:00\" \/>\n<meta name=\"twitter:card\" content=\"summary_large_image\" \/>\n<meta name=\"twitter:label1\" content=\"Gesch\u00e4tzte Lesezeit\" \/>\n\t<meta name=\"twitter:data1\" content=\"3\u00a0Minuten\" \/>\n<script type=\"application\/ld+json\" class=\"yoast-schema-graph\">{\"@context\":\"https:\/\/schema.org\",\"@graph\":[{\"@type\":\"WebPage\",\"@id\":\"https:\/\/gind.ivorysoluciones.com\/de\/monorrail\/\",\"url\":\"https:\/\/gind.ivorysoluciones.com\/de\/monorrail\/\",\"name\":\"Monorra\u00edl - GIND\",\"isPartOf\":{\"@id\":\"https:\/\/gind.ivorysoluciones.com\/de\/#website\"},\"datePublished\":\"2025-08-25T11:39:04+00:00\",\"dateModified\":\"2025-08-25T11:40:30+00:00\",\"inLanguage\":\"de\",\"potentialAction\":[{\"@type\":\"ReadAction\",\"target\":[\"https:\/\/gind.ivorysoluciones.com\/de\/monorrail\/\"]}]},{\"@type\":\"WebSite\",\"@id\":\"https:\/\/gind.ivorysoluciones.com\/de\/#website\",\"url\":\"https:\/\/gind.ivorysoluciones.com\/de\/\",\"name\":\"GIND\",\"description\":\"\",\"publisher\":{\"@id\":\"https:\/\/gind.ivorysoluciones.com\/de\/#organization\"},\"potentialAction\":[{\"@type\":\"SearchAction\",\"target\":{\"@type\":\"EntryPoint\",\"urlTemplate\":\"https:\/\/gind.ivorysoluciones.com\/de\/?s={search_term_string}\"},\"query-input\":{\"@type\":\"PropertyValueSpecification\",\"valueRequired\":true,\"valueName\":\"search_term_string\"}}],\"inLanguage\":\"de\"},{\"@type\":\"Organization\",\"@id\":\"https:\/\/gind.ivorysoluciones.com\/de\/#organization\",\"name\":\"GIND\",\"url\":\"https:\/\/gind.ivorysoluciones.com\/de\/\",\"logo\":{\"@type\":\"ImageObject\",\"inLanguage\":\"de\",\"@id\":\"https:\/\/gind.ivorysoluciones.com\/de\/#\/schema\/logo\/image\/\",\"url\":\"https:\/\/gind.ivorysoluciones.com\/wp-content\/uploads\/2024\/11\/gind-logo.svg\",\"contentUrl\":\"https:\/\/gind.ivorysoluciones.com\/wp-content\/uploads\/2024\/11\/gind-logo.svg\",\"width\":271,\"height\":126,\"caption\":\"GIND\"},\"image\":{\"@id\":\"https:\/\/gind.ivorysoluciones.com\/de\/#\/schema\/logo\/image\/\"}}]}<\/script>\n<!-- \/ Yoast SEO plugin. -->","yoast_head_json":{"title":"Monorra\u00edl - GIND","robots":{"index":"noindex","follow":"follow","max-snippet":"max-snippet:-1","max-image-preview":"max-image-preview:large","max-video-preview":"max-video-preview:-1"},"og_locale":"de_DE","og_type":"article","og_title":"Monorra\u00edl - GIND","og_description":"FBA-PRODUKTE In einigen Geb\u00e4uden, in denen der Zugang zur Dachterrasse nicht m\u00f6glich ist oder das Geb\u00e4ude eine gro\u00dfe Fl\u00e4che abdeckt (zum Beispiel Flugh\u00e4fen), k\u00f6nnen wir ein Einschienenbahnsystem (Monorail) als die geeignetste L\u00f6sung vorschlagen.Das Einschienenbahnsystem erm\u00f6glicht es verschiedenen Wartungsteams, die in unterschiedlichen Bereichen arbeiten, eine bessere Reinigungsleistung zu erzielen. Die GinD\u00ae Einschienenbahnsysteme sind so konstruiert und [&hellip;]","og_url":"https:\/\/gind.ivorysoluciones.com\/de\/monorrail\/","og_site_name":"GIND","article_modified_time":"2025-08-25T11:40:30+00:00","twitter_card":"summary_large_image","twitter_misc":{"Gesch\u00e4tzte Lesezeit":"3\u00a0Minuten"},"schema":{"@context":"https:\/\/schema.org","@graph":[{"@type":"WebPage","@id":"https:\/\/gind.ivorysoluciones.com\/de\/monorrail\/","url":"https:\/\/gind.ivorysoluciones.com\/de\/monorrail\/","name":"Monorra\u00edl - GIND","isPartOf":{"@id":"https:\/\/gind.ivorysoluciones.com\/de\/#website"},"datePublished":"2025-08-25T11:39:04+00:00","dateModified":"2025-08-25T11:40:30+00:00","inLanguage":"de","potentialAction":[{"@type":"ReadAction","target":["https:\/\/gind.ivorysoluciones.com\/de\/monorrail\/"]}]},{"@type":"WebSite","@id":"https:\/\/gind.ivorysoluciones.com\/de\/#website","url":"https:\/\/gind.ivorysoluciones.com\/de\/","name":"GIND","description":"","publisher":{"@id":"https:\/\/gind.ivorysoluciones.com\/de\/#organization"},"potentialAction":[{"@type":"SearchAction","target":{"@type":"EntryPoint","urlTemplate":"https:\/\/gind.ivorysoluciones.com\/de\/?s={search_term_string}"},"query-input":{"@type":"PropertyValueSpecification","valueRequired":true,"valueName":"search_term_string"}}],"inLanguage":"de"},{"@type":"Organization","@id":"https:\/\/gind.ivorysoluciones.com\/de\/#organization","name":"GIND","url":"https:\/\/gind.ivorysoluciones.com\/de\/","logo":{"@type":"ImageObject","inLanguage":"de","@id":"https:\/\/gind.ivorysoluciones.com\/de\/#\/schema\/logo\/image\/","url":"https:\/\/gind.ivorysoluciones.com\/wp-content\/uploads\/2024\/11\/gind-logo.svg","contentUrl":"https:\/\/gind.ivorysoluciones.com\/wp-content\/uploads\/2024\/11\/gind-logo.svg","width":271,"height":126,"caption":"GIND"},"image":{"@id":"https:\/\/gind.ivorysoluciones.com\/de\/#\/schema\/logo\/image\/"}}]}},"_links":{"self":[{"href":"https:\/\/gind.ivorysoluciones.com\/de\/wp-json\/wp\/v2\/pages\/5135","targetHints":{"allow":["GET"]}}],"collection":[{"href":"https:\/\/gind.ivorysoluciones.com\/de\/wp-json\/wp\/v2\/pages"}],"about":[{"href":"https:\/\/gind.ivorysoluciones.com\/de\/wp-json\/wp\/v2\/types\/page"}],"author":[{"embeddable":true,"href":"https:\/\/gind.ivorysoluciones.com\/de\/wp-json\/wp\/v2\/users\/1"}],"replies":[{"embeddable":true,"href":"https:\/\/gind.ivorysoluciones.com\/de\/wp-json\/wp\/v2\/comments?post=5135"}],"version-history":[{"count":3,"href":"https:\/\/gind.ivorysoluciones.com\/de\/wp-json\/wp\/v2\/pages\/5135\/revisions"}],"predecessor-version":[{"id":5485,"href":"https:\/\/gind.ivorysoluciones.com\/de\/wp-json\/wp\/v2\/pages\/5135\/revisions\/5485"}],"wp:attachment":[{"href":"https:\/\/gind.ivorysoluciones.com\/de\/wp-json\/wp\/v2\/media?parent=5135"}],"curies":[{"name":"wp","href":"https:\/\/api.w.org\/{rel}","templated":true}]}}