{"id":5147,"date":"2025-08-25T11:49:34","date_gmt":"2025-08-25T11:49:34","guid":{"rendered":"https:\/\/gind.es\/?page_id=5147"},"modified":"2025-08-25T11:50:55","modified_gmt":"2025-08-25T11:50:55","slug":"hubtische","status":"publish","type":"page","link":"https:\/\/gind.ivorysoluciones.com\/de\/hubtische\/","title":{"rendered":"Hubtische"},"content":{"rendered":"<p>[et_pb_section fb_built=&#8220;1&#8243; module_class=&#8220;banner-soluciones&#8220; _builder_version=&#8220;4.27.4&#8243; _module_preset=&#8220;default&#8220; background_image=&#8220;https:\/\/gind.ivorysoluciones.com\/wp-content\/uploads\/2025\/06\/lifting-table-banner-gind.webp&#8220; min_height=&#8220;600px&#8220; global_colors_info=&#8220;{}&#8220;][et_pb_row column_structure=&#8220;1_2,1_2&#8243; use_custom_gutter=&#8220;on&#8220; gutter_width=&#8220;1&#8243; _builder_version=&#8220;4.27.4&#8243; _module_preset=&#8220;default&#8220; global_colors_info=&#8220;{}&#8220;][et_pb_column type=&#8220;1_2&#8243; module_class=&#8220;bordes-blancos-soluciones&#8220; _builder_version=&#8220;4.27.4&#8243; _module_preset=&#8220;default&#8220; background_color=&#8220;rgba(34,31,31,0.37)&#8220; custom_padding=&#8220;30px|35px|40px|35px|false|true&#8220; border_radii=&#8220;on|10px|10px|10px|10px&#8220; global_colors_info=&#8220;{}&#8220;][et_pb_text _builder_version=&#8220;4.27.4&#8243; _module_preset=&#8220;default&#8220; text_font=&#8220;|600|||||||&#8220; text_text_color=&#8220;#FFFFFF&#8220; custom_margin=&#8220;||10px||false|false&#8220; global_colors_info=&#8220;{}&#8220;]<\/p>\n<div class=\"et_pb_module et_pb_text et_pb_text_0  et_pb_text_align_left et_pb_bg_layout_light\">\n<div class=\"et_pb_text_inner\">\n<div class=\"et_pb_module et_pb_text et_pb_text_0  et_pb_text_align_left et_pb_bg_layout_light\">\n<div class=\"et_pb_text_inner\">\n<div class=\"et_pb_module et_pb_text et_pb_text_0  et_pb_text_align_left et_pb_bg_layout_light\">\n<div class=\"et_pb_text_inner\">\n<p>FBA-PRODUKTE<\/p>\n<\/div>\n<\/div>\n<\/div>\n<\/div>\n<div class=\"et_pb_module et_pb_heading et_pb_heading_0 et_pb_bg_layout_\">\n<div class=\"et_pb_heading_container\"><\/div>\n<\/div>\n<\/div>\n<\/div>\n<div class=\"et_pb_module et_pb_heading et_pb_heading_0 et_pb_bg_layout_\">\n<div class=\"et_pb_heading_container\"><\/div>\n<\/div>\n<p>[\/et_pb_text][et_pb_heading title=&#8220;GinD\u00ae Hubtische&#8220; _builder_version=&#8220;4.27.4&#8243; _module_preset=&#8220;default&#8220; title_font=&#8220;||||||||&#8220; title_text_color=&#8220;#FFFFFF&#8220; title_font_size=&#8220;46px&#8220; custom_margin=&#8220;||10px||false|false&#8220; custom_padding=&#8220;||||false|false&#8220; title_font_size_tablet=&#8220;46px&#8220; title_font_size_phone=&#8220;36px&#8220; title_font_size_last_edited=&#8220;on|phone&#8220; global_colors_info=&#8220;{}&#8220;][\/et_pb_heading][et_pb_text _builder_version=&#8220;4.27.4&#8243; _module_preset=&#8220;default&#8220; text_text_color=&#8220;#FFFFFF&#8220; text_font_size=&#8220;18px&#8220; global_colors_info=&#8220;{}&#8220;]<\/p>\n<p>Hubtische sind daf\u00fcr konzipiert, schwere Lasten sicher und effizient anzuheben und abzusenken, in diesem Fall die Gondel selbst.<\/p>\n<p>[\/et_pb_text][\/et_pb_column][et_pb_column type=&#8220;1_2&#8243; _builder_version=&#8220;4.27.4&#8243; _module_preset=&#8220;default&#8220; global_colors_info=&#8220;{}&#8220;][\/et_pb_column][\/et_pb_row][\/et_pb_section][et_pb_section fb_built=&#8220;1&#8243; _builder_version=&#8220;4.27.4&#8243; _module_preset=&#8220;default&#8220; global_colors_info=&#8220;{}&#8220;][et_pb_row column_structure=&#8220;1_2,1_2&#8243; make_equal=&#8220;on&#8220; _builder_version=&#8220;4.27.4&#8243; _module_preset=&#8220;default&#8220; global_colors_info=&#8220;{}&#8220;][et_pb_column type=&#8220;1_2&#8243; _builder_version=&#8220;4.27.4&#8243; _module_preset=&#8220;default&#8220; custom_padding=&#8220;2rem||||false|false&#8220; custom_padding_tablet=&#8220;0rem||||false|false&#8220; custom_padding_phone=&#8220;0rem||||false|false&#8220; custom_padding_last_edited=&#8220;on|tablet&#8220; global_colors_info=&#8220;{}&#8220;][et_pb_heading title=&#8220;Hubtische&#8220; module_class=&#8220;bordes-azules-tables&#8220; _builder_version=&#8220;4.27.4&#8243; _module_preset=&#8220;default&#8220; title_level=&#8220;h2&#8243; title_font=&#8220;|700|||||||&#8220; title_text_align=&#8220;left&#8220; title_font_size=&#8220;42px&#8220; custom_margin=&#8220;||||false|false&#8220; custom_padding=&#8220;|||1.5rem|false|false&#8220; title_font_size_tablet=&#8220;42px&#8220; title_font_size_phone=&#8220;32px&#8220; title_font_size_last_edited=&#8220;on|phone&#8220; global_colors_info=&#8220;{}&#8220;][\/et_pb_heading][\/et_pb_column][et_pb_column type=&#8220;1_2&#8243; _builder_version=&#8220;4.27.4&#8243; _module_preset=&#8220;default&#8220; global_colors_info=&#8220;{}&#8220;][et_pb_text _builder_version=&#8220;4.27.4&#8243; _module_preset=&#8220;default&#8220; text_font_size=&#8220;18px&#8220; width=&#8220;84%&#8220; width_tablet=&#8220;100%&#8220; width_phone=&#8220;100%&#8220; width_last_edited=&#8220;on|tablet&#8220; global_colors_info=&#8220;{}&#8220;]<\/p>\n<p>Normalerweise werden diese Systeme verwendet, wenn die FBA nicht auf dem Dach sichtbar sein soll, oder wenn die FBA an einem Ort geparkt werden soll, der innerhalb vom Geb\u00e4ude liegt bzw. viel tiefer als die eigentliche Fahrschiene (Betriebsort).<\/p>\n<p>[\/et_pb_text][\/et_pb_column][\/et_pb_row][et_pb_row column_structure=&#8220;3_5,2_5&#8243; _builder_version=&#8220;4.27.4&#8243; _module_preset=&#8220;default&#8220; global_colors_info=&#8220;{}&#8220;][et_pb_column type=&#8220;3_5&#8243; module_class=&#8220;margin-bottom-columna&#8220; _builder_version=&#8220;4.27.4&#8243; _module_preset=&#8220;default&#8220; global_colors_info=&#8220;{}&#8220;][et_pb_text _builder_version=&#8220;4.27.4&#8243; _module_preset=&#8220;default&#8220; text_font=&#8220;|600|||||||&#8220; text_text_color=&#8220;#969696&#8243; custom_margin=&#8220;||0px||false|false&#8220; global_colors_info=&#8220;{}&#8220;]<\/p>\n<p>Kundenspezifische Optionen<\/p>\n<p>[\/et_pb_text][et_pb_text _builder_version=&#8220;4.27.4&#8243; _module_preset=&#8220;default&#8220; header_2_font=&#8220;|700|||||||&#8220; header_2_font_size=&#8220;38px&#8220; width=&#8220;100%&#8220; width_tablet=&#8220;100%&#8220; width_phone=&#8220;100%&#8220; width_last_edited=&#8220;on|desktop&#8220; custom_margin=&#8220;||15px||false|false&#8220; header_2_font_size_tablet=&#8220;38px&#8220; header_2_font_size_phone=&#8220;30px&#8220; header_2_font_size_last_edited=&#8220;on|phone&#8220; global_colors_info=&#8220;{}&#8220;]<\/p>\n<h2>Weitere Optionen k\u00f6nnen <span class=\"txtazul\">auf Anfrage hinzugef\u00fcgt werden<\/span>.<\/h2>\n<p>[\/et_pb_text][\/et_pb_column][et_pb_column type=&#8220;2_5&#8243; _builder_version=&#8220;4.27.4&#8243; _module_preset=&#8220;default&#8220; global_colors_info=&#8220;{}&#8220;][\/et_pb_column][\/et_pb_row][et_pb_row column_structure=&#8220;1_2,1_2&#8243; use_custom_gutter=&#8220;on&#8220; gutter_width=&#8220;2&#8243; make_equal=&#8220;on&#8220; _builder_version=&#8220;4.27.4&#8243; _module_preset=&#8220;default&#8220; custom_margin=&#8220;0px||0px||true|false&#8220; custom_padding=&#8220;0px||0px||true|false&#8220; global_colors_info=&#8220;{}&#8220;][et_pb_column type=&#8220;1_2&#8243; module_class=&#8220;margin-bottom-columna&#8220; _builder_version=&#8220;4.27.4&#8243; _module_preset=&#8220;default&#8220; global_colors_info=&#8220;{}&#8220;][et_pb_blurb image_icon_background_color=&#8220;#FFFFFF&#8220; image=&#8220;https:\/\/gind.ivorysoluciones.com\/wp-content\/uploads\/2024\/12\/gind-circulo.svg&#8220; alt=&#8220;GIND&#8220; icon_placement=&#8220;left&#8220; image_icon_width=&#8220;20px&#8220; content_max_width=&#8220;100%&#8220; _builder_version=&#8220;4.27.4&#8243; _module_preset=&#8220;default&#8220; body_line_height=&#8220;1.2em&#8220; background_color=&#8220;#ccebf3&#8243; width_tablet=&#8220;100%&#8220; width_phone=&#8220;100%&#8220; width_last_edited=&#8220;on|tablet&#8220; module_alignment=&#8220;left&#8220; custom_margin=&#8220;||15px||false|false&#8220; custom_padding=&#8220;2rem|1.25rem|2rem|1.25rem|true|true&#8220; border_radii=&#8220;on|10px|10px|10px|10px&#8220; border_radii_image=&#8220;on|20px|20px|20px|20px&#8220; locked=&#8220;off&#8220; global_colors_info=&#8220;{}&#8220;]<\/p>\n<p><strong>Plattformgr\u00f6\u00dfe<\/strong>: Wir bieten verschiedene Abmessungen an, die das Anheben von Lasten unterschiedlicher Formen und Gr\u00f6\u00dfen erm\u00f6glichen.<\/p>\n<\/p>\n<p>[\/et_pb_blurb][et_pb_blurb image_icon_background_color=&#8220;#FFFFFF&#8220; image=&#8220;https:\/\/gind.ivorysoluciones.com\/wp-content\/uploads\/2024\/12\/gind-circulo.svg&#8220; alt=&#8220;GIND&#8220; icon_placement=&#8220;left&#8220; image_icon_width=&#8220;20px&#8220; content_max_width=&#8220;100%&#8220; _builder_version=&#8220;4.27.4&#8243; _module_preset=&#8220;default&#8220; body_line_height=&#8220;1.2em&#8220; background_color=&#8220;#ccebf3&#8243; width_tablet=&#8220;100%&#8220; width_phone=&#8220;100%&#8220; width_last_edited=&#8220;on|tablet&#8220; module_alignment=&#8220;left&#8220; custom_margin=&#8220;||15px||false|false&#8220; custom_padding=&#8220;2rem|1.25rem|2rem|1.25rem|true|true&#8220; border_radii=&#8220;on|10px|10px|10px|10px&#8220; border_radii_image=&#8220;on|20px|20px|20px|20px&#8220; locked=&#8220;off&#8220; global_colors_info=&#8220;{}&#8220;]<\/p>\n<p><strong>Hebeh\u00f6he<\/strong>: Hubtische k\u00f6nnen so konfiguriert werden, dass sie verschiedene H\u00f6hen erreichen, von Standardmodellen bis zu ma\u00dfgeschneiderten Optionen, die bis zu 10 Meter reichen.<\/p>\n<p>[\/et_pb_blurb][\/et_pb_column][et_pb_column type=&#8220;1_2&#8243; module_class=&#8220;centrar-columna&#8220; _builder_version=&#8220;4.27.4&#8243; _module_preset=&#8220;default&#8220; global_colors_info=&#8220;{}&#8220;][et_pb_blurb image_icon_background_color=&#8220;#FFFFFF&#8220; image=&#8220;https:\/\/gind.ivorysoluciones.com\/wp-content\/uploads\/2024\/12\/gind-circulo.svg&#8220; alt=&#8220;GIND&#8220; icon_placement=&#8220;left&#8220; image_icon_width=&#8220;20px&#8220; content_max_width=&#8220;100%&#8220; _builder_version=&#8220;4.27.4&#8243; _module_preset=&#8220;default&#8220; body_line_height=&#8220;1.2em&#8220; background_color=&#8220;#ccebf3&#8243; width_tablet=&#8220;100%&#8220; width_phone=&#8220;100%&#8220; width_last_edited=&#8220;on|tablet&#8220; module_alignment=&#8220;left&#8220; custom_margin=&#8220;||15px||false|false&#8220; custom_padding=&#8220;2rem|1.25rem|2rem|1.25rem|true|true&#8220; border_radii=&#8220;on|10px|10px|10px|10px&#8220; border_radii_image=&#8220;on|20px|20px|20px|20px&#8220; locked=&#8220;off&#8220; global_colors_info=&#8220;{}&#8220;]<\/p>\n<p><strong>Stabilit\u00e4t und Unterst\u00fctzung<\/strong>: Tische k\u00f6nnen mit zus\u00e4tzlichen Unterst\u00fctzungssystemen wie Stabilatoren und Handl\u00e4ufen ausgestattet werden, um die Sicherheit w\u00e4hrend der Benutzung zu gew\u00e4hrleisten.<\/p>\n<p>[\/et_pb_blurb][et_pb_blurb image_icon_background_color=&#8220;#FFFFFF&#8220; image=&#8220;https:\/\/gind.ivorysoluciones.com\/wp-content\/uploads\/2024\/12\/gind-circulo.svg&#8220; alt=&#8220;GIND&#8220; icon_placement=&#8220;left&#8220; image_icon_width=&#8220;20px&#8220; content_max_width=&#8220;100%&#8220; _builder_version=&#8220;4.27.4&#8243; _module_preset=&#8220;default&#8220; body_line_height=&#8220;1.2em&#8220; background_color=&#8220;#ccebf3&#8243; width_tablet=&#8220;100%&#8220; width_phone=&#8220;100%&#8220; width_last_edited=&#8220;on|tablet&#8220; module_alignment=&#8220;left&#8220; custom_margin=&#8220;||15px||false|false&#8220; custom_padding=&#8220;2rem|1.25rem|2rem|1.25rem|true|true&#8220; border_radii=&#8220;on|10px|10px|10px|10px&#8220; border_radii_image=&#8220;on|20px|20px|20px|20px&#8220; locked=&#8220;off&#8220; global_colors_info=&#8220;{}&#8220;]<\/p>\n<p><strong>Tragf\u00e4higkeiten<\/strong>: Unsere Hubtische sind mit Tragf\u00e4higkeiten von bis zu 100 Tonnen erh\u00e4ltlich, was ihre Verwendung f\u00fcr eine Vielzahl von FBAs erm\u00f6glicht.<\/p>\n<\/p>\n<p>[\/et_pb_blurb][\/et_pb_column][\/et_pb_row][et_pb_row use_custom_gutter=&#8220;on&#8220; gutter_width=&#8220;2&#8243; make_equal=&#8220;on&#8220; _builder_version=&#8220;4.27.4&#8243; _module_preset=&#8220;default&#8220; custom_margin=&#8220;||0px||false|false&#8220; custom_padding=&#8220;||0px||false|false&#8220; global_colors_info=&#8220;{}&#8220;][et_pb_column type=&#8220;4_4&#8243; module_class=&#8220;centrar-columna&#8220; _builder_version=&#8220;4.27.4&#8243; _module_preset=&#8220;default&#8220; global_colors_info=&#8220;{}&#8220;][et_pb_code _builder_version=&#8220;4.27.4&#8243; _module_preset=&#8220;default&#8220; border_radii=&#8220;on|20px|20px|20px|20px&#8220; global_colors_info=&#8220;{}&#8220;]<iframe loading=\"lazy\" src=\"https:\/\/player.vimeo.com\/video\/1039639409?muted=1&#038;autoplay=1&#038;loop=1\" frameborder=\"0\" allow=\"autoplay; fullscreen; picture-in-picture; clipboard-write; encrypted-media\" width=\"650\" height=\"360\" style=\"position:absolute;top:0;left:0;width:100%;height:100%;\"><\/iframe><script src=\"https:\/\/player.vimeo.com\/api\/player.js\"><\/script><!-- [et_pb_line_break_holder] -->[\/et_pb_code][\/et_pb_column][\/et_pb_row][\/et_pb_section]<\/p>\n","protected":false},"excerpt":{"rendered":"<p>FBA-PRODUKTE Hubtische sind daf\u00fcr konzipiert, schwere Lasten sicher und effizient anzuheben und abzusenken, in diesem Fall die Gondel selbst.Normalerweise werden diese Systeme verwendet, wenn die FBA nicht auf dem Dach sichtbar sein soll, oder wenn die FBA an einem Ort geparkt werden soll, der innerhalb vom Geb\u00e4ude liegt bzw. viel tiefer als die eigentliche Fahrschiene [&hellip;]<\/p>\n","protected":false},"author":1,"featured_media":0,"parent":0,"menu_order":0,"comment_status":"closed","ping_status":"closed","template":"","meta":{"_et_pb_use_builder":"on","_et_pb_old_content":"","_et_gb_content_width":"","inline_featured_image":false,"footnotes":""},"class_list":["post-5147","page","type-page","status-publish","hentry"],"yoast_head":"<!-- This site is optimized with the Yoast SEO plugin v26.0 - https:\/\/yoast.com\/wordpress\/plugins\/seo\/ -->\n<title>Hubtische - GIND<\/title>\n<meta name=\"robots\" content=\"noindex, follow, max-snippet:-1, max-image-preview:large, max-video-preview:-1\" \/>\n<meta property=\"og:locale\" content=\"de_DE\" \/>\n<meta property=\"og:type\" content=\"article\" \/>\n<meta property=\"og:title\" content=\"Hubtische - GIND\" \/>\n<meta property=\"og:description\" content=\"FBA-PRODUKTE Hubtische sind daf\u00fcr konzipiert, schwere Lasten sicher und effizient anzuheben und abzusenken, in diesem Fall die Gondel selbst.Normalerweise werden diese Systeme verwendet, wenn die FBA nicht auf dem Dach sichtbar sein soll, oder wenn die FBA an einem Ort geparkt werden soll, der innerhalb vom Geb\u00e4ude liegt bzw. viel tiefer als die eigentliche Fahrschiene [&hellip;]\" \/>\n<meta property=\"og:url\" content=\"https:\/\/gind.ivorysoluciones.com\/de\/hubtische\/\" \/>\n<meta property=\"og:site_name\" content=\"GIND\" \/>\n<meta property=\"article:modified_time\" content=\"2025-08-25T11:50:55+00:00\" \/>\n<meta name=\"twitter:card\" content=\"summary_large_image\" \/>\n<meta name=\"twitter:label1\" content=\"Gesch\u00e4tzte Lesezeit\" \/>\n\t<meta name=\"twitter:data1\" content=\"2\u00a0Minuten\" \/>\n<script type=\"application\/ld+json\" class=\"yoast-schema-graph\">{\"@context\":\"https:\/\/schema.org\",\"@graph\":[{\"@type\":\"WebPage\",\"@id\":\"https:\/\/gind.ivorysoluciones.com\/de\/hubtische\/\",\"url\":\"https:\/\/gind.ivorysoluciones.com\/de\/hubtische\/\",\"name\":\"Hubtische - GIND\",\"isPartOf\":{\"@id\":\"https:\/\/gind.ivorysoluciones.com\/de\/#website\"},\"datePublished\":\"2025-08-25T11:49:34+00:00\",\"dateModified\":\"2025-08-25T11:50:55+00:00\",\"inLanguage\":\"de\",\"potentialAction\":[{\"@type\":\"ReadAction\",\"target\":[\"https:\/\/gind.ivorysoluciones.com\/de\/hubtische\/\"]}]},{\"@type\":\"WebSite\",\"@id\":\"https:\/\/gind.ivorysoluciones.com\/de\/#website\",\"url\":\"https:\/\/gind.ivorysoluciones.com\/de\/\",\"name\":\"GIND\",\"description\":\"\",\"publisher\":{\"@id\":\"https:\/\/gind.ivorysoluciones.com\/de\/#organization\"},\"potentialAction\":[{\"@type\":\"SearchAction\",\"target\":{\"@type\":\"EntryPoint\",\"urlTemplate\":\"https:\/\/gind.ivorysoluciones.com\/de\/?s={search_term_string}\"},\"query-input\":{\"@type\":\"PropertyValueSpecification\",\"valueRequired\":true,\"valueName\":\"search_term_string\"}}],\"inLanguage\":\"de\"},{\"@type\":\"Organization\",\"@id\":\"https:\/\/gind.ivorysoluciones.com\/de\/#organization\",\"name\":\"GIND\",\"url\":\"https:\/\/gind.ivorysoluciones.com\/de\/\",\"logo\":{\"@type\":\"ImageObject\",\"inLanguage\":\"de\",\"@id\":\"https:\/\/gind.ivorysoluciones.com\/de\/#\/schema\/logo\/image\/\",\"url\":\"https:\/\/gind.ivorysoluciones.com\/wp-content\/uploads\/2024\/11\/gind-logo.svg\",\"contentUrl\":\"https:\/\/gind.ivorysoluciones.com\/wp-content\/uploads\/2024\/11\/gind-logo.svg\",\"width\":271,\"height\":126,\"caption\":\"GIND\"},\"image\":{\"@id\":\"https:\/\/gind.ivorysoluciones.com\/de\/#\/schema\/logo\/image\/\"}}]}<\/script>\n<!-- \/ Yoast SEO plugin. -->","yoast_head_json":{"title":"Hubtische - GIND","robots":{"index":"noindex","follow":"follow","max-snippet":"max-snippet:-1","max-image-preview":"max-image-preview:large","max-video-preview":"max-video-preview:-1"},"og_locale":"de_DE","og_type":"article","og_title":"Hubtische - GIND","og_description":"FBA-PRODUKTE Hubtische sind daf\u00fcr konzipiert, schwere Lasten sicher und effizient anzuheben und abzusenken, in diesem Fall die Gondel selbst.Normalerweise werden diese Systeme verwendet, wenn die FBA nicht auf dem Dach sichtbar sein soll, oder wenn die FBA an einem Ort geparkt werden soll, der innerhalb vom Geb\u00e4ude liegt bzw. viel tiefer als die eigentliche Fahrschiene [&hellip;]","og_url":"https:\/\/gind.ivorysoluciones.com\/de\/hubtische\/","og_site_name":"GIND","article_modified_time":"2025-08-25T11:50:55+00:00","twitter_card":"summary_large_image","twitter_misc":{"Gesch\u00e4tzte Lesezeit":"2\u00a0Minuten"},"schema":{"@context":"https:\/\/schema.org","@graph":[{"@type":"WebPage","@id":"https:\/\/gind.ivorysoluciones.com\/de\/hubtische\/","url":"https:\/\/gind.ivorysoluciones.com\/de\/hubtische\/","name":"Hubtische - GIND","isPartOf":{"@id":"https:\/\/gind.ivorysoluciones.com\/de\/#website"},"datePublished":"2025-08-25T11:49:34+00:00","dateModified":"2025-08-25T11:50:55+00:00","inLanguage":"de","potentialAction":[{"@type":"ReadAction","target":["https:\/\/gind.ivorysoluciones.com\/de\/hubtische\/"]}]},{"@type":"WebSite","@id":"https:\/\/gind.ivorysoluciones.com\/de\/#website","url":"https:\/\/gind.ivorysoluciones.com\/de\/","name":"GIND","description":"","publisher":{"@id":"https:\/\/gind.ivorysoluciones.com\/de\/#organization"},"potentialAction":[{"@type":"SearchAction","target":{"@type":"EntryPoint","urlTemplate":"https:\/\/gind.ivorysoluciones.com\/de\/?s={search_term_string}"},"query-input":{"@type":"PropertyValueSpecification","valueRequired":true,"valueName":"search_term_string"}}],"inLanguage":"de"},{"@type":"Organization","@id":"https:\/\/gind.ivorysoluciones.com\/de\/#organization","name":"GIND","url":"https:\/\/gind.ivorysoluciones.com\/de\/","logo":{"@type":"ImageObject","inLanguage":"de","@id":"https:\/\/gind.ivorysoluciones.com\/de\/#\/schema\/logo\/image\/","url":"https:\/\/gind.ivorysoluciones.com\/wp-content\/uploads\/2024\/11\/gind-logo.svg","contentUrl":"https:\/\/gind.ivorysoluciones.com\/wp-content\/uploads\/2024\/11\/gind-logo.svg","width":271,"height":126,"caption":"GIND"},"image":{"@id":"https:\/\/gind.ivorysoluciones.com\/de\/#\/schema\/logo\/image\/"}}]}},"_links":{"self":[{"href":"https:\/\/gind.ivorysoluciones.com\/de\/wp-json\/wp\/v2\/pages\/5147","targetHints":{"allow":["GET"]}}],"collection":[{"href":"https:\/\/gind.ivorysoluciones.com\/de\/wp-json\/wp\/v2\/pages"}],"about":[{"href":"https:\/\/gind.ivorysoluciones.com\/de\/wp-json\/wp\/v2\/types\/page"}],"author":[{"embeddable":true,"href":"https:\/\/gind.ivorysoluciones.com\/de\/wp-json\/wp\/v2\/users\/1"}],"replies":[{"embeddable":true,"href":"https:\/\/gind.ivorysoluciones.com\/de\/wp-json\/wp\/v2\/comments?post=5147"}],"version-history":[{"count":6,"href":"https:\/\/gind.ivorysoluciones.com\/de\/wp-json\/wp\/v2\/pages\/5147\/revisions"}],"predecessor-version":[{"id":5491,"href":"https:\/\/gind.ivorysoluciones.com\/de\/wp-json\/wp\/v2\/pages\/5147\/revisions\/5491"}],"wp:attachment":[{"href":"https:\/\/gind.ivorysoluciones.com\/de\/wp-json\/wp\/v2\/media?parent=5147"}],"curies":[{"name":"wp","href":"https:\/\/api.w.org\/{rel}","templated":true}]}}