{"id":5300,"date":"2025-08-26T07:29:53","date_gmt":"2025-08-26T07:29:53","guid":{"rendered":"https:\/\/gind.es\/?page_id=5300"},"modified":"2025-08-26T07:31:03","modified_gmt":"2025-08-26T07:31:03","slug":"datenschutzerklaerung","status":"publish","type":"page","link":"https:\/\/gind.ivorysoluciones.com\/de\/datenschutzerklaerung\/","title":{"rendered":"Datenschutzerkl\u00e4rung"},"content":{"rendered":"\r\n<p style=\"font-size:14px\">Gem\u00e4\u00df den Bestimmungen der Vorschriften zum Schutz personenbezogener Daten informieren wir Sie dar\u00fcber, dass Sie Ihre personenbezogenen Daten dem Datenverantwortlichen zur Verf\u00fcgung stellen: GONDOLAS IN DESIGN SLU, mit Sitz in Calle Bah\u00eda de Pollensa 11, 2\u00baA, 28042 Madrid, und E-Mail-Adresse info@gind.es.<\/p>\r\n\r\n\r\n\r\n<h2 class=\"wp-block-heading\" style=\"font-size:22px\">1. Zweck der Verarbeitungdel tratamiento<\/h2>\r\n\r\n\r\n\r\n<p style=\"font-size:14px\">Erhoben werden ausschlie\u00dflich die Daten, die im Kontaktformular angegeben sind, sowie diejenigen, die Sie im Abschnitt \u201eKommentare\u201c angeben.<\/p>\r\n\r\n\r\n\r\n<p style=\"font-size:14px\">GONDOLAS IN DESIGN kann Ihre personenbezogenen Daten zu folgenden Zwecken verarbeiten:<\/p>\r\n\r\n\r\n\r\n<ul style=\"font-size:14px\" class=\"wp-block-list\">\r\n<li>Verwaltung Ihrer Navigation auf der Website.<\/li>\r\n\r\n\r\n\r\n<li>Verwaltung des Kundenservices zur Beantwortung von Fragen, Beschwerden, Kommentaren oder Anliegen in Bezug auf die auf der Website enthaltenen Informationen sowie andere Anfragen Ihrerseits.<\/li>\r\n\r\n\r\n\r\n<li>Verarbeitung Ihrer Daten zu kommerziellen Zwecken, sofern Sie in die entsprechende Datenverarbeitung eingewilligt haben. Um uns Ihre Zustimmung zum Erhalt von Informationen \u00fcber unsere Dienstleistungen zu erteilen, m\u00fcssen Sie das K\u00e4stchen \u201eJa, ich m\u00f6chte kommerzielle Informationen erhalten\u201c ankreuzen. Andernfalls d\u00fcrfen wir Ihre Daten nicht zu diesem Zweck verwenden.<\/li>\r\n\r\n\r\n\r\n<li>Verwaltung der Erf\u00fcllung, Aufrechterhaltung, Entwicklung und Kontrolle jeder Beziehung, die GONDOLAS IN DESIGN mit Ihnen eingeht.<\/li>\r\n<\/ul>\r\n\r\n\r\n\r\n<p style=\"font-size:14px\">Die Nichtbereitstellung bestimmter als obligatorisch gekennzeichneter Informationen kann dazu f\u00fchren, dass Ihre Anfrage \u00fcber das Kontaktformular nicht bearbeitet werden kann.<\/p>\r\n\r\n\r\n\r\n<p style=\"font-size:14px\">Wenn Sie uns personenbezogene Daten Dritter zur Verf\u00fcgung stellen, sind Sie daf\u00fcr verantwortlich, diese \u00fcber die in den entsprechenden Abschnitten dieser Datenschutz- und Cookie-Richtlinie genannten Zwecke informiert zu haben und deren Zustimmung eingeholt zu haben.<\/p>\r\n\r\n\r\n\r\n<h2 class=\"wp-block-heading\" style=\"font-size:22px\">2. Rechtsgrundlage der Verarbeitung<\/h2>\r\n\r\n\r\n\r\n<p style=\"font-size:14px\">Die Rechtsgrundlage beruht auf Ihrer Einwilligung, die Sie durch Anklicken des Buttons \u201eICH AKZEPTIERE DIE DATENSCHUTZERKL\u00c4RUNG\u201c erteilen.<\/p>\r\n\r\n\r\n\r\n<h2 class=\"wp-block-heading\" style=\"font-size:22px\">3. Empf\u00e4nger von Daten\u00fcbermittlungen<\/h2>\r\n\r\n\r\n\r\n<p style=\"font-size:14px\">Wir geben Ihre Daten nicht an Dritte weiter, es sei denn, wir sind gesetzlich dazu verpflichtet.<\/p>\r\n\r\n\r\n\r\n<h2 class=\"wp-block-heading\" style=\"font-size:22px\">4. Rechte<\/h2>\r\n\r\n\r\n\r\n<p style=\"font-size:14px\">Abschlie\u00dfend informieren wir Sie \u00fcber Ihre Rechte in Bezug auf den Datenschutz:<\/p>\r\n\r\n\r\n\r\n<p style=\"font-size:14px\">\u2013 Recht auf Auskunft \u00fcber Ihre personenbezogenen Daten.<br>\u2013 Recht auf Berichtigung oder L\u00f6schung (\u201eRecht auf Vergessenwerden\u201c).<br>\u2013 Recht auf Einschr\u00e4nkung der Verarbeitung sowie Widerspruch gegen die Verarbeitung.<br>\u2013 Recht auf Daten\u00fcbertragbarkeit.<br>\u2013 Recht auf Widerruf der Einwilligung.<\/p>\r\n\r\n\r\n\r\n<p style=\"font-size:14px\">Zur Aus\u00fcbung Ihrer Rechte gen\u00fcgt ein schriftlicher Antrag unter Beif\u00fcgung einer Kopie Ihres Personalausweises.<\/p>\r\n\r\n\r\n\r\n<p style=\"font-size:14px\">GONDOLAS IN DESIGN stellt Ihnen daf\u00fcr geeignete Formulare zur Verf\u00fcgung. Sie m\u00fcssen diese lediglich anfordern oder Ihren eigenen schriftlichen Antrag an info@gind.es senden.<\/p>\r\n\r\n\r\n\r\n<h2 class=\"wp-block-heading\" style=\"font-size:22px\">5. Sicherheitsma\u00dfnahmen<\/h2>\r\n\r\n\r\n\r\n<p style=\"font-size:14px\">GONDOLAS IN DESIGN hat die erforderlichen technischen und organisatorischen Ma\u00dfnahmen ergriffen, um die Sicherheit Ihrer personenbezogenen Daten zu gew\u00e4hrleisten und deren Ver\u00e4nderung, Verlust sowie unbefugte Verarbeitung und\/oder Zugriff zu verhindern, unter Ber\u00fccksichtigung des Stands der Technik, der Art der gespeicherten Daten und der Risiken, denen sie durch menschliches Handeln oder die physische und nat\u00fcrliche Umgebung ausgesetzt sind.<\/p>\r\n\r\n\r\n\r\n<div style=\"height:34px\" aria-hidden=\"true\" class=\"wp-block-spacer\"><\/div>\r\n","protected":false},"excerpt":{"rendered":"<p>Gem\u00e4\u00df den Bestimmungen der Vorschriften zum Schutz personenbezogener Daten informieren wir Sie dar\u00fcber, dass Sie Ihre personenbezogenen Daten dem Datenverantwortlichen zur Verf\u00fcgung stellen: GONDOLAS IN DESIGN SLU, mit Sitz in Calle Bah\u00eda de Pollensa 11, 2\u00baA, 28042 Madrid, und E-Mail-Adresse info@gind.es. 1. Zweck der Verarbeitungdel tratamiento Erhoben werden ausschlie\u00dflich die Daten, die im Kontaktformular angegeben [&hellip;]<\/p>\n","protected":false},"author":1,"featured_media":0,"parent":0,"menu_order":0,"comment_status":"closed","ping_status":"closed","template":"","meta":{"_et_pb_use_builder":"off","_et_pb_old_content":"<!-- wp:paragraph {\"style\":{\"typography\":{\"fontSize\":\"14px\"}}} -->\r\n<p style=\"font-size:14px\">De acuerdo con lo establecido por la normativa de Protecci\u00f3n de Datos de Car\u00e1cter Personal, le informamos que est\u00e1 facilitando sus datos de car\u00e1cter personal al Responsable de Tratamiento: GONDOLAS IN DESIGN SLU con direcci\u00f3n en Calle Bah\u00eda de Pollensa 11, 2\u00baA. 28042 Madrid y correo electr\u00f3nico info@gind.es.<\/p>\r\n<!-- \/wp:paragraph -->\r\n\r\n<!-- wp:heading {\"style\":{\"typography\":{\"fontSize\":\"22px\"}}} -->\r\n<h2 class=\"wp-block-heading\" style=\"font-size:22px\">1. Finalidad del tratamiento<\/h2>\r\n<!-- \/wp:heading -->\r\n\r\n<!-- wp:paragraph {\"style\":{\"typography\":{\"fontSize\":\"14px\"}}} -->\r\n<p style=\"font-size:14px\">Los datos recopilados ser\u00e1n \u00fanicamente los detallados en el formulario de contacto, as\u00ed como aquellos que usted mismo nos facilite en el apartado \u201cComentarios\u201d.<\/p>\r\n<!-- \/wp:paragraph -->\r\n\r\n<!-- wp:paragraph {\"style\":{\"typography\":{\"fontSize\":\"14px\"}}} -->\r\n<p style=\"font-size:14px\">GONDOLAS IN DESIGN podr\u00e1 tratar sus datos de car\u00e1cter personal de acuerdo con las siguientes finalidades:<\/p>\r\n<!-- \/wp:paragraph -->\r\n\r\n<!-- wp:list {\"style\":{\"typography\":{\"fontSize\":\"14px\"}}} -->\r\n<ul style=\"font-size:14px\" class=\"wp-block-list\"><!-- wp:list-item -->\r\n<li>Gestionar su navegaci\u00f3n a trav\u00e9s del Sitio Web.<\/li>\r\n<!-- \/wp:list-item -->\r\n\r\n<!-- wp:list-item -->\r\n<li>Gestionar el servicio de Atenci\u00f3n al Cliente, para dar respuesta a las dudas, quejas, comentarios o inquietudes que pueda tener relativas a la informaci\u00f3n incluida en el Sitio Web, as\u00ed como cualesquiera otras consultas que pueda tener.<\/li>\r\n<!-- \/wp:list-item -->\r\n\r\n<!-- wp:list-item -->\r\n<li>Tratar sus datos con fines comerciales, siempre que haya consentido el pertinente tratamiento de datos personales. Para darnos consentimiento para enviarle informaci\u00f3n sobre nuestros servicios, tendr\u00e1 que marcar la casilla \u201cS\u00ed, deseo recibir informaci\u00f3n comercial\u201d. De lo contrario, no podremos utilizar sus datos personales con este fin.<\/li>\r\n<!-- \/wp:list-item -->\r\n\r\n<!-- wp:list-item -->\r\n<li>Gestionar el cumplimiento, mantenimiento, desarrollo y control de cualesquiera relaciones que GONDOLAS IN DESIGN mantenga con usted.<\/li>\r\n<!-- \/wp:list-item --><\/ul>\r\n<!-- \/wp:list -->\r\n\r\n<!-- wp:paragraph {\"style\":{\"typography\":{\"fontSize\":\"14px\"}}} -->\r\n<p style=\"font-size:14px\">El hecho de no facilitar cierta informaci\u00f3n se\u00f1alada como obligatoria, puede conllevar que no sea posible gestionar su petici\u00f3n a trav\u00e9s del formulario de contacto.<\/p>\r\n<!-- \/wp:paragraph -->\r\n\r\n<!-- wp:paragraph {\"style\":{\"typography\":{\"fontSize\":\"14px\"}}} -->\r\n<p style=\"font-size:14px\">En el caso de que nos aporte Datos Personales de terceros, usted se responsabiliza de haber informado y haber obtenido el consentimiento de estos para ser aportados con las finalidades indicadas en los apartados correspondientes de la presente Pol\u00edtica de Privacidad y Cookies.<\/p>\r\n<!-- \/wp:paragraph -->\r\n\r\n<!-- wp:heading {\"style\":{\"typography\":{\"fontSize\":\"22px\"}}} -->\r\n<h2 class=\"wp-block-heading\" style=\"font-size:22px\">2. Legitimaci\u00f3n del tratamiento de sus datos de car\u00e1cter personal<\/h2>\r\n<!-- \/wp:heading -->\r\n\r\n<!-- wp:paragraph {\"style\":{\"typography\":{\"fontSize\":\"14px\"}}} -->\r\n<p style=\"font-size:14px\">La legitimaci\u00f3n se basa en el consentimiento que usted nos otorga al clicar el bot\u00f3n \u201cACEPTO LA POL\u00cdTICA DE PROTECCI\u00d3N DE DATOS\u201d.<\/p>\r\n<!-- \/wp:paragraph -->\r\n\r\n<!-- wp:heading {\"style\":{\"typography\":{\"fontSize\":\"22px\"}}} -->\r\n<h2 class=\"wp-block-heading\" style=\"font-size:22px\">3. Destinatarios de cesiones<\/h2>\r\n<!-- \/wp:heading -->\r\n\r\n<!-- wp:paragraph {\"style\":{\"typography\":{\"fontSize\":\"14px\"}}} -->\r\n<p style=\"font-size:14px\">No cederemos sus datos a terceros, salvo para dar cumplimiento a una obligaci\u00f3n legal.<\/p>\r\n<!-- \/wp:paragraph -->\r\n\r\n<!-- wp:heading {\"style\":{\"typography\":{\"fontSize\":\"22px\"}}} -->\r\n<h2 class=\"wp-block-heading\" style=\"font-size:22px\">4. Derechos<\/h2>\r\n<!-- \/wp:heading -->\r\n\r\n<!-- wp:paragraph {\"style\":{\"typography\":{\"fontSize\":\"14px\"}}} -->\r\n<p style=\"font-size:14px\">Por \u00faltimo, le informamos de sus derechos en materia de protecci\u00f3n de datos.<\/p>\r\n<!-- \/wp:paragraph -->\r\n\r\n<!-- wp:paragraph {\"style\":{\"typography\":{\"fontSize\":\"14px\"}}} -->\r\n<p style=\"font-size:14px\">\u2013 Derecho a solicitar el acceso a sus datos personales.<br>\u2013 Derecho a solicitar su rectificaci\u00f3n o supresi\u00f3n (derecho al olvido).<br>\u2013 Derecho a solicitar la limitaci\u00f3n de su tratamiento, y a oponerse al tratamiento.<br>\u2013 Derecho a la portabilidad de los datos.<br>\u2013 Derecho a la retirada de consentimiento.<\/p>\r\n<!-- \/wp:paragraph -->\r\n\r\n<!-- wp:paragraph {\"style\":{\"typography\":{\"fontSize\":\"14px\"}}} -->\r\n<p style=\"font-size:14px\">Para ejercer sus derechos no tiene m\u00e1s que realizar una solicitud por escrito y acompa\u00f1arla de una copia de su DNI.<\/p>\r\n<!-- \/wp:paragraph -->\r\n\r\n<!-- wp:paragraph {\"style\":{\"typography\":{\"fontSize\":\"14px\"}}} -->\r\n<p style=\"font-size:14px\">GONDOLAS IN DESIGN dispone de formularios adecuados al respecto. No tiene m\u00e1s que solicitarlos o bien presentar su propio escrito en info@gind.es.<\/p>\r\n<!-- \/wp:paragraph -->\r\n\r\n<!-- wp:heading {\"style\":{\"typography\":{\"fontSize\":\"22px\"}}} -->\r\n<h2 class=\"wp-block-heading\" style=\"font-size:22px\">5. Medidas de seguridad<\/h2>\r\n<!-- \/wp:heading -->\r\n\r\n<!-- wp:paragraph {\"style\":{\"typography\":{\"fontSize\":\"14px\"}}} -->\r\n<p style=\"font-size:14px\">GONDOLAS IN DESIGN tiene implantadas las medidas t\u00e9cnicas y organizativas necesarias para garantizar la seguridad de sus datos de car\u00e1cter personal y evitar su alteraci\u00f3n, la p\u00e9rdida y el tratamiento y\/o el acceso no autorizado, teniendo en cuenta el estado de la tecnolog\u00eda, la naturaleza de los datos almacenados y los riesgos provenientes de la acci\u00f3n humana o del medio f\u00edsico y natural a que est\u00e1n expuestas.<\/p>\r\n<!-- \/wp:paragraph -->\r\n\r\n<!-- wp:spacer {\"height\":\"34px\"} -->\r\n<div style=\"height:34px\" aria-hidden=\"true\" class=\"wp-block-spacer\"><\/div>\r\n<!-- \/wp:spacer -->","_et_gb_content_width":"1080","inline_featured_image":false,"footnotes":""},"class_list":["post-5300","page","type-page","status-publish","hentry"],"yoast_head":"<!-- This site is optimized with the Yoast SEO plugin v26.0 - https:\/\/yoast.com\/wordpress\/plugins\/seo\/ -->\n<title>Datenschutzerkl\u00e4rung - GIND<\/title>\n<meta name=\"robots\" content=\"noindex, nofollow\" \/>\n<meta property=\"og:locale\" content=\"de_DE\" \/>\n<meta property=\"og:type\" content=\"article\" \/>\n<meta property=\"og:title\" content=\"Datenschutzerkl\u00e4rung - GIND\" \/>\n<meta property=\"og:description\" content=\"Gem\u00e4\u00df den Bestimmungen der Vorschriften zum Schutz personenbezogener Daten informieren wir Sie dar\u00fcber, dass Sie Ihre personenbezogenen Daten dem Datenverantwortlichen zur Verf\u00fcgung stellen: GONDOLAS IN DESIGN SLU, mit Sitz in Calle Bah\u00eda de Pollensa 11, 2\u00baA, 28042 Madrid, und E-Mail-Adresse info@gind.es. 1. Zweck der Verarbeitungdel tratamiento Erhoben werden ausschlie\u00dflich die Daten, die im Kontaktformular angegeben [&hellip;]\" \/>\n<meta property=\"og:url\" content=\"https:\/\/gind.ivorysoluciones.com\/de\/datenschutzerklaerung\/\" \/>\n<meta property=\"og:site_name\" content=\"GIND\" \/>\n<meta property=\"article:modified_time\" content=\"2025-08-26T07:31:03+00:00\" \/>\n<meta name=\"twitter:card\" content=\"summary_large_image\" \/>\n<meta name=\"twitter:label1\" content=\"Gesch\u00e4tzte Lesezeit\" \/>\n\t<meta name=\"twitter:data1\" content=\"2\u00a0Minuten\" \/>\n<script type=\"application\/ld+json\" class=\"yoast-schema-graph\">{\"@context\":\"https:\/\/schema.org\",\"@graph\":[{\"@type\":\"WebPage\",\"@id\":\"https:\/\/gind.ivorysoluciones.com\/de\/datenschutzerklaerung\/\",\"url\":\"https:\/\/gind.ivorysoluciones.com\/de\/datenschutzerklaerung\/\",\"name\":\"Datenschutzerkl\u00e4rung - GIND\",\"isPartOf\":{\"@id\":\"https:\/\/gind.ivorysoluciones.com\/de\/#website\"},\"datePublished\":\"2025-08-26T07:29:53+00:00\",\"dateModified\":\"2025-08-26T07:31:03+00:00\",\"inLanguage\":\"de\",\"potentialAction\":[{\"@type\":\"ReadAction\",\"target\":[\"https:\/\/gind.ivorysoluciones.com\/de\/datenschutzerklaerung\/\"]}]},{\"@type\":\"WebSite\",\"@id\":\"https:\/\/gind.ivorysoluciones.com\/de\/#website\",\"url\":\"https:\/\/gind.ivorysoluciones.com\/de\/\",\"name\":\"GIND\",\"description\":\"\",\"publisher\":{\"@id\":\"https:\/\/gind.ivorysoluciones.com\/de\/#organization\"},\"potentialAction\":[{\"@type\":\"SearchAction\",\"target\":{\"@type\":\"EntryPoint\",\"urlTemplate\":\"https:\/\/gind.ivorysoluciones.com\/de\/?s={search_term_string}\"},\"query-input\":{\"@type\":\"PropertyValueSpecification\",\"valueRequired\":true,\"valueName\":\"search_term_string\"}}],\"inLanguage\":\"de\"},{\"@type\":\"Organization\",\"@id\":\"https:\/\/gind.ivorysoluciones.com\/de\/#organization\",\"name\":\"GIND\",\"url\":\"https:\/\/gind.ivorysoluciones.com\/de\/\",\"logo\":{\"@type\":\"ImageObject\",\"inLanguage\":\"de\",\"@id\":\"https:\/\/gind.ivorysoluciones.com\/de\/#\/schema\/logo\/image\/\",\"url\":\"https:\/\/gind.ivorysoluciones.com\/wp-content\/uploads\/2024\/11\/gind-logo.svg\",\"contentUrl\":\"https:\/\/gind.ivorysoluciones.com\/wp-content\/uploads\/2024\/11\/gind-logo.svg\",\"width\":271,\"height\":126,\"caption\":\"GIND\"},\"image\":{\"@id\":\"https:\/\/gind.ivorysoluciones.com\/de\/#\/schema\/logo\/image\/\"}}]}<\/script>\n<!-- \/ Yoast SEO plugin. -->","yoast_head_json":{"title":"Datenschutzerkl\u00e4rung - GIND","robots":{"index":"noindex","follow":"nofollow"},"og_locale":"de_DE","og_type":"article","og_title":"Datenschutzerkl\u00e4rung - GIND","og_description":"Gem\u00e4\u00df den Bestimmungen der Vorschriften zum Schutz personenbezogener Daten informieren wir Sie dar\u00fcber, dass Sie Ihre personenbezogenen Daten dem Datenverantwortlichen zur Verf\u00fcgung stellen: GONDOLAS IN DESIGN SLU, mit Sitz in Calle Bah\u00eda de Pollensa 11, 2\u00baA, 28042 Madrid, und E-Mail-Adresse info@gind.es. 1. Zweck der Verarbeitungdel tratamiento Erhoben werden ausschlie\u00dflich die Daten, die im Kontaktformular angegeben [&hellip;]","og_url":"https:\/\/gind.ivorysoluciones.com\/de\/datenschutzerklaerung\/","og_site_name":"GIND","article_modified_time":"2025-08-26T07:31:03+00:00","twitter_card":"summary_large_image","twitter_misc":{"Gesch\u00e4tzte Lesezeit":"2\u00a0Minuten"},"schema":{"@context":"https:\/\/schema.org","@graph":[{"@type":"WebPage","@id":"https:\/\/gind.ivorysoluciones.com\/de\/datenschutzerklaerung\/","url":"https:\/\/gind.ivorysoluciones.com\/de\/datenschutzerklaerung\/","name":"Datenschutzerkl\u00e4rung - GIND","isPartOf":{"@id":"https:\/\/gind.ivorysoluciones.com\/de\/#website"},"datePublished":"2025-08-26T07:29:53+00:00","dateModified":"2025-08-26T07:31:03+00:00","inLanguage":"de","potentialAction":[{"@type":"ReadAction","target":["https:\/\/gind.ivorysoluciones.com\/de\/datenschutzerklaerung\/"]}]},{"@type":"WebSite","@id":"https:\/\/gind.ivorysoluciones.com\/de\/#website","url":"https:\/\/gind.ivorysoluciones.com\/de\/","name":"GIND","description":"","publisher":{"@id":"https:\/\/gind.ivorysoluciones.com\/de\/#organization"},"potentialAction":[{"@type":"SearchAction","target":{"@type":"EntryPoint","urlTemplate":"https:\/\/gind.ivorysoluciones.com\/de\/?s={search_term_string}"},"query-input":{"@type":"PropertyValueSpecification","valueRequired":true,"valueName":"search_term_string"}}],"inLanguage":"de"},{"@type":"Organization","@id":"https:\/\/gind.ivorysoluciones.com\/de\/#organization","name":"GIND","url":"https:\/\/gind.ivorysoluciones.com\/de\/","logo":{"@type":"ImageObject","inLanguage":"de","@id":"https:\/\/gind.ivorysoluciones.com\/de\/#\/schema\/logo\/image\/","url":"https:\/\/gind.ivorysoluciones.com\/wp-content\/uploads\/2024\/11\/gind-logo.svg","contentUrl":"https:\/\/gind.ivorysoluciones.com\/wp-content\/uploads\/2024\/11\/gind-logo.svg","width":271,"height":126,"caption":"GIND"},"image":{"@id":"https:\/\/gind.ivorysoluciones.com\/de\/#\/schema\/logo\/image\/"}}]}},"_links":{"self":[{"href":"https:\/\/gind.ivorysoluciones.com\/de\/wp-json\/wp\/v2\/pages\/5300","targetHints":{"allow":["GET"]}}],"collection":[{"href":"https:\/\/gind.ivorysoluciones.com\/de\/wp-json\/wp\/v2\/pages"}],"about":[{"href":"https:\/\/gind.ivorysoluciones.com\/de\/wp-json\/wp\/v2\/types\/page"}],"author":[{"embeddable":true,"href":"https:\/\/gind.ivorysoluciones.com\/de\/wp-json\/wp\/v2\/users\/1"}],"replies":[{"embeddable":true,"href":"https:\/\/gind.ivorysoluciones.com\/de\/wp-json\/wp\/v2\/comments?post=5300"}],"version-history":[{"count":1,"href":"https:\/\/gind.ivorysoluciones.com\/de\/wp-json\/wp\/v2\/pages\/5300\/revisions"}],"predecessor-version":[{"id":5301,"href":"https:\/\/gind.ivorysoluciones.com\/de\/wp-json\/wp\/v2\/pages\/5300\/revisions\/5301"}],"wp:attachment":[{"href":"https:\/\/gind.ivorysoluciones.com\/de\/wp-json\/wp\/v2\/media?parent=5300"}],"curies":[{"name":"wp","href":"https:\/\/api.w.org\/{rel}","templated":true}]}}