{"id":5302,"date":"2025-08-26T08:13:24","date_gmt":"2025-08-26T08:13:24","guid":{"rendered":"https:\/\/gind.es\/?page_id=5302"},"modified":"2025-08-26T08:13:45","modified_gmt":"2025-08-26T08:13:45","slug":"cookie-richtlinie","status":"publish","type":"page","link":"https:\/\/gind.ivorysoluciones.com\/de\/cookie-richtlinie\/","title":{"rendered":"Cookie-Richtlinie"},"content":{"rendered":"\r\n<h2 class=\"wp-block-heading\">1. Einf\u00fchrung<\/h2>\r\n\r\n\r\n\r\n<p>Unsere Website, <a href=\"https:\/\/gind.ivorysoluciones.com\">https:\/\/gind.ivorysoluciones.com<\/a> (nachfolgend: \u201edie Website\u201c), verwendet Cookies und andere verwandte Technologien (der Einfachheit halber werden alle Technologien als \u201eCookies\u201c bezeichnet). Cookies werden auch von Dritten gesetzt, mit denen wir Vertr\u00e4ge abgeschlossen haben. In diesem Dokument informieren wir Sie \u00fcber die Verwendung von Cookies auf unserer Website.<\/p>\r\n\r\n\r\n\r\n<h2 class=\"wp-block-heading\">2. Was sind Cookies?<\/h2>\r\n\r\n\r\n\r\n<p>Ein Cookie ist eine kleine Datei, die zusammen mit den Seiten dieser Website gesendet und von Ihrem Browser auf der Festplatte Ihres Computers oder einem anderen Ger\u00e4t gespeichert wird. Die gespeicherten Informationen k\u00f6nnen bei einem sp\u00e4teren Besuch an unsere Server oder an die Server entsprechender Dritter zur\u00fcckgesendet werden.<\/p>\r\n\r\n\r\n\r\n<h2 class=\"wp-block-heading\">3. Was sind Skripte?<\/h2>\r\n\r\n\r\n\r\n<p>Ein Skript ist ein St\u00fcck Programmcode, das verwendet wird, damit unsere Website korrekt und interaktiv funktioniert. Dieser Code wird entweder auf unserem Server oder auf Ihrem Ger\u00e4t ausgef\u00fchrt.<\/p>\r\n\r\n\r\n\r\n<h2 class=\"wp-block-heading\">4. Was ist ein Web-Beacon?<\/h2>\r\n\r\n\r\n\r\n<p>Ein Web-Beacon (oder Pixel-Tag) ist ein kleines, unsichtbares Text- oder Bildelement auf einer Website, das dazu dient, den Website-Traffic zu \u00fcberwachen. \u00dcber diese Web-Beacons werden verschiedene Daten \u00fcber Sie gespeichert.<\/p>\r\n\r\n\r\n\r\n<h2 class=\"wp-block-heading\">5. Cookies<\/h2>\r\n\r\n\r\n\r\n<p>5.1 Technische oder funktionale Cookies<\/p>\r\n\r\n\r\n\r\n<p>Einige Cookies gew\u00e4hrleisten, dass bestimmte Teile der Website ordnungsgem\u00e4\u00df funktionieren und Ihre Nutzereinstellungen gespeichert bleiben. Durch das Setzen funktionaler Cookies erleichtern wir Ihnen den Besuch unserer Website. Sie m\u00fcssen dann z.\u202fB. nicht wiederholt dieselben Informationen eingeben und Artikel bleiben in Ihrem Warenkorb, bis Sie bezahlt haben. Diese Cookies d\u00fcrfen wir ohne Ihre Einwilligung setzen.<\/p>\r\n\r\n\r\n\r\n<p>5.2 Statistik-Cookies<\/p>\r\n\r\n\r\n\r\n<p>Wir verwenden Statistik-Cookies, um das Erlebnis auf unserer Website f\u00fcr die Nutzer zu optimieren. Mit diesen Cookies erhalten wir Einblicke in die Nutzung unserer Website. F\u00fcr diese Cookies holen wir Ihre Zustimmung ein.<\/p>\r\n\r\n\r\n\r\n<p>5.3 Werbe-Cookies<\/p>\r\n\r\n\r\n\r\n<p>Wir verwenden auf dieser Website Werbe-Cookies, um Informationen \u00fcber die Ergebnisse von Kampagnen zu erhalten. Dies geschieht auf Grundlage eines Profils, das wir auf Basis Ihres Surfverhaltens auf <a href=\"https:\/\/gind.ivorysoluciones.com\">https:\/\/gind.ivorysoluciones.com<\/a> erstellen. Mit diesen Cookies werden Sie als Besucher mit einer eindeutigen ID verkn\u00fcpft, allerdings wird kein Profil Ihres Surfverhaltens zur Anzeige personalisierter Werbung erstellt.<\/p>\r\n\r\n\r\n\r\n<p>5.4 Marketing-\/Tracking-Cookies<\/p>\r\n\r\n\r\n\r\n<p>Marketing-\/Tracking-Cookies sind Cookies oder andere Formen lokaler Speicherung, die zur Erstellung von Nutzerprofilen verwendet werden, um Werbung anzuzeigen oder den Nutzer auf dieser oder mehreren Websites f\u00fcr \u00e4hnliche Marketingzwecke zu verfolgen.<\/p>\r\n\r\n\r\n\r\n<p>Da diese Cookies als Tracking-Cookies klassifiziert sind, holen wir Ihre Zustimmung ein, bevor wir sie setzen.<\/p>\r\n\r\n\r\n\r\n<p>5.5 Soziale Netzwerke<\/p>\r\n\r\n\r\n\r\n<p>Auf unserer Website sind Inhalte von Facebook und Instagram eingebunden, um Seiteninhalte zu bewerben (z.\u202fB. durch \u201eGef\u00e4llt mir\u201c oder \u201eTeilen\u201c) oder \u00fcber soziale Netzwerke wie Facebook oder Instagram zu verbreiten. Diese Inhalte sind mit Code von Facebook und Instagram eingebettet und setzen Cookies. Diese Inhalte k\u00f6nnen personenbezogene Daten f\u00fcr personalisierte Werbung verarbeiten.<\/p>\r\n\r\n\r\n\r\n<p>Bitte lesen Sie die Datenschutzrichtlinien dieser sozialen Netzwerke (die sich h\u00e4ufig \u00e4ndern k\u00f6nnen), um zu erfahren, wie Ihre (personenbezogenen) Daten verarbeitet werden. Die \u00fcbermittelten Daten werden so weit wie m\u00f6glich anonymisiert. Facebook und Instagram befinden sich in den Vereinigten Staaten.<\/p>\r\n\r\n\r\n\n<div id=\"cmplz-document\" class=\"cmplz-document cookie-statement cmplz-document-eu\"><p><br><\/p><h2><span style=\"color: revert; font-weight: revert; text-transform: initial;\">6. Verwendete Cookies<\/span><\/h2><div id=\"cmplz-cookies-overview\"><details class=\"cmplz-dropdown cmplz-service-desc cmplz-dropdown-cookiepolicy\">\n\t<summary class=\"cmplz-service-header\"><div>\n\t\t<h3>WordPress<\/h3>\n\t\t<p>Funcional<\/p>\n\t\t<label for=\"cmplz_service_wordpress\" class=\"cmplz_consent_per_service_label\"><span class=\"screen-reader-text\">Consent to service wordpress<\/span><\/label>\n\t\t<input type=\"checkbox\" id=\"cmplz_service_wordpress\" class=\"cmplz-accept-service cmplz-hidden\" data-service=\"wordpress\" data-category=\"functional\"><\/div>\n\t<\/summary>\n\t<div class=\"cmplz-service-description\">\n\t\t<h4>Uso<\/h4>\n\t\t<p>Usamos WordPress para desarrollo de sitios web. <a rel=\"noopener noreferrer nofollow\" href=\"https:\/\/cookiedatabase.org\/service\/wordpress\/\">Leer m\u00e1s<\/a><\/p>\n\t<\/div>\n\t<div class=\"cmplz-sharing-data\">\n\t\t<h4>Compartir datos<\/h4>\n\t\t<p>Estos datos no se comparten con terceros.<\/p>\n\t<\/div>\n\t<div class=\"cookies-per-purpose\">\n    <div class=\"purpose\"><h4>Funcional<\/h4><\/div>\n    <div class=\"name-header\">\n\t<h5>Nombre<\/h5>\n<\/div>\n<div class=\"name\"><a rel=\"noopener noreferrer nofollow\" href=\"https:\/\/cookiedatabase.org\/cookie\/wordpress\/wpemojisettingssupports\/\">wpEmojiSettingsSupports<\/a><\/div>\n<div class=\"retention-header\">\n\t<h5>Caducidad<\/h5>\n<\/div>\n<div class=\"retention\">sesi\u00f3n<\/div>\n<div class=\"function-header\">\n\t<h5>Funci\u00f3n<\/h5>\n<\/div>\n<div class=\"function\">Guardar detalles del navegador<\/div>\n\n<\/div>\n<\/details>\n<details class=\"cmplz-dropdown cmplz-service-desc cmplz-dropdown-cookiepolicy\">\n\t<summary class=\"cmplz-service-header\"><div>\n\t\t<h3>Polylang<\/h3>\n\t\t<p>Funcional<\/p>\n\t\t<label for=\"cmplz_service_polylang\" class=\"cmplz_consent_per_service_label\"><span class=\"screen-reader-text\">Consent to service polylang<\/span><\/label>\n\t\t<input type=\"checkbox\" id=\"cmplz_service_polylang\" class=\"cmplz-accept-service cmplz-hidden\" data-service=\"polylang\" data-category=\"functional\"><\/div>\n\t<\/summary>\n\t<div class=\"cmplz-service-description\">\n\t\t<h4>Uso<\/h4>\n\t\t<p>Usamos Polylang para gesti\u00f3n local. <a rel=\"noopener noreferrer nofollow\" href=\"https:\/\/cookiedatabase.org\/service\/polylang\/\">Leer m\u00e1s<\/a><\/p>\n\t<\/div>\n\t<div class=\"cmplz-sharing-data\">\n\t\t<h4>Compartir datos<\/h4>\n\t\t<p>Estos datos no se comparten con terceros.<\/p>\n\t<\/div>\n\t<div class=\"cookies-per-purpose\">\n    <div class=\"purpose\"><h4>Funcional<\/h4><\/div>\n    <div class=\"name-header\">\n\t<h5>Nombre<\/h5>\n<\/div>\n<div class=\"name\"><a rel=\"noopener noreferrer nofollow\" href=\"https:\/\/cookiedatabase.org\/cookie\/polylang\/pll_language\/\">pll_language<\/a><\/div>\n<div class=\"retention-header\">\n\t<h5>Caducidad<\/h5>\n<\/div>\n<div class=\"retention\">persistente<\/div>\n<div class=\"function-header\">\n\t<h5>Funci\u00f3n<\/h5>\n<\/div>\n<div class=\"function\">Guardar configuraciones de lenguaje<\/div>\n\n<\/div>\n<\/details>\n<details class=\"cmplz-dropdown cmplz-service-desc cmplz-dropdown-cookiepolicy\">\n\t<summary class=\"cmplz-service-header\"><div>\n\t\t<h3>Google Fonts<\/h3>\n\t\t<p>Prop\u00f3sito pendiente de investigaci\u00f3n<\/p>\n\t\t<label for=\"cmplz_service_google-fonts\" class=\"cmplz_consent_per_service_label\"><span class=\"screen-reader-text\">Consent to service google-fonts<\/span><\/label>\n\t\t<input type=\"checkbox\" id=\"cmplz_service_google-fonts\" class=\"cmplz-accept-service cmplz-hidden\" data-service=\"google-fonts\" data-category=\"functional\"><\/div>\n\t<\/summary>\n\t<div class=\"cmplz-service-description\">\n\t\t<h4>Uso<\/h4>\n\t\t<p>Usamos Google Fonts para mostrar fuentes web. <a rel=\"noopener noreferrer nofollow\" href=\"https:\/\/cookiedatabase.org\/service\/google-fonts\/\">Leer m\u00e1s<\/a><\/p>\n\t<\/div>\n\t<div class=\"cmplz-sharing-data\">\n\t\t<h4>Compartir datos<\/h4>\n\t\t<p>Para m\u00e1s informaci\u00f3n, por favor, lee la <a rel=\"noopener noreferrer nofollow\" href=\"https:\/\/policies.google.com\/privacy\">pol\u00edtica de privacidad de Google Fonts<\/a>.<\/p>\n\t<\/div>\n\t<div class=\"cookies-per-purpose\">\n    <div class=\"purpose\"><h4>Prop\u00f3sito pendiente de investigaci\u00f3n<\/h4><\/div>\n    <div class=\"name-header\">\n\t<h5>Nombre<\/h5>\n<\/div>\n<div class=\"name\">Google Fonts API<\/div>\n<div class=\"retention-header\">\n\t<h5>Caducidad<\/h5>\n<\/div>\n<div class=\"retention\"><\/div>\n<div class=\"function-header\">\n\t<h5>Funci\u00f3n<\/h5>\n<\/div>\n<div class=\"function\"><\/div>\n\n<\/div>\n<\/details>\n<details class=\"cmplz-dropdown cmplz-service-desc cmplz-dropdown-cookiepolicy\">\n\t<summary class=\"cmplz-service-header\"><div>\n\t\t<h3>Vimeo<\/h3>\n\t\t<p>Prop\u00f3sito pendiente de investigaci\u00f3n<\/p>\n\t\t<label for=\"cmplz_service_vimeo\" class=\"cmplz_consent_per_service_label\"><span class=\"screen-reader-text\">Consent to service vimeo<\/span><\/label>\n\t\t<input type=\"checkbox\" id=\"cmplz_service_vimeo\" class=\"cmplz-accept-service cmplz-hidden\" data-service=\"vimeo\" data-category=\"functional\"><\/div>\n\t<\/summary>\n\t<div class=\"cmplz-service-description\">\n\t\t<h4>Uso<\/h4>\n\t\t<p>Usamos Vimeo para mostrar video. <a rel=\"noopener noreferrer nofollow\" href=\"https:\/\/cookiedatabase.org\/service\/vimeo\/\">Leer m\u00e1s<\/a><\/p>\n\t<\/div>\n\t<div class=\"cmplz-sharing-data\">\n\t\t<h4>Compartir datos<\/h4>\n\t\t<p>Para m\u00e1s informaci\u00f3n, por favor, lee la <a rel=\"noopener noreferrer nofollow\" href=\"https:\/\/vimeo.com\/privacy\">pol\u00edtica de privacidad de Vimeo<\/a>.<\/p>\n\t<\/div>\n\t<div class=\"cookies-per-purpose\">\n    <div class=\"purpose\"><h4>Prop\u00f3sito pendiente de investigaci\u00f3n<\/h4><\/div>\n    <div class=\"name-header\">\n\t<h5>Nombre<\/h5>\n<\/div>\n<div class=\"name\">__utmt_player<\/div>\n<div class=\"retention-header\">\n\t<h5>Caducidad<\/h5>\n<\/div>\n<div class=\"retention\"><\/div>\n<div class=\"function-header\">\n\t<h5>Funci\u00f3n<\/h5>\n<\/div>\n<div class=\"function\"><\/div>\n<div class=\"name-header\">\n\t<h5>Nombre<\/h5>\n<\/div>\n<div class=\"name\">vuid<\/div>\n<div class=\"retention-header\">\n\t<h5>Caducidad<\/h5>\n<\/div>\n<div class=\"retention\"><\/div>\n<div class=\"function-header\">\n\t<h5>Funci\u00f3n<\/h5>\n<\/div>\n<div class=\"function\"><\/div>\n\n<\/div>\n<\/details>\n<details class=\"cmplz-dropdown cmplz-service-desc cmplz-dropdown-cookiepolicy\">\n\t<summary class=\"cmplz-service-header\"><div>\n\t\t<h3>Varios<\/h3>\n\t\t<p>Prop\u00f3sito pendiente de investigaci\u00f3n<\/p>\n\t\t<label for=\"cmplz_service_varios\" class=\"cmplz_consent_per_service_label\"><span class=\"screen-reader-text\">Consent to service varios<\/span><\/label><\/div><\/summary><\/details><\/div><\/div>\r\n\r\n\r\n<p><\/p>\r\n\r\n\r\n\r\n<h2 class=\"wp-block-heading\">7. Zustimmung<\/h2>\r\n\r\n\r\n\r\n<p>Wenn Sie unsere Website zum ersten Mal besuchen, zeigen wir Ihnen ein Pop-up-Fenster mit Informationen \u00fcber Cookies. Sobald Sie auf \u201eEinstellungen speichern\u201c klicken, stimmen Sie der Verwendung der in diesem Fenster ausgew\u00e4hlten Cookie-Kategorien und Plugins gem\u00e4\u00df dieser Cookie-Richtlinie zu. Sie k\u00f6nnen die Verwendung von Cookies \u00fcber Ihren Browser deaktivieren, aber bitte beachten Sie, dass unsere Website dann m\u00f6glicherweise nicht mehr ordnungsgem\u00e4\u00df funktioniert.<\/p>\r\n\r\n\r\n\r\n<p>7.1 Verwaltung Ihrer Einwilligungseinstellungen<\/p>\r\n\r\n\r\n\r\n<p>Sie haben die Cookie-Richtlinie ohne JavaScript-Unterst\u00fctzung geladen. In AMP k\u00f6nnen Sie die Schaltfl\u00e4che \u201eEinwilligung verwalten\u201c unten auf der Seite verwenden.<\/p>\r\n\r\n\r\n\r\n<h2 class=\"wp-block-heading\">8. Aktivieren\/Deaktivieren und L\u00f6schen von Cookies<\/h2>\r\n\r\n\r\n\r\n<p>Sie k\u00f6nnen Ihren Internetbrowser verwenden, um Cookies automatisch oder manuell zu l\u00f6schen. Sie k\u00f6nnen auch angeben, dass bestimmte Cookies nicht gesetzt werden d\u00fcrfen. Eine weitere M\u00f6glichkeit besteht darin, Ihren Browser so einzustellen, dass Sie jedes Mal benachrichtigt werden, wenn ein Cookie gesetzt wird. Weitere Informationen hierzu finden Sie im Hilfebereich Ihres Browsers.<\/p>\r\n\r\n\r\n\r\n<p>Bitte beachten Sie, dass unsere Website m\u00f6glicherweise nicht ordnungsgem\u00e4\u00df funktioniert, wenn Sie alle Cookies deaktivieren. Wenn Sie Cookies aus Ihrem Browser l\u00f6schen, werden diese bei einem erneuten Besuch unserer Website nach Ihrer Zustimmung erneut gesetzt.<\/p>\r\n\r\n\r\n\r\n<h2 class=\"wp-block-heading\">9. Ihre Rechte in Bezug auf personenbezogene Daten<\/h2>\r\n\r\n\r\n\r\n<p>Sie haben in Bezug auf Ihre personenbezogenen Daten folgende Rechte:<\/p>\r\n\r\n\r\n\r\n<ul class=\"wp-block-list\">\r\n<li>Das Recht zu erfahren, warum Ihre personenbezogenen Daten ben\u00f6tigt werden, was damit geschieht und wie lange sie gespeichert werden.<\/li>\r\n\r\n\r\n\r\n<li>Zugriffsrecht: Sie haben das Recht auf Zugriff auf Ihre bei uns gespeicherten personenbezogenen Daten.<\/li>\r\n\r\n\r\n\r\n<li>Recht auf Berichtigung: Sie haben das Recht, Ihre personenbezogenen Daten jederzeit zu erg\u00e4nzen, zu korrigieren, l\u00f6schen zu lassen oder zu sperren.<\/li>\r\n\r\n\r\n\r\n<li>Wenn Sie Ihre Einwilligung zur Datenverarbeitung gegeben haben, haben Sie das Recht, diese zu widerrufen und Ihre Daten l\u00f6schen zu lassen.<\/li>\r\n\r\n\r\n\r\n<li>Recht auf Daten\u00fcbertragbarkeit: Sie haben das Recht, alle Ihre personenbezogenen Daten vom Verantwortlichen anzufordern und vollst\u00e4ndig an einen anderen Verantwortlichen zu \u00fcbertragen.<\/li>\r\n\r\n\r\n\r\n<li>Widerspruchsrecht: Sie k\u00f6nnen der Verarbeitung Ihrer Daten widersprechen. Wir befolgen diesen Wunsch, es sei denn, es liegen berechtigte Gr\u00fcnde f\u00fcr die Verarbeitung vor.<\/li>\r\n<\/ul>\r\n\r\n\r\n\r\n<p>Zur Aus\u00fcbung dieser Rechte kontaktieren Sie uns bitte. Unsere Kontaktdaten finden Sie am Ende dieser Cookie-Richtlinie. Wenn Sie Beschwerden dar\u00fcber haben, wie wir Ihre Daten verarbeiten, k\u00f6nnen Sie uns kontaktieren oder sich an die zust\u00e4ndige Aufsichtsbeh\u00f6rde (Datenschutzbeh\u00f6rde) wenden.<\/p>\r\n\r\n\r\n\r\n<h2 class=\"wp-block-heading\">10. Kontaktinformationen<\/h2>\r\n\r\n\r\n\r\n<p>Bei Fragen und\/oder Anmerkungen zu unserer Cookie-Richtlinie und dieser Erkl\u00e4rung kontaktieren Sie uns bitte \u00fcber folgende Kontaktdaten:<\/p>\r\n\r\n\r\n\r\n<p>GONDOLAS IN DESIGN SLU<br>Calle Bah\u00eda de Pollensa 11, 2\u00baA. 28042 Madrid<br>Espa\u00f1a<br>Web:\u00a0<a href=\"https:\/\/gind.ivorysoluciones.com\/\">https:\/\/gind.ivorysoluciones.com\/<\/a><br>E-Mail:\u00a0carlos@gind.es<\/p>\r\n\r\n\r\n\r\n<div style=\"height:34px\" aria-hidden=\"true\" class=\"wp-block-spacer\"><\/div>\r\n","protected":false},"excerpt":{"rendered":"<p>1. Einf\u00fchrung Unsere Website, https:\/\/gind.ivorysoluciones.com (nachfolgend: \u201edie Website\u201c), verwendet Cookies und andere verwandte Technologien (der Einfachheit halber werden alle Technologien als \u201eCookies\u201c bezeichnet). Cookies werden auch von Dritten gesetzt, mit denen wir Vertr\u00e4ge abgeschlossen haben. In diesem Dokument informieren wir Sie \u00fcber die Verwendung von Cookies auf unserer Website. 2. Was sind Cookies? Ein Cookie [&hellip;]<\/p>\n","protected":false},"author":1,"featured_media":0,"parent":0,"menu_order":0,"comment_status":"closed","ping_status":"closed","template":"","meta":{"_et_pb_use_builder":"","_et_pb_old_content":"","_et_gb_content_width":"1080","inline_featured_image":false,"footnotes":""},"class_list":["post-5302","page","type-page","status-publish","hentry"],"yoast_head":"<!-- This site is optimized with the Yoast SEO plugin v26.0 - https:\/\/yoast.com\/wordpress\/plugins\/seo\/ -->\n<title>Cookie-Richtlinie - GIND<\/title>\n<meta name=\"robots\" content=\"noindex, nofollow\" \/>\n<meta property=\"og:locale\" content=\"de_DE\" \/>\n<meta property=\"og:type\" content=\"article\" \/>\n<meta property=\"og:title\" content=\"Cookie-Richtlinie - GIND\" \/>\n<meta property=\"og:description\" content=\"1. Einf\u00fchrung Unsere Website, https:\/\/gind.ivorysoluciones.com (nachfolgend: \u201edie Website\u201c), verwendet Cookies und andere verwandte Technologien (der Einfachheit halber werden alle Technologien als \u201eCookies\u201c bezeichnet). Cookies werden auch von Dritten gesetzt, mit denen wir Vertr\u00e4ge abgeschlossen haben. In diesem Dokument informieren wir Sie \u00fcber die Verwendung von Cookies auf unserer Website. 2. Was sind Cookies? Ein Cookie [&hellip;]\" \/>\n<meta property=\"og:url\" content=\"https:\/\/gind.ivorysoluciones.com\/de\/cookie-richtlinie\/\" \/>\n<meta property=\"og:site_name\" content=\"GIND\" \/>\n<meta property=\"article:modified_time\" content=\"2025-08-26T08:13:45+00:00\" \/>\n<meta name=\"twitter:card\" content=\"summary_large_image\" \/>\n<meta name=\"twitter:label1\" content=\"Gesch\u00e4tzte Lesezeit\" \/>\n\t<meta name=\"twitter:data1\" content=\"4\u00a0Minuten\" \/>\n<script type=\"application\/ld+json\" class=\"yoast-schema-graph\">{\"@context\":\"https:\/\/schema.org\",\"@graph\":[{\"@type\":\"WebPage\",\"@id\":\"https:\/\/gind.ivorysoluciones.com\/de\/cookie-richtlinie\/\",\"url\":\"https:\/\/gind.ivorysoluciones.com\/de\/cookie-richtlinie\/\",\"name\":\"Cookie-Richtlinie - GIND\",\"isPartOf\":{\"@id\":\"https:\/\/gind.ivorysoluciones.com\/de\/#website\"},\"datePublished\":\"2025-08-26T08:13:24+00:00\",\"dateModified\":\"2025-08-26T08:13:45+00:00\",\"inLanguage\":\"de\",\"potentialAction\":[{\"@type\":\"ReadAction\",\"target\":[\"https:\/\/gind.ivorysoluciones.com\/de\/cookie-richtlinie\/\"]}]},{\"@type\":\"WebSite\",\"@id\":\"https:\/\/gind.ivorysoluciones.com\/de\/#website\",\"url\":\"https:\/\/gind.ivorysoluciones.com\/de\/\",\"name\":\"GIND\",\"description\":\"\",\"publisher\":{\"@id\":\"https:\/\/gind.ivorysoluciones.com\/de\/#organization\"},\"potentialAction\":[{\"@type\":\"SearchAction\",\"target\":{\"@type\":\"EntryPoint\",\"urlTemplate\":\"https:\/\/gind.ivorysoluciones.com\/de\/?s={search_term_string}\"},\"query-input\":{\"@type\":\"PropertyValueSpecification\",\"valueRequired\":true,\"valueName\":\"search_term_string\"}}],\"inLanguage\":\"de\"},{\"@type\":\"Organization\",\"@id\":\"https:\/\/gind.ivorysoluciones.com\/de\/#organization\",\"name\":\"GIND\",\"url\":\"https:\/\/gind.ivorysoluciones.com\/de\/\",\"logo\":{\"@type\":\"ImageObject\",\"inLanguage\":\"de\",\"@id\":\"https:\/\/gind.ivorysoluciones.com\/de\/#\/schema\/logo\/image\/\",\"url\":\"https:\/\/gind.ivorysoluciones.com\/wp-content\/uploads\/2024\/11\/gind-logo.svg\",\"contentUrl\":\"https:\/\/gind.ivorysoluciones.com\/wp-content\/uploads\/2024\/11\/gind-logo.svg\",\"width\":271,\"height\":126,\"caption\":\"GIND\"},\"image\":{\"@id\":\"https:\/\/gind.ivorysoluciones.com\/de\/#\/schema\/logo\/image\/\"}}]}<\/script>\n<!-- \/ Yoast SEO plugin. -->","yoast_head_json":{"title":"Cookie-Richtlinie - GIND","robots":{"index":"noindex","follow":"nofollow"},"og_locale":"de_DE","og_type":"article","og_title":"Cookie-Richtlinie - GIND","og_description":"1. Einf\u00fchrung Unsere Website, https:\/\/gind.ivorysoluciones.com (nachfolgend: \u201edie Website\u201c), verwendet Cookies und andere verwandte Technologien (der Einfachheit halber werden alle Technologien als \u201eCookies\u201c bezeichnet). Cookies werden auch von Dritten gesetzt, mit denen wir Vertr\u00e4ge abgeschlossen haben. In diesem Dokument informieren wir Sie \u00fcber die Verwendung von Cookies auf unserer Website. 2. Was sind Cookies? Ein Cookie [&hellip;]","og_url":"https:\/\/gind.ivorysoluciones.com\/de\/cookie-richtlinie\/","og_site_name":"GIND","article_modified_time":"2025-08-26T08:13:45+00:00","twitter_card":"summary_large_image","twitter_misc":{"Gesch\u00e4tzte Lesezeit":"4\u00a0Minuten"},"schema":{"@context":"https:\/\/schema.org","@graph":[{"@type":"WebPage","@id":"https:\/\/gind.ivorysoluciones.com\/de\/cookie-richtlinie\/","url":"https:\/\/gind.ivorysoluciones.com\/de\/cookie-richtlinie\/","name":"Cookie-Richtlinie - GIND","isPartOf":{"@id":"https:\/\/gind.ivorysoluciones.com\/de\/#website"},"datePublished":"2025-08-26T08:13:24+00:00","dateModified":"2025-08-26T08:13:45+00:00","inLanguage":"de","potentialAction":[{"@type":"ReadAction","target":["https:\/\/gind.ivorysoluciones.com\/de\/cookie-richtlinie\/"]}]},{"@type":"WebSite","@id":"https:\/\/gind.ivorysoluciones.com\/de\/#website","url":"https:\/\/gind.ivorysoluciones.com\/de\/","name":"GIND","description":"","publisher":{"@id":"https:\/\/gind.ivorysoluciones.com\/de\/#organization"},"potentialAction":[{"@type":"SearchAction","target":{"@type":"EntryPoint","urlTemplate":"https:\/\/gind.ivorysoluciones.com\/de\/?s={search_term_string}"},"query-input":{"@type":"PropertyValueSpecification","valueRequired":true,"valueName":"search_term_string"}}],"inLanguage":"de"},{"@type":"Organization","@id":"https:\/\/gind.ivorysoluciones.com\/de\/#organization","name":"GIND","url":"https:\/\/gind.ivorysoluciones.com\/de\/","logo":{"@type":"ImageObject","inLanguage":"de","@id":"https:\/\/gind.ivorysoluciones.com\/de\/#\/schema\/logo\/image\/","url":"https:\/\/gind.ivorysoluciones.com\/wp-content\/uploads\/2024\/11\/gind-logo.svg","contentUrl":"https:\/\/gind.ivorysoluciones.com\/wp-content\/uploads\/2024\/11\/gind-logo.svg","width":271,"height":126,"caption":"GIND"},"image":{"@id":"https:\/\/gind.ivorysoluciones.com\/de\/#\/schema\/logo\/image\/"}}]}},"_links":{"self":[{"href":"https:\/\/gind.ivorysoluciones.com\/de\/wp-json\/wp\/v2\/pages\/5302","targetHints":{"allow":["GET"]}}],"collection":[{"href":"https:\/\/gind.ivorysoluciones.com\/de\/wp-json\/wp\/v2\/pages"}],"about":[{"href":"https:\/\/gind.ivorysoluciones.com\/de\/wp-json\/wp\/v2\/types\/page"}],"author":[{"embeddable":true,"href":"https:\/\/gind.ivorysoluciones.com\/de\/wp-json\/wp\/v2\/users\/1"}],"replies":[{"embeddable":true,"href":"https:\/\/gind.ivorysoluciones.com\/de\/wp-json\/wp\/v2\/comments?post=5302"}],"version-history":[{"count":4,"href":"https:\/\/gind.ivorysoluciones.com\/de\/wp-json\/wp\/v2\/pages\/5302\/revisions"}],"predecessor-version":[{"id":5526,"href":"https:\/\/gind.ivorysoluciones.com\/de\/wp-json\/wp\/v2\/pages\/5302\/revisions\/5526"}],"wp:attachment":[{"href":"https:\/\/gind.ivorysoluciones.com\/de\/wp-json\/wp\/v2\/media?parent=5302"}],"curies":[{"name":"wp","href":"https:\/\/api.w.org\/{rel}","templated":true}]}}