{"id":5306,"date":"2025-08-26T07:32:33","date_gmt":"2025-08-26T07:32:33","guid":{"rendered":"https:\/\/gind.es\/?page_id=5306"},"modified":"2025-08-26T07:33:32","modified_gmt":"2025-08-26T07:33:32","slug":"rechtlicher-hinweis","status":"publish","type":"page","link":"https:\/\/gind.ivorysoluciones.com\/de\/rechtlicher-hinweis\/","title":{"rendered":"Rechtlicher Hinweis"},"content":{"rendered":"\r\n<h2 class=\"wp-block-heading\" style=\"font-size:22px\">Wer wir sind<\/h2>\r\n\r\n\r\n\r\n<p style=\"font-size:14px\">In \u00dcbereinstimmung mit den Bestimmungen des Gesetzes 34\/2002 vom 11. Juli \u00fcber Dienste der Informationsgesellschaft und des elektronischen Gesch\u00e4ftsverkehrs werden nachstehend die allgemeinen Informationen zu dieser Website angegeben:<\/p>\r\n\r\n\r\n\r\n<p style=\"font-size:14px\"><strong>INHABER<\/strong>: GONDOLAS IN DESIGN SLU<br><strong>Steuernummer<\/strong> (CIF): B85434454<br><strong>ANSCHRIFT<\/strong>: Calle Bah\u00eda de Pollensa 11, 2\u00baA. 28042 Madrid<\/p>\r\n\r\n\r\n\r\n<h2 class=\"wp-block-heading\" style=\"font-size:22px\">1. Identit\u00e4t des Website-Inhabers<\/h2>\r\n\r\n\r\n\r\n<p style=\"font-size:14px\">Die Identit\u00e4t und weitere Informationen \u00fcber das Unternehmen, dem diese Website geh\u00f6rt, sind im Abschnitt \u201eKontakt\u201c aufgef\u00fchrt.<\/p>\r\n\r\n\r\n\r\n<h2 class=\"wp-block-heading\" style=\"font-size:22px\">2. Akzeptanz der Nutzungsbedingungen<\/h2>\r\n\r\n\r\n\r\n<p style=\"font-size:14px\">Diese Bedingungen (nachfolgend \u201eRechtlicher Hinweis\u201c) regeln die Nutzung dieser Website, die vom Inhaber der \u00d6ffentlichkeit zur Verf\u00fcgung gestellt wird. Die Nutzung der Website durch Dritte verleiht diesen den Status als Nutzer und bedeutet die vollst\u00e4ndige und uneingeschr\u00e4nkte Annahme s\u00e4mtlicher Bedingungen dieses Rechtlichen Hinweises.<\/p>\r\n\r\n\r\n\r\n<p style=\"font-size:14px\">Der Website-Inhaber kann \u00fcber die Website Dienstleistungen oder Produkte anbieten, die besonderen Bedingungen unterliegen. Diese k\u00f6nnen diese Bedingungen erg\u00e4nzen, modifizieren oder ersetzen. Der Nutzer wird in jedem Einzelfall entsprechend informiert.<\/p>\r\n\r\n\r\n\r\n<h2 class=\"wp-block-heading\" style=\"font-size:22px\">3. Ordnungsgem\u00e4\u00dfe Nutzung der Website<\/h2>\r\n\r\n\r\n\r\n<p style=\"font-size:14px\">Der Nutzer verpflichtet sich, die Website, ihre Inhalte und Dienstleistungen gem\u00e4\u00df dem Gesetz, diesem rechtlichen Hinweis, den guten Sitten und der \u00f6ffentlichen Ordnung zu nutzen. Ebenso verpflichtet sich der Nutzer, die Website nicht f\u00fcr rechtswidrige Zwecke oder Wirkungen zu nutzen, die den Interessen oder Rechten Dritter schaden oder die Website oder deren Dienste besch\u00e4digen, unbrauchbar machen oder beeintr\u00e4chtigen k\u00f6nnten.<\/p>\r\n\r\n\r\n\r\n<p style=\"font-size:14px\">Der Nutzer verpflichtet sich insbesondere, keine Daten, Programme oder elektronischen Dokumente zu zerst\u00f6ren, zu ver\u00e4ndern, zu deaktivieren oder anderweitig zu besch\u00e4digen.<\/p>\r\n\r\n\r\n\r\n<p style=\"font-size:14px\">Ebenso verpflichtet sich der Nutzer, den Zugang anderer Nutzer durch \u00fcberm\u00e4\u00dfigen Verbrauch von Ressourcen, \u00fcber die der Website-Inhaber seine Dienste bereitstellt, nicht zu behindern, sowie keine Handlungen vorzunehmen, die diese Systeme besch\u00e4digen, unterbrechen oder Fehler verursachen.<\/p>\r\n\r\n\r\n\r\n<p style=\"font-size:14px\">Der Nutzer verpflichtet sich, keine Programme, Viren, Makros, Applets, ActiveX-Steuerelemente oder andere logische Ger\u00e4te oder Zeichensequenzen einzuf\u00fchren, die die Computersysteme des Website-Inhabers oder Dritter ver\u00e4ndern oder beeintr\u00e4chtigen k\u00f6nnten.<\/p>\r\n\r\n\r\n\r\n<h2 class=\"wp-block-heading\" style=\"font-size:22px\">4. Werbung<\/h2>\r\n\r\n\r\n\r\n<p style=\"font-size:14px\">Ein Teil der Website kann Werbeinhalte oder Sponsoren enthalten.<br>Werbetreibende und Sponsoren sind allein verantwortlich f\u00fcr die Einhaltung der jeweils geltenden gesetzlichen Vorschriften bei den bereitgestellten Inhalten. Der Website-Inhaber \u00fcbernimmt keine Haftung f\u00fcr Fehler, Ungenauigkeiten oder Unregelm\u00e4\u00dfigkeiten in den Werbeinhalten.<\/p>\r\n\r\n\r\n\r\n<p style=\"font-size:14px\">Etwaige Beschwerden im Zusammenhang mit den Werbeinhalten auf dieser Website k\u00f6nnen an folgende E-Mail-Adresse gerichtet werden: <a href=\"mailto:carlos@gind.es\">carlos@gind.es<\/a>.<\/p>\r\n\r\n\r\n\r\n<h2 class=\"wp-block-heading\" style=\"font-size:22px\">5. Geistiges und gewerbliches Eigentum<\/h2>\r\n\r\n\r\n\r\n<p style=\"font-size:14px\">Alle Rechte am geistigen und gewerblichen Eigentum dieser Website und der zugeh\u00f6rigen Seiten, einschlie\u00dflich, aber nicht beschr\u00e4nkt auf, Grafikdesign, Quellcode, Logos, Inhalte, Bilder, Texte, Illustrationen, Fotos, Datenbanken etc., sofern nicht anders angegeben, liegen ausschlie\u00dflich beim Website-Inhaber oder bei Dritten.<\/p>\r\n\r\n\r\n\r\n<p style=\"font-size:14px\">Der Inhaber beh\u00e4lt sich ausdr\u00fccklich alle Rechte vor. Ebenso sind alle auf der Website genannten Handelsnamen, Domains, Marken oder Erkennungszeichen gesetzlich gesch\u00fctzt. Es wird dem Nutzer keinerlei Lizenz oder Genehmigung f\u00fcr \u00f6ffentliche oder kommerzielle Nutzung dieser Rechte gew\u00e4hrt.<\/p>\r\n\r\n\r\n\r\n<p style=\"font-size:14px\">Der Nutzer darf auf die Inhalte und Dienste dieser Website ausschlie\u00dflich zum pers\u00f6nlichen und privaten Gebrauch zugreifen. Die Nutzung f\u00fcr kommerzielle oder \u00f6ffentliche Zwecke, die Verbreitung, Ver\u00f6ffentlichung, Ver\u00e4nderung oder Dekompilierung ist ohne ausdr\u00fcckliche schriftliche Genehmigung des Inhabers ausdr\u00fccklich untersagt.<\/p>\r\n\r\n\r\n\r\n<p style=\"font-size:14px\">Jede unerlaubte Nutzung stellt eine Verletzung der geistigen und\/oder gewerblichen Eigentumsrechte des Website-Inhabers oder der jeweiligen Rechteinhaber dar.<\/p>\r\n\r\n\r\n\r\n<h2 class=\"wp-block-heading\" style=\"font-size:22px\">6. Haftungsregelung<\/h2>\r\n\r\n\r\n\r\n<p style=\"font-size:14px\"><strong>6.1. Haftung f\u00fcr die Nutzung der Website<br><\/strong>Der Nutzer tr\u00e4gt die alleinige Verantwortung f\u00fcr alle Verst\u00f6\u00dfe oder Sch\u00e4den, die durch seine Nutzung der Website entstehen. Der Inhaber, seine Partner, Mitarbeiter oder Beauftragte \u00fcbernehmen keine Haftung f\u00fcr Handlungen des Nutzers. Obwohl der Website-Inhaber alle angemessenen Mittel zur Bereitstellung aktueller und verl\u00e4sslicher Informationen einsetzt, \u00fcbernimmt er keine Gew\u00e4hr f\u00fcr die Abwesenheit von Fehlern, Ungenauigkeiten oder Auslassungen auf der Website.<\/p>\r\n\r\n\r\n\r\n<p style=\"font-size:14px\">Der Nutzer tr\u00e4gt die alleinige Verantwortung f\u00fcr rechtliche Schritte Dritter aufgrund der Nutzung der Website. In einem solchen Fall \u00fcbernimmt der Nutzer s\u00e4mtliche Kosten, Ausgaben und Entsch\u00e4digungen, die dem Website-Inhaber entstehen.<\/p>\r\n\r\n\r\n\r\n<p style=\"font-size:14px\"><strong>6.2. Haftung f\u00fcr den Betrieb der Website<br><\/strong>Der Website-Inhaber haftet nicht f\u00fcr St\u00f6rungen, Ausf\u00e4lle, Viren oder Unterbrechungen infolge von Umst\u00e4nden au\u00dferhalb seiner Kontrolle.<\/p>\r\n\r\n\r\n\r\n<p style=\"font-size:14px\">Er haftet ebenfalls nicht f\u00fcr Verz\u00f6gerungen oder Systemausf\u00e4lle infolge von \u00dcberlastung der Leitungen oder unerlaubtem Zugriff Dritter. Er beh\u00e4lt sich das Recht vor, den Zugriff auf die Website vor\u00fcbergehend und ohne vorherige Ank\u00fcndigung zu unterbrechen, um Wartungs- oder Verbesserungsarbeiten durchzuf\u00fchren.<\/p>\r\n\r\n\r\n\r\n<p style=\"font-size:14px\"><strong>6.3. Haftung f\u00fcr Links<br><\/strong>Die Website kann Links zu externen Websites enthalten, die von Dritten verwaltet werden. Der Website-Inhaber \u00fcbernimmt keine Verantwortung f\u00fcr die Inhalte solcher externen Seiten.<\/p>\r\n\r\n\r\n\r\n<p style=\"font-size:14px\">Er haftet weder f\u00fcr deren Funktion, Ergebnisse, Genauigkeit oder Rechtm\u00e4\u00dfigkeit noch f\u00fcr Sch\u00e4den, die durch Informationen auf den verlinkten Seiten entstehen k\u00f6nnten.<\/p>\r\n\r\n\r\n\r\n<h2 class=\"wp-block-heading\" style=\"font-size:22px\">7. Datenschutz auf der Website<\/h2>\r\n\r\n\r\n\r\n<p style=\"font-size:14px\"><strong>7.1. \u00dcber Formulare<br><\/strong>Wenn der Nutzer \u00fcber Formulare personenbezogene Daten bereitstellt, gibt er dem Website-Inhaber ausdr\u00fccklich die Erlaubnis, diese f\u00fcr die im Formular genannten Zwecke zu verarbeiten. Die Daten werden in eine beim Website-Inhaber gef\u00fchrte Datei aufgenommen, die bei der Datenschutzbeh\u00f6rde gemeldet wurde.<\/p>\r\n\r\n\r\n\r\n<p style=\"font-size:14px\">Der Nutzer kann seine Rechte auf Auskunft, Berichtigung, L\u00f6schung oder Widerspruch durch eine schriftliche, unterschriebene Anfrage an die im Abschnitt \u201eKontakt\u201c angegebene Adresse aus\u00fcben.<\/p>\r\n\r\n\r\n\r\n<p style=\"font-size:14px\"><strong>7.2. \u00dcber Cookies<br><\/strong>Diese Website verwendet Cookies, mit denen folgende Informationen gespeichert werden k\u00f6nnen:<\/p>\r\n\r\n\r\n\r\n<ul style=\"font-size:14px\" class=\"wp-block-list\">\r\n<li>Datum und Uhrzeit des letzten Besuchs<\/li>\r\n\r\n\r\n\r\n<li>gew\u00e4hlte Layout-Einstellungen<\/li>\r\n\r\n\r\n\r\n<li>Serverdatum und lokale Client-Zeit<\/li>\r\n\r\n\r\n\r\n<li>bevorzugte Sprache: Der Nutzer kann die Speicherung von Cookies durch eine entsprechende Einstellung im Browser verhindern.<\/li>\r\n<\/ul>\r\n\r\n\r\n\r\n<p style=\"font-size:14px\"><strong>7.3. Vertraulichkeit<br><\/strong>Der Website-Inhaber verpflichtet sich, die Vertraulichkeit personenbezogener Daten zu wahren und geeignete Ma\u00dfnahmen zum Schutz vor unbefugtem Zugriff, Verlust oder Ver\u00e4nderung zu treffen \u2013 stets entsprechend dem Stand der Technik.<\/p>\r\n\r\n\r\n\r\n<h2 class=\"wp-block-heading\" style=\"font-size:22px\">8. Datenschutzerkl\u00e4rung<\/h2>\r\n\r\n\r\n\r\n<p style=\"font-size:14px\">Die Datenschutzerkl\u00e4rung kann vom Nutzer auf der hierf\u00fcr vorgesehenen Seite der Website eingesehen werden.<\/p>\r\n\r\n\r\n\r\n<h2 class=\"wp-block-heading\" style=\"font-size:22px\">9. Nutzerkommentare<\/h2>\r\n\r\n\r\n\r\n<p style=\"font-size:14px\">Der Nutzer garantiert, dass die bereitgestellten Informationen, Materialien und Inhalte keine Rechte Dritter verletzen. Solche Inhalte gelten als nicht vertraulich, und der Website-Inhaber beh\u00e4lt sich das Recht vor, diese frei zu verwenden.<\/p>\r\n\r\n\r\n\r\n<h2 class=\"wp-block-heading\" style=\"font-size:22px\">10. \u00c4nderungen der Nutzungsbedingungen<\/h2>\r\n\r\n\r\n\r\n<p style=\"font-size:14px\">Der Website-Inhaber beh\u00e4lt sich das Recht vor, die Nutzungsbedingungen jederzeit und ohne Vorank\u00fcndigung zu \u00e4ndern. Beim erneuten Zugriff auf die Website gelten automatisch die dann aktuellen Bedingungen, weshalb sie regelm\u00e4\u00dfig \u00fcberpr\u00fcft werden sollten.<\/p>\r\n\r\n\r\n\r\n<h2 class=\"wp-block-heading\" style=\"font-size:22px\">11. Anwendbares Recht und Gerichtsstand<\/h2>\r\n\r\n\r\n\r\n<p style=\"font-size:14px\">Alle Streitigkeiten im Zusammenhang mit der Auslegung oder Anwendung dieses rechtlichen Hinweises unterliegen spanischem Recht und der Zust\u00e4ndigkeit der spanischen Gerichte.<\/p>\r\n\r\n\r\n\r\n<div style=\"height:39px\" aria-hidden=\"true\" class=\"wp-block-spacer\"><\/div>\r\n","protected":false},"excerpt":{"rendered":"<p>Wer wir sind In \u00dcbereinstimmung mit den Bestimmungen des Gesetzes 34\/2002 vom 11. Juli \u00fcber Dienste der Informationsgesellschaft und des elektronischen Gesch\u00e4ftsverkehrs werden nachstehend die allgemeinen Informationen zu dieser Website angegeben: INHABER: GONDOLAS IN DESIGN SLUSteuernummer (CIF): B85434454ANSCHRIFT: Calle Bah\u00eda de Pollensa 11, 2\u00baA. 28042 Madrid 1. Identit\u00e4t des Website-Inhabers Die Identit\u00e4t und weitere Informationen [&hellip;]<\/p>\n","protected":false},"author":1,"featured_media":0,"parent":0,"menu_order":0,"comment_status":"closed","ping_status":"closed","template":"","meta":{"_et_pb_use_builder":"off","_et_pb_old_content":"","_et_gb_content_width":"1080","inline_featured_image":false,"footnotes":""},"class_list":["post-5306","page","type-page","status-publish","hentry"],"yoast_head":"<!-- This site is optimized with the Yoast SEO plugin v26.0 - https:\/\/yoast.com\/wordpress\/plugins\/seo\/ -->\n<title>Rechtlicher Hinweis - GIND<\/title>\n<meta name=\"robots\" content=\"noindex, nofollow\" \/>\n<meta property=\"og:locale\" content=\"de_DE\" \/>\n<meta property=\"og:type\" content=\"article\" \/>\n<meta property=\"og:title\" content=\"Rechtlicher Hinweis - GIND\" \/>\n<meta property=\"og:description\" content=\"Wer wir sind In \u00dcbereinstimmung mit den Bestimmungen des Gesetzes 34\/2002 vom 11. Juli \u00fcber Dienste der Informationsgesellschaft und des elektronischen Gesch\u00e4ftsverkehrs werden nachstehend die allgemeinen Informationen zu dieser Website angegeben: INHABER: GONDOLAS IN DESIGN SLUSteuernummer (CIF): B85434454ANSCHRIFT: Calle Bah\u00eda de Pollensa 11, 2\u00baA. 28042 Madrid 1. Identit\u00e4t des Website-Inhabers Die Identit\u00e4t und weitere Informationen [&hellip;]\" \/>\n<meta property=\"og:url\" content=\"https:\/\/gind.ivorysoluciones.com\/de\/rechtlicher-hinweis\/\" \/>\n<meta property=\"og:site_name\" content=\"GIND\" \/>\n<meta property=\"article:modified_time\" content=\"2025-08-26T07:33:32+00:00\" \/>\n<meta name=\"twitter:card\" content=\"summary_large_image\" \/>\n<meta name=\"twitter:label1\" content=\"Gesch\u00e4tzte Lesezeit\" \/>\n\t<meta name=\"twitter:data1\" content=\"5\u00a0Minuten\" \/>\n<script type=\"application\/ld+json\" class=\"yoast-schema-graph\">{\"@context\":\"https:\/\/schema.org\",\"@graph\":[{\"@type\":\"WebPage\",\"@id\":\"https:\/\/gind.ivorysoluciones.com\/de\/rechtlicher-hinweis\/\",\"url\":\"https:\/\/gind.ivorysoluciones.com\/de\/rechtlicher-hinweis\/\",\"name\":\"Rechtlicher Hinweis - GIND\",\"isPartOf\":{\"@id\":\"https:\/\/gind.ivorysoluciones.com\/de\/#website\"},\"datePublished\":\"2025-08-26T07:32:33+00:00\",\"dateModified\":\"2025-08-26T07:33:32+00:00\",\"inLanguage\":\"de\",\"potentialAction\":[{\"@type\":\"ReadAction\",\"target\":[\"https:\/\/gind.ivorysoluciones.com\/de\/rechtlicher-hinweis\/\"]}]},{\"@type\":\"WebSite\",\"@id\":\"https:\/\/gind.ivorysoluciones.com\/de\/#website\",\"url\":\"https:\/\/gind.ivorysoluciones.com\/de\/\",\"name\":\"GIND\",\"description\":\"\",\"publisher\":{\"@id\":\"https:\/\/gind.ivorysoluciones.com\/de\/#organization\"},\"potentialAction\":[{\"@type\":\"SearchAction\",\"target\":{\"@type\":\"EntryPoint\",\"urlTemplate\":\"https:\/\/gind.ivorysoluciones.com\/de\/?s={search_term_string}\"},\"query-input\":{\"@type\":\"PropertyValueSpecification\",\"valueRequired\":true,\"valueName\":\"search_term_string\"}}],\"inLanguage\":\"de\"},{\"@type\":\"Organization\",\"@id\":\"https:\/\/gind.ivorysoluciones.com\/de\/#organization\",\"name\":\"GIND\",\"url\":\"https:\/\/gind.ivorysoluciones.com\/de\/\",\"logo\":{\"@type\":\"ImageObject\",\"inLanguage\":\"de\",\"@id\":\"https:\/\/gind.ivorysoluciones.com\/de\/#\/schema\/logo\/image\/\",\"url\":\"https:\/\/gind.ivorysoluciones.com\/wp-content\/uploads\/2024\/11\/gind-logo.svg\",\"contentUrl\":\"https:\/\/gind.ivorysoluciones.com\/wp-content\/uploads\/2024\/11\/gind-logo.svg\",\"width\":271,\"height\":126,\"caption\":\"GIND\"},\"image\":{\"@id\":\"https:\/\/gind.ivorysoluciones.com\/de\/#\/schema\/logo\/image\/\"}}]}<\/script>\n<!-- \/ Yoast SEO plugin. -->","yoast_head_json":{"title":"Rechtlicher Hinweis - GIND","robots":{"index":"noindex","follow":"nofollow"},"og_locale":"de_DE","og_type":"article","og_title":"Rechtlicher Hinweis - GIND","og_description":"Wer wir sind In \u00dcbereinstimmung mit den Bestimmungen des Gesetzes 34\/2002 vom 11. Juli \u00fcber Dienste der Informationsgesellschaft und des elektronischen Gesch\u00e4ftsverkehrs werden nachstehend die allgemeinen Informationen zu dieser Website angegeben: INHABER: GONDOLAS IN DESIGN SLUSteuernummer (CIF): B85434454ANSCHRIFT: Calle Bah\u00eda de Pollensa 11, 2\u00baA. 28042 Madrid 1. Identit\u00e4t des Website-Inhabers Die Identit\u00e4t und weitere Informationen [&hellip;]","og_url":"https:\/\/gind.ivorysoluciones.com\/de\/rechtlicher-hinweis\/","og_site_name":"GIND","article_modified_time":"2025-08-26T07:33:32+00:00","twitter_card":"summary_large_image","twitter_misc":{"Gesch\u00e4tzte Lesezeit":"5\u00a0Minuten"},"schema":{"@context":"https:\/\/schema.org","@graph":[{"@type":"WebPage","@id":"https:\/\/gind.ivorysoluciones.com\/de\/rechtlicher-hinweis\/","url":"https:\/\/gind.ivorysoluciones.com\/de\/rechtlicher-hinweis\/","name":"Rechtlicher Hinweis - GIND","isPartOf":{"@id":"https:\/\/gind.ivorysoluciones.com\/de\/#website"},"datePublished":"2025-08-26T07:32:33+00:00","dateModified":"2025-08-26T07:33:32+00:00","inLanguage":"de","potentialAction":[{"@type":"ReadAction","target":["https:\/\/gind.ivorysoluciones.com\/de\/rechtlicher-hinweis\/"]}]},{"@type":"WebSite","@id":"https:\/\/gind.ivorysoluciones.com\/de\/#website","url":"https:\/\/gind.ivorysoluciones.com\/de\/","name":"GIND","description":"","publisher":{"@id":"https:\/\/gind.ivorysoluciones.com\/de\/#organization"},"potentialAction":[{"@type":"SearchAction","target":{"@type":"EntryPoint","urlTemplate":"https:\/\/gind.ivorysoluciones.com\/de\/?s={search_term_string}"},"query-input":{"@type":"PropertyValueSpecification","valueRequired":true,"valueName":"search_term_string"}}],"inLanguage":"de"},{"@type":"Organization","@id":"https:\/\/gind.ivorysoluciones.com\/de\/#organization","name":"GIND","url":"https:\/\/gind.ivorysoluciones.com\/de\/","logo":{"@type":"ImageObject","inLanguage":"de","@id":"https:\/\/gind.ivorysoluciones.com\/de\/#\/schema\/logo\/image\/","url":"https:\/\/gind.ivorysoluciones.com\/wp-content\/uploads\/2024\/11\/gind-logo.svg","contentUrl":"https:\/\/gind.ivorysoluciones.com\/wp-content\/uploads\/2024\/11\/gind-logo.svg","width":271,"height":126,"caption":"GIND"},"image":{"@id":"https:\/\/gind.ivorysoluciones.com\/de\/#\/schema\/logo\/image\/"}}]}},"_links":{"self":[{"href":"https:\/\/gind.ivorysoluciones.com\/de\/wp-json\/wp\/v2\/pages\/5306","targetHints":{"allow":["GET"]}}],"collection":[{"href":"https:\/\/gind.ivorysoluciones.com\/de\/wp-json\/wp\/v2\/pages"}],"about":[{"href":"https:\/\/gind.ivorysoluciones.com\/de\/wp-json\/wp\/v2\/types\/page"}],"author":[{"embeddable":true,"href":"https:\/\/gind.ivorysoluciones.com\/de\/wp-json\/wp\/v2\/users\/1"}],"replies":[{"embeddable":true,"href":"https:\/\/gind.ivorysoluciones.com\/de\/wp-json\/wp\/v2\/comments?post=5306"}],"version-history":[{"count":2,"href":"https:\/\/gind.ivorysoluciones.com\/de\/wp-json\/wp\/v2\/pages\/5306\/revisions"}],"predecessor-version":[{"id":5308,"href":"https:\/\/gind.ivorysoluciones.com\/de\/wp-json\/wp\/v2\/pages\/5306\/revisions\/5308"}],"wp:attachment":[{"href":"https:\/\/gind.ivorysoluciones.com\/de\/wp-json\/wp\/v2\/media?parent=5306"}],"curies":[{"name":"wp","href":"https:\/\/api.w.org\/{rel}","templated":true}]}}