{"id":1327,"date":"2024-12-11T16:00:45","date_gmt":"2024-12-11T16:00:45","guid":{"rendered":"https:\/\/gind.es\/?page_id=1327"},"modified":"2025-01-29T09:35:07","modified_gmt":"2025-01-29T09:35:07","slug":"producto-monorrail","status":"publish","type":"page","link":"https:\/\/gind.ivorysoluciones.com\/es\/producto-monorrail\/","title":{"rendered":"Monorra\u00edl"},"content":{"rendered":"\n[et_pb_section fb_built=\u00bb1&#8243; module_class=\u00bbbanner-soluciones\u00bb _builder_version=\u00bb4.27.4&#8243; _module_preset=\u00bbdefault\u00bb background_image=\u00bbhttps:\/\/gind.ivorysoluciones.com\/wp-content\/uploads\/2024\/12\/gind-monorrail-1.webp\u00bb background_position=\u00bbtop_center\u00bb min_height=\u00bb600px\u00bb global_colors_info=\u00bb{}\u00bb][et_pb_row column_structure=\u00bb1_2,1_2&#8243; use_custom_gutter=\u00bbon\u00bb gutter_width=\u00bb1&#8243; _builder_version=\u00bb4.27.4&#8243; _module_preset=\u00bbdefault\u00bb global_colors_info=\u00bb{}\u00bb][et_pb_column type=\u00bb1_2&#8243; module_class=\u00bbbordes-blancos-soluciones\u00bb _builder_version=\u00bb4.27.4&#8243; _module_preset=\u00bbdefault\u00bb background_color=\u00bbrgba(34,31,31,0.37)\u00bb custom_padding=\u00bb30px|35px|40px|35px|false|true\u00bb border_radii=\u00bbon|10px|10px|10px|10px\u00bb global_colors_info=\u00bb{}\u00bb][et_pb_text _builder_version=\u00bb4.27.4&#8243; _module_preset=\u00bbdefault\u00bb text_font=\u00bb|600|||||||\u00bb text_text_color=\u00bb#FFFFFF\u00bb custom_margin=\u00bb||10px||false|false\u00bb global_colors_info=\u00bb{}\u00bb]<p>PRODUCTO BMU<\/p>[\/et_pb_text][et_pb_heading title=\u00bbGinD\u00ae Monorra\u00edl\u00bb _builder_version=\u00bb4.27.4&#8243; _module_preset=\u00bbdefault\u00bb title_font=\u00bb||||||||\u00bb title_text_color=\u00bb#FFFFFF\u00bb title_font_size=\u00bb46px\u00bb custom_margin=\u00bb||10px||false|false\u00bb custom_padding=\u00bb||||false|false\u00bb title_font_size_tablet=\u00bb46px\u00bb title_font_size_phone=\u00bb36px\u00bb title_font_size_last_edited=\u00bbon|phone\u00bb global_colors_info=\u00bb{}\u00bb][\/et_pb_heading][et_pb_text _builder_version=\u00bb4.27.4&#8243; _module_preset=\u00bbdefault\u00bb text_text_color=\u00bb#FFFFFF\u00bb text_font_size=\u00bb18px\u00bb global_colors_info=\u00bb{}\u00bb]<p>En algunos edificios en los que el acceso a la cubierta no es factible o el edificio cubre una superficie enorme (aeropuertos, por ejemplo), podemos proponer un sistema de monorra\u00edl como la soluci\u00f3n m\u00e1s adecuada<\/p>[\/et_pb_text][\/et_pb_column][et_pb_column type=\u00bb1_2&#8243; _builder_version=\u00bb4.27.4&#8243; _module_preset=\u00bbdefault\u00bb global_colors_info=\u00bb{}\u00bb][\/et_pb_column][\/et_pb_row][\/et_pb_section][et_pb_section fb_built=\u00bb1&#8243; _builder_version=\u00bb4.27.4&#8243; _module_preset=\u00bbdefault\u00bb global_colors_info=\u00bb{}\u00bb][et_pb_row column_structure=\u00bb1_2,1_2&#8243; make_equal=\u00bbon\u00bb _builder_version=\u00bb4.27.4&#8243; _module_preset=\u00bbdefault\u00bb global_colors_info=\u00bb{}\u00bb][et_pb_column type=\u00bb1_2&#8243; _builder_version=\u00bb4.27.4&#8243; _module_preset=\u00bbdefault\u00bb custom_padding=\u00bb2rem||||false|false\u00bb custom_padding_tablet=\u00bb0rem||||false|false\u00bb custom_padding_phone=\u00bb0rem||||false|false\u00bb custom_padding_last_edited=\u00bbon|tablet\u00bb global_colors_info=\u00bb{}\u00bb][et_pb_heading title=\u00bbMonorra\u00edl\u00bb module_class=\u00bbbordes-azules\u00bb _builder_version=\u00bb4.27.4&#8243; _module_preset=\u00bbdefault\u00bb title_level=\u00bbh2&#8243; title_font=\u00bb|700|||||||\u00bb title_text_align=\u00bbleft\u00bb title_font_size=\u00bb42px\u00bb custom_margin=\u00bb||||false|false\u00bb custom_padding=\u00bb|||1.5rem|false|false\u00bb title_font_size_tablet=\u00bb42px\u00bb title_font_size_phone=\u00bb32px\u00bb title_font_size_last_edited=\u00bbon|phone\u00bb global_colors_info=\u00bb{}\u00bb][\/et_pb_heading][\/et_pb_column][et_pb_column type=\u00bb1_2&#8243; _builder_version=\u00bb4.27.4&#8243; _module_preset=\u00bbdefault\u00bb global_colors_info=\u00bb{}\u00bb][et_pb_text _builder_version=\u00bb4.27.4&#8243; _module_preset=\u00bbdefault\u00bb text_font_size=\u00bb18px\u00bb width=\u00bb92%\u00bb width_tablet=\u00bb100%\u00bb width_phone=\u00bb100%\u00bb width_last_edited=\u00bbon|tablet\u00bb global_colors_info=\u00bb{}\u00bb]<p>El sistema de monorra\u00edl permite que diferentes equipos de mantenimiento de edificios trabajen en distintas zonas, lo que proporciona un <strong>mejor rendimiento de limpieza<\/strong>. Los sistemas de monorra\u00edles GinD est\u00e1n dise\u00f1ados y fabricados de tal forma que permiten desconectar el monorra\u00edl GinD y aparcarlo en una zona no visible. Los ra\u00edles tambi\u00e9n pueden empotrarse en el edificio para reducir el impacto visual.<\/p>[\/et_pb_text][\/et_pb_column][\/et_pb_row][et_pb_row column_structure=\u00bb1_2,1_2&#8243; make_equal=\u00bbon\u00bb _builder_version=\u00bb4.27.4&#8243; _module_preset=\u00bbdefault\u00bb global_colors_info=\u00bb{}\u00bb][et_pb_column type=\u00bb1_2&#8243; module_class=\u00bbcentrar-columna\u00bb _builder_version=\u00bb4.27.4&#8243; _module_preset=\u00bbdefault\u00bb custom_padding=\u00bb2rem||||false|false\u00bb custom_padding_tablet=\u00bb0rem||||false|false\u00bb custom_padding_phone=\u00bb0rem||||false|false\u00bb custom_padding_last_edited=\u00bbon|tablet\u00bb global_colors_info=\u00bb{}\u00bb][et_pb_text _builder_version=\u00bb4.27.4&#8243; _module_preset=\u00bbdefault\u00bb header_2_font=\u00bb|700|||||||\u00bb header_2_font_size=\u00bb38px\u00bb width_tablet=\u00bb100%\u00bb width_phone=\u00bb100%\u00bb width_last_edited=\u00bbon|desktop\u00bb custom_margin=\u00bb||15px||false|false\u00bb header_2_font_size_tablet=\u00bb38px\u00bb header_2_font_size_phone=\u00bb30px\u00bb header_2_font_size_last_edited=\u00bbon|phone\u00bb global_colors_info=\u00bb{}\u00bb]<h2><span class=\"txtazul\">Componentes<\/span> del sistema Monorra\u00edl<\/h2>[\/et_pb_text][et_pb_blurb image_icon_background_color=\u00bb#FFFFFF\u00bb image=\u00bbhttps:\/\/gind.ivorysoluciones.com\/wp-content\/uploads\/2024\/12\/gind-circulo.svg\u00bb alt=\u00bbGIND\u00bb icon_placement=\u00bbleft\u00bb image_icon_width=\u00bb20px\u00bb content_max_width=\u00bb100%\u00bb _builder_version=\u00bb4.27.4&#8243; _module_preset=\u00bbdefault\u00bb body_line_height=\u00bb1.2em\u00bb background_enable_color=\u00bboff\u00bb width=\u00bb100%\u00bb width_tablet=\u00bb100%\u00bb width_phone=\u00bb100%\u00bb width_last_edited=\u00bbon|tablet\u00bb module_alignment=\u00bbleft\u00bb custom_margin=\u00bb||5px||false|false\u00bb custom_padding=\u00bb1rem|1rem|||false|false\u00bb border_radii=\u00bbon|10px|10px|10px|10px\u00bb border_radii_image=\u00bbon|20px|20px|20px|20px\u00bb locked=\u00bboff\u00bb global_colors_info=\u00bb{}\u00bb]<p><strong>Carril de aluminio\/acero<\/strong>:\u00a0Este carril seguir\u00e1 el perfil de la fachada en curvas, esquinas e incluso en pendientes elevadas si es necesario<\/p>[\/et_pb_blurb][et_pb_blurb image_icon_background_color=\u00bb#FFFFFF\u00bb image=\u00bbhttps:\/\/gind.ivorysoluciones.com\/wp-content\/uploads\/2024\/12\/gind-circulo.svg\u00bb alt=\u00bbGIND\u00bb icon_placement=\u00bbleft\u00bb image_icon_width=\u00bb20px\u00bb content_max_width=\u00bb100%\u00bb _builder_version=\u00bb4.27.4&#8243; _module_preset=\u00bbdefault\u00bb body_line_height=\u00bb1.2em\u00bb background_enable_color=\u00bboff\u00bb width=\u00bb100%\u00bb width_tablet=\u00bb100%\u00bb width_phone=\u00bb100%\u00bb width_last_edited=\u00bbon|tablet\u00bb module_alignment=\u00bbleft\u00bb custom_margin=\u00bb||5px||false|false\u00bb custom_padding=\u00bb1rem|1rem|||false|false\u00bb border_radii=\u00bbon|10px|10px|10px|10px\u00bb border_radii_image=\u00bbon|20px|20px|20px|20px\u00bb locked=\u00bboff\u00bb global_colors_info=\u00bb{}\u00bb]<p><strong>Carros motorizados\/manuales<\/strong> que circulan por la v\u00eda<\/p>[\/et_pb_blurb][et_pb_blurb image_icon_background_color=\u00bb#FFFFFF\u00bb image=\u00bbhttps:\/\/gind.ivorysoluciones.com\/wp-content\/uploads\/2024\/12\/gind-circulo.svg\u00bb alt=\u00bbGIND\u00bb icon_placement=\u00bbleft\u00bb image_icon_width=\u00bb20px\u00bb content_max_width=\u00bb100%\u00bb _builder_version=\u00bb4.27.4&#8243; _module_preset=\u00bbdefault\u00bb body_line_height=\u00bb1.2em\u00bb background_enable_color=\u00bboff\u00bb width=\u00bb100%\u00bb width_tablet=\u00bb100%\u00bb width_phone=\u00bb100%\u00bb width_last_edited=\u00bbon|tablet\u00bb module_alignment=\u00bbleft\u00bb custom_margin=\u00bb||5px||false|false\u00bb custom_padding=\u00bb1rem|1rem|||false|false\u00bb border_radii=\u00bbon|10px|10px|10px|10px\u00bb border_radii_image=\u00bbon|20px|20px|20px|20px\u00bb locked=\u00bboff\u00bb global_colors_info=\u00bb{}\u00bb]<p><strong>Plataforma autopropulsada (GinD MRT)<\/strong>: se suspende de los carros mediante una viga de conexi\u00f3n y al menos 2 cables met\u00e1licos. Puede estar dise\u00f1ada para 1 o 2 operarios<\/p>[\/et_pb_blurb][\/et_pb_column][et_pb_column type=\u00bb1_2&#8243; _builder_version=\u00bb4.27.4&#8243; _module_preset=\u00bbdefault\u00bb custom_padding=\u00bb2rem||||false|false\u00bb custom_padding_tablet=\u00bb0rem||||false|false\u00bb custom_padding_phone=\u00bb0rem||||false|false\u00bb custom_padding_last_edited=\u00bbon|tablet\u00bb global_colors_info=\u00bb{}\u00bb][et_pb_image src=\u00bbhttps:\/\/gind.ivorysoluciones.com\/wp-content\/uploads\/2024\/12\/gind-monorrail-rascacielos.webp\u00bb alt=\u00bbGIND Monorrail Rascacielos\u00bb title_text=\u00bbgind-monorrail-rascacielos\u00bb align=\u00bbcenter\u00bb _builder_version=\u00bb4.27.4&#8243; _module_preset=\u00bbdefault\u00bb width=\u00bb70%\u00bb border_radii=\u00bbon|20px|20px|20px|20px\u00bb global_colors_info=\u00bb{}\u00bb][\/et_pb_image][\/et_pb_column][\/et_pb_row][et_pb_row column_structure=\u00bb3_5,2_5&#8243; _builder_version=\u00bb4.27.4&#8243; _module_preset=\u00bbdefault\u00bb global_colors_info=\u00bb{}\u00bb][et_pb_column type=\u00bb3_5&#8243; module_class=\u00bbmargin-bottom-columna\u00bb _builder_version=\u00bb4.27.4&#8243; _module_preset=\u00bbdefault\u00bb global_colors_info=\u00bb{}\u00bb][et_pb_text _builder_version=\u00bb4.27.4&#8243; _module_preset=\u00bbdefault\u00bb text_font=\u00bb|600|||||||\u00bb text_text_color=\u00bb#969696&#8243; custom_margin=\u00bb||0px||false|false\u00bb global_colors_info=\u00bb{}\u00bb]<p>HECHO A MEDIDA<\/p>[\/et_pb_text][et_pb_text _builder_version=\u00bb4.27.4&#8243; _module_preset=\u00bbdefault\u00bb header_2_font=\u00bb|700|||||||\u00bb header_2_font_size=\u00bb38px\u00bb width=\u00bb100%\u00bb width_tablet=\u00bb100%\u00bb width_phone=\u00bb100%\u00bb width_last_edited=\u00bbon|desktop\u00bb custom_margin=\u00bb||15px||false|false\u00bb header_2_font_size_tablet=\u00bb38px\u00bb header_2_font_size_phone=\u00bb30px\u00bb header_2_font_size_last_edited=\u00bbon|phone\u00bb global_colors_info=\u00bb{}\u00bb]<h2><span class=\"txtazul\">Configuraciones<\/span> de la plataforma autoportante GinD MRT<\/h2>[\/et_pb_text][\/et_pb_column][et_pb_column type=\u00bb2_5&#8243; _builder_version=\u00bb4.27.4&#8243; _module_preset=\u00bbdefault\u00bb global_colors_info=\u00bb{}\u00bb][\/et_pb_column][\/et_pb_row][et_pb_row column_structure=\u00bb1_2,1_2&#8243; use_custom_gutter=\u00bbon\u00bb gutter_width=\u00bb2&#8243; make_equal=\u00bbon\u00bb _builder_version=\u00bb4.27.4&#8243; _module_preset=\u00bbdefault\u00bb custom_margin=\u00bb0px||0px||true|false\u00bb custom_padding=\u00bb0px||0px||true|false\u00bb global_colors_info=\u00bb{}\u00bb][et_pb_column type=\u00bb1_2&#8243; module_class=\u00bbmargin-bottom-columna\u00bb _builder_version=\u00bb4.27.4&#8243; _module_preset=\u00bbdefault\u00bb global_colors_info=\u00bb{}\u00bb][et_pb_blurb image_icon_background_color=\u00bb#FFFFFF\u00bb image=\u00bbhttps:\/\/gind.ivorysoluciones.com\/wp-content\/uploads\/2024\/12\/gind-circulo.svg\u00bb alt=\u00bbGIND\u00bb icon_placement=\u00bbleft\u00bb image_icon_width=\u00bb20px\u00bb content_max_width=\u00bb100%\u00bb _builder_version=\u00bb4.27.4&#8243; _module_preset=\u00bbdefault\u00bb body_line_height=\u00bb1.2em\u00bb background_color=\u00bb#ccebf3&#8243; width_tablet=\u00bb100%\u00bb width_phone=\u00bb100%\u00bb width_last_edited=\u00bbon|tablet\u00bb module_alignment=\u00bbleft\u00bb custom_margin=\u00bb||15px||false|false\u00bb custom_padding=\u00bb2rem|1.25rem|2rem|1.25rem|true|true\u00bb border_radii=\u00bbon|10px|10px|10px|10px\u00bb border_radii_image=\u00bbon|20px|20px|20px|20px\u00bb locked=\u00bboff\u00bb global_colors_info=\u00bb{}\u00bb]<p>Diferentes longitudes y anchuras (configuraci\u00f3n fija)<\/p>[\/et_pb_blurb][et_pb_blurb image_icon_background_color=\u00bb#FFFFFF\u00bb image=\u00bbhttps:\/\/gind.ivorysoluciones.com\/wp-content\/uploads\/2024\/12\/gind-circulo.svg\u00bb alt=\u00bbGIND\u00bb icon_placement=\u00bbleft\u00bb image_icon_width=\u00bb20px\u00bb content_max_width=\u00bb100%\u00bb _builder_version=\u00bb4.27.4&#8243; _module_preset=\u00bbdefault\u00bb body_line_height=\u00bb1.2em\u00bb background_color=\u00bb#ccebf3&#8243; width_tablet=\u00bb100%\u00bb width_phone=\u00bb100%\u00bb width_last_edited=\u00bbon|tablet\u00bb module_alignment=\u00bbleft\u00bb custom_margin=\u00bb||15px||false|false\u00bb custom_padding=\u00bb2rem|1.25rem|2rem|1.25rem|true|true\u00bb border_radii=\u00bbon|10px|10px|10px|10px\u00bb border_radii_image=\u00bbon|20px|20px|20px|20px\u00bb locked=\u00bboff\u00bb global_colors_info=\u00bb{}\u00bb]<p>M\u00f3dulos telesc\u00f3picos en ambos lados (aumentando anchura y longitud)<\/p>[\/et_pb_blurb][\/et_pb_column][et_pb_column type=\u00bb1_2&#8243; _builder_version=\u00bb4.27.4&#8243; _module_preset=\u00bbdefault\u00bb global_colors_info=\u00bb{}\u00bb][et_pb_blurb image_icon_background_color=\u00bb#FFFFFF\u00bb image=\u00bbhttps:\/\/gind.ivorysoluciones.com\/wp-content\/uploads\/2024\/12\/gind-circulo.svg\u00bb alt=\u00bbGIND\u00bb icon_placement=\u00bbleft\u00bb image_icon_width=\u00bb20px\u00bb content_max_width=\u00bb100%\u00bb _builder_version=\u00bb4.27.4&#8243; _module_preset=\u00bbdefault\u00bb body_line_height=\u00bb1.2em\u00bb background_color=\u00bb#ccebf3&#8243; width_tablet=\u00bb100%\u00bb width_phone=\u00bb100%\u00bb width_last_edited=\u00bbon|tablet\u00bb module_alignment=\u00bbleft\u00bb custom_margin=\u00bb||15px||false|false\u00bb custom_padding=\u00bb2rem|1.25rem|2rem|1.25rem|true|true\u00bb border_radii=\u00bbon|10px|10px|10px|10px\u00bb border_radii_image=\u00bbon|20px|20px|20px|20px\u00bb locked=\u00bboff\u00bb global_colors_info=\u00bb{}\u00bb]<p>Configuraci\u00f3n modular<\/p>[\/et_pb_blurb][\/et_pb_column][\/et_pb_row][\/et_pb_section][et_pb_section fb_built=\u00bb1&#8243; _builder_version=\u00bb4.27.4&#8243; _module_preset=\u00bbdefault\u00bb background_color=\u00bb#d4e8e7&#8243; hover_enabled=\u00bb0&#8243; global_colors_info=\u00bb{}\u00bb disabled_on=\u00bbon|on|on\u00bb disabled=\u00bbon\u00bb sticky_enabled=\u00bb0&#8243;][et_pb_row column_structure=\u00bb3_5,2_5&#8243; _builder_version=\u00bb4.27.4&#8243; _module_preset=\u00bbdefault\u00bb global_colors_info=\u00bb{}\u00bb][et_pb_column type=\u00bb3_5&#8243; _builder_version=\u00bb4.27.4&#8243; _module_preset=\u00bbdefault\u00bb global_colors_info=\u00bb{}\u00bb][et_pb_text _builder_version=\u00bb4.27.4&#8243; _module_preset=\u00bbdefault\u00bb text_font=\u00bb|600|||||||\u00bb text_text_color=\u00bb#969696&#8243; custom_margin=\u00bb||0px||false|false\u00bb global_colors_info=\u00bb{}\u00bb]<p>GALER\u00cdA<\/p>[\/et_pb_text][et_pb_text _builder_version=\u00bb4.27.4&#8243; _module_preset=\u00bbdefault\u00bb header_2_font=\u00bb|700|||||||\u00bb header_2_font_size=\u00bb38px\u00bb width=\u00bb73%\u00bb width_tablet=\u00bb100%\u00bb width_phone=\u00bb100%\u00bb width_last_edited=\u00bbon|desktop\u00bb custom_margin=\u00bb||15px||false|false\u00bb header_2_font_size_tablet=\u00bb38px\u00bb header_2_font_size_phone=\u00bb30px\u00bb header_2_font_size_last_edited=\u00bbon|phone\u00bb global_colors_info=\u00bb{}\u00bb]<h2><span class=\"txtazul\">Explora nuestro modelo Monora\u00edl<\/span> utilizado en diferentes proyectos<\/h2>[\/et_pb_text][\/et_pb_column][et_pb_column type=\u00bb2_5&#8243; _builder_version=\u00bb4.27.4&#8243; _module_preset=\u00bbdefault\u00bb global_colors_info=\u00bb{}\u00bb][\/et_pb_column][\/et_pb_row][\/et_pb_section]\n","protected":false},"excerpt":{"rendered":"<p>PRODUCTO BMUEn algunos edificios en los que el acceso a la cubierta no es factible o el edificio cubre una superficie enorme (aeropuertos, por ejemplo), podemos proponer un sistema de monorra\u00edl como la soluci\u00f3n m\u00e1s adecuadaEl sistema de monorra\u00edl permite que diferentes equipos de mantenimiento de edificios trabajen en distintas zonas, lo que proporciona un [&hellip;]<\/p>\n","protected":false},"author":1,"featured_media":0,"parent":0,"menu_order":0,"comment_status":"closed","ping_status":"closed","template":"","meta":{"_et_pb_use_builder":"on","_et_pb_old_content":"","_et_gb_content_width":"","inline_featured_image":false,"footnotes":""},"class_list":["post-1327","page","type-page","status-publish","hentry"],"yoast_head":"<!-- This site is optimized with the Yoast SEO plugin v26.0 - https:\/\/yoast.com\/wordpress\/plugins\/seo\/ -->\n<title>Monorra\u00edl - GIND<\/title>\n<meta name=\"robots\" content=\"noindex, follow, max-snippet:-1, max-image-preview:large, max-video-preview:-1\" \/>\n<meta property=\"og:locale\" content=\"es_ES\" \/>\n<meta property=\"og:type\" content=\"article\" \/>\n<meta property=\"og:title\" content=\"Monorra\u00edl - GIND\" \/>\n<meta property=\"og:description\" content=\"PRODUCTO BMUEn algunos edificios en los que el acceso a la cubierta no es factible o el edificio cubre una superficie enorme (aeropuertos, por ejemplo), podemos proponer un sistema de monorra\u00edl como la soluci\u00f3n m\u00e1s adecuadaEl sistema de monorra\u00edl permite que diferentes equipos de mantenimiento de edificios trabajen en distintas zonas, lo que proporciona un [&hellip;]\" \/>\n<meta property=\"og:url\" content=\"https:\/\/gind.ivorysoluciones.com\/es\/producto-monorrail\/\" \/>\n<meta property=\"og:site_name\" content=\"GIND\" \/>\n<meta property=\"article:modified_time\" content=\"2025-01-29T09:35:07+00:00\" \/>\n<meta name=\"twitter:card\" content=\"summary_large_image\" \/>\n<meta name=\"twitter:label1\" content=\"Tiempo de lectura\" \/>\n\t<meta name=\"twitter:data1\" content=\"3 minutos\" \/>\n<script type=\"application\/ld+json\" class=\"yoast-schema-graph\">{\"@context\":\"https:\/\/schema.org\",\"@graph\":[{\"@type\":\"WebPage\",\"@id\":\"https:\/\/gind.ivorysoluciones.com\/es\/producto-monorrail\/\",\"url\":\"https:\/\/gind.ivorysoluciones.com\/es\/producto-monorrail\/\",\"name\":\"Monorra\u00edl - GIND\",\"isPartOf\":{\"@id\":\"https:\/\/gind.ivorysoluciones.com\/es\/#website\"},\"datePublished\":\"2024-12-11T16:00:45+00:00\",\"dateModified\":\"2025-01-29T09:35:07+00:00\",\"inLanguage\":\"es\",\"potentialAction\":[{\"@type\":\"ReadAction\",\"target\":[\"https:\/\/gind.ivorysoluciones.com\/es\/producto-monorrail\/\"]}]},{\"@type\":\"WebSite\",\"@id\":\"https:\/\/gind.ivorysoluciones.com\/es\/#website\",\"url\":\"https:\/\/gind.ivorysoluciones.com\/es\/\",\"name\":\"GIND\",\"description\":\"\",\"publisher\":{\"@id\":\"https:\/\/gind.ivorysoluciones.com\/es\/#organization\"},\"potentialAction\":[{\"@type\":\"SearchAction\",\"target\":{\"@type\":\"EntryPoint\",\"urlTemplate\":\"https:\/\/gind.ivorysoluciones.com\/es\/?s={search_term_string}\"},\"query-input\":{\"@type\":\"PropertyValueSpecification\",\"valueRequired\":true,\"valueName\":\"search_term_string\"}}],\"inLanguage\":\"es\"},{\"@type\":\"Organization\",\"@id\":\"https:\/\/gind.ivorysoluciones.com\/es\/#organization\",\"name\":\"GIND\",\"url\":\"https:\/\/gind.ivorysoluciones.com\/es\/\",\"logo\":{\"@type\":\"ImageObject\",\"inLanguage\":\"es\",\"@id\":\"https:\/\/gind.ivorysoluciones.com\/es\/#\/schema\/logo\/image\/\",\"url\":\"https:\/\/gind.ivorysoluciones.com\/wp-content\/uploads\/2024\/11\/gind-logo.svg\",\"contentUrl\":\"https:\/\/gind.ivorysoluciones.com\/wp-content\/uploads\/2024\/11\/gind-logo.svg\",\"width\":271,\"height\":126,\"caption\":\"GIND\"},\"image\":{\"@id\":\"https:\/\/gind.ivorysoluciones.com\/es\/#\/schema\/logo\/image\/\"}}]}<\/script>\n<!-- \/ Yoast SEO plugin. -->","yoast_head_json":{"title":"Monorra\u00edl - GIND","robots":{"index":"noindex","follow":"follow","max-snippet":"max-snippet:-1","max-image-preview":"max-image-preview:large","max-video-preview":"max-video-preview:-1"},"og_locale":"es_ES","og_type":"article","og_title":"Monorra\u00edl - GIND","og_description":"PRODUCTO BMUEn algunos edificios en los que el acceso a la cubierta no es factible o el edificio cubre una superficie enorme (aeropuertos, por ejemplo), podemos proponer un sistema de monorra\u00edl como la soluci\u00f3n m\u00e1s adecuadaEl sistema de monorra\u00edl permite que diferentes equipos de mantenimiento de edificios trabajen en distintas zonas, lo que proporciona un [&hellip;]","og_url":"https:\/\/gind.ivorysoluciones.com\/es\/producto-monorrail\/","og_site_name":"GIND","article_modified_time":"2025-01-29T09:35:07+00:00","twitter_card":"summary_large_image","twitter_misc":{"Tiempo de lectura":"3 minutos"},"schema":{"@context":"https:\/\/schema.org","@graph":[{"@type":"WebPage","@id":"https:\/\/gind.ivorysoluciones.com\/es\/producto-monorrail\/","url":"https:\/\/gind.ivorysoluciones.com\/es\/producto-monorrail\/","name":"Monorra\u00edl - GIND","isPartOf":{"@id":"https:\/\/gind.ivorysoluciones.com\/es\/#website"},"datePublished":"2024-12-11T16:00:45+00:00","dateModified":"2025-01-29T09:35:07+00:00","inLanguage":"es","potentialAction":[{"@type":"ReadAction","target":["https:\/\/gind.ivorysoluciones.com\/es\/producto-monorrail\/"]}]},{"@type":"WebSite","@id":"https:\/\/gind.ivorysoluciones.com\/es\/#website","url":"https:\/\/gind.ivorysoluciones.com\/es\/","name":"GIND","description":"","publisher":{"@id":"https:\/\/gind.ivorysoluciones.com\/es\/#organization"},"potentialAction":[{"@type":"SearchAction","target":{"@type":"EntryPoint","urlTemplate":"https:\/\/gind.ivorysoluciones.com\/es\/?s={search_term_string}"},"query-input":{"@type":"PropertyValueSpecification","valueRequired":true,"valueName":"search_term_string"}}],"inLanguage":"es"},{"@type":"Organization","@id":"https:\/\/gind.ivorysoluciones.com\/es\/#organization","name":"GIND","url":"https:\/\/gind.ivorysoluciones.com\/es\/","logo":{"@type":"ImageObject","inLanguage":"es","@id":"https:\/\/gind.ivorysoluciones.com\/es\/#\/schema\/logo\/image\/","url":"https:\/\/gind.ivorysoluciones.com\/wp-content\/uploads\/2024\/11\/gind-logo.svg","contentUrl":"https:\/\/gind.ivorysoluciones.com\/wp-content\/uploads\/2024\/11\/gind-logo.svg","width":271,"height":126,"caption":"GIND"},"image":{"@id":"https:\/\/gind.ivorysoluciones.com\/es\/#\/schema\/logo\/image\/"}}]}},"_links":{"self":[{"href":"https:\/\/gind.ivorysoluciones.com\/es\/wp-json\/wp\/v2\/pages\/1327","targetHints":{"allow":["GET"]}}],"collection":[{"href":"https:\/\/gind.ivorysoluciones.com\/es\/wp-json\/wp\/v2\/pages"}],"about":[{"href":"https:\/\/gind.ivorysoluciones.com\/es\/wp-json\/wp\/v2\/types\/page"}],"author":[{"embeddable":true,"href":"https:\/\/gind.ivorysoluciones.com\/es\/wp-json\/wp\/v2\/users\/1"}],"replies":[{"embeddable":true,"href":"https:\/\/gind.ivorysoluciones.com\/es\/wp-json\/wp\/v2\/comments?post=1327"}],"version-history":[{"count":22,"href":"https:\/\/gind.ivorysoluciones.com\/es\/wp-json\/wp\/v2\/pages\/1327\/revisions"}],"predecessor-version":[{"id":4449,"href":"https:\/\/gind.ivorysoluciones.com\/es\/wp-json\/wp\/v2\/pages\/1327\/revisions\/4449"}],"wp:attachment":[{"href":"https:\/\/gind.ivorysoluciones.com\/es\/wp-json\/wp\/v2\/media?parent=1327"}],"curies":[{"name":"wp","href":"https:\/\/api.w.org\/{rel}","templated":true}]}}