{"id":1340,"date":"2024-12-11T15:16:45","date_gmt":"2024-12-11T15:16:45","guid":{"rendered":"https:\/\/gind.es\/?page_id=1340"},"modified":"2025-07-17T07:03:56","modified_gmt":"2025-07-17T07:03:56","slug":"producto-davits","status":"publish","type":"page","link":"https:\/\/gind.ivorysoluciones.com\/es\/producto-davits\/","title":{"rendered":"Davits"},"content":{"rendered":"<p>[et_pb_section fb_built=\u00bb1&#8243; module_class=\u00bbbanner-soluciones\u00bb _builder_version=\u00bb4.27.4&#8243; _module_preset=\u00bbdefault\u00bb background_image=\u00bbhttps:\/\/gind.ivorysoluciones.com\/wp-content\/uploads\/2025\/06\/banner-davits.webp\u00bb min_height=\u00bb600px\u00bb hover_enabled=\u00bb0&#8243; global_colors_info=\u00bb{}\u00bb alt=\u00bbBanner Davits\u00bb title_text=\u00bbbanner-davits\u00bb sticky_enabled=\u00bb0&#8243;][et_pb_row column_structure=\u00bb1_2,1_2&#8243; use_custom_gutter=\u00bbon\u00bb gutter_width=\u00bb1&#8243; _builder_version=\u00bb4.27.4&#8243; _module_preset=\u00bbdefault\u00bb global_colors_info=\u00bb{}\u00bb][et_pb_column type=\u00bb1_2&#8243; module_class=\u00bbbordes-blancos-soluciones\u00bb _builder_version=\u00bb4.27.4&#8243; _module_preset=\u00bbdefault\u00bb background_color=\u00bbrgba(34,31,31,0.37)\u00bb custom_padding=\u00bb30px|35px|40px|35px|false|true\u00bb border_radii=\u00bbon|10px|10px|10px|10px\u00bb global_colors_info=\u00bb{}\u00bb][et_pb_text _builder_version=\u00bb4.27.4&#8243; _module_preset=\u00bbdefault\u00bb text_font=\u00bb|600|||||||\u00bb text_text_color=\u00bb#FFFFFF\u00bb custom_margin=\u00bb||10px||false|false\u00bb global_colors_info=\u00bb{}\u00bb]<\/p>\n<p>PRODUCTO BMU<\/p>\n<p>[\/et_pb_text][et_pb_heading title=\u00bbGinD\u00ae Davits\u00bb _builder_version=\u00bb4.27.4&#8243; _module_preset=\u00bbdefault\u00bb title_font=\u00bb||||||||\u00bb title_text_color=\u00bb#FFFFFF\u00bb title_font_size=\u00bb46px\u00bb custom_margin=\u00bb||10px||false|false\u00bb custom_padding=\u00bb||||false|false\u00bb title_font_size_tablet=\u00bb46px\u00bb title_font_size_phone=\u00bb36px\u00bb title_font_size_last_edited=\u00bbon|phone\u00bb global_colors_info=\u00bb{}\u00bb][\/et_pb_heading][et_pb_text _builder_version=\u00bb4.27.4&#8243; _module_preset=\u00bbdefault\u00bb text_text_color=\u00bb#FFFFFF\u00bb text_font_size=\u00bb18px\u00bb global_colors_info=\u00bb{}\u00bb]<\/p>\n<p>Estos sistemas se utilizaban ampliamente en todo el mundo antes de que aparecieran en el mercado las m\u00e1quinas para cubiertas como soluci\u00f3n para el mantenimiento de edificios. Los sistemas de pescantes ofrecen una soluci\u00f3n econ\u00f3mica y discreta para el acceso a la fachada cuando el alcance necesario es inferior a 2,5m.<\/p>\n<p>[\/et_pb_text][\/et_pb_column][et_pb_column type=\u00bb1_2&#8243; _builder_version=\u00bb4.27.4&#8243; _module_preset=\u00bbdefault\u00bb global_colors_info=\u00bb{}\u00bb][\/et_pb_column][\/et_pb_row][\/et_pb_section][et_pb_section fb_built=\u00bb1&#8243; custom_padding_last_edited=\u00bbon|phone\u00bb _builder_version=\u00bb4.27.4&#8243; _module_preset=\u00bbdefault\u00bb custom_padding_tablet=\u00bb\u00bb custom_padding_phone=\u00bb||1rem||false|false\u00bb global_colors_info=\u00bb{}\u00bb][et_pb_row column_structure=\u00bb1_2,1_2&#8243; make_equal=\u00bbon\u00bb _builder_version=\u00bb4.27.4&#8243; _module_preset=\u00bbdefault\u00bb global_colors_info=\u00bb{}\u00bb][et_pb_column type=\u00bb1_2&#8243; _builder_version=\u00bb4.27.4&#8243; _module_preset=\u00bbdefault\u00bb custom_padding=\u00bb2rem||||false|false\u00bb custom_padding_tablet=\u00bb0rem||||false|false\u00bb custom_padding_phone=\u00bb0rem||||false|false\u00bb custom_padding_last_edited=\u00bbon|tablet\u00bb global_colors_info=\u00bb{}\u00bb][et_pb_heading title=\u00bbDavits\u00bb module_class=\u00bbbordes-azules-davits\u00bb _builder_version=\u00bb4.27.4&#8243; _module_preset=\u00bbdefault\u00bb title_level=\u00bbh2&#8243; title_font=\u00bb|700|||||||\u00bb title_text_align=\u00bbleft\u00bb title_font_size=\u00bb42px\u00bb custom_margin=\u00bb||||false|false\u00bb custom_padding=\u00bb|||1.5rem|false|false\u00bb title_font_size_tablet=\u00bb42px\u00bb title_font_size_phone=\u00bb32px\u00bb title_font_size_last_edited=\u00bbon|phone\u00bb global_colors_info=\u00bb{}\u00bb][\/et_pb_heading][\/et_pb_column][et_pb_column type=\u00bb1_2&#8243; _builder_version=\u00bb4.27.4&#8243; _module_preset=\u00bbdefault\u00bb global_colors_info=\u00bb{}\u00bb][et_pb_text _builder_version=\u00bb4.27.4&#8243; _module_preset=\u00bbdefault\u00bb text_font_size=\u00bb18px\u00bb width=\u00bb84%\u00bb width_tablet=\u00bb100%\u00bb width_phone=\u00bb100%\u00bb width_last_edited=\u00bbon|tablet\u00bb global_colors_info=\u00bb{}\u00bb]<\/p>\n<p><span>Los sistemas de pescantes ofrecen una soluci\u00f3n pr\u00e1ctica y adaptable para el acceso y mantenimiento de edificios. <strong>Dise\u00f1ados para garantizar eficiencia y seguridad<\/strong>, se componen de bases, brazos, herramientas de elevaci\u00f3n y plataformas autopropulsadas. Nuestro equipo de ingenieros adapta cada sistema a las necesidades espec\u00edficas del proyecto, asegurando un funcionamiento \u00f3ptimo en cualquier configuraci\u00f3n arquitect\u00f3nica.<\/span><\/p>\n<p>[\/et_pb_text][\/et_pb_column][\/et_pb_row][et_pb_row column_structure=\u00bb1_2,1_2&#8243; _builder_version=\u00bb4.27.4&#8243; _module_preset=\u00bbdefault\u00bb custom_margin=\u00bb3rem||||false|false\u00bb custom_margin_tablet=\u00bb0rem||||false|false\u00bb custom_margin_phone=\u00bb0rem||||false|false\u00bb custom_margin_last_edited=\u00bbon|tablet\u00bb global_colors_info=\u00bb{}\u00bb][et_pb_column type=\u00bb1_2&#8243; _builder_version=\u00bb4.27.4&#8243; _module_preset=\u00bbdefault\u00bb global_colors_info=\u00bb{}\u00bb][et_pb_text _builder_version=\u00bb4.27.4&#8243; _module_preset=\u00bbdefault\u00bb text_font=\u00bb|600|||||||\u00bb text_text_color=\u00bb#969696&#8243; custom_margin=\u00bb||0px||false|false\u00bb global_colors_info=\u00bb{}\u00bb]<\/p>\n<p>FUNCIONAMIENTO<\/p>\n<p>[\/et_pb_text][et_pb_text _builder_version=\u00bb4.27.4&#8243; _module_preset=\u00bbdefault\u00bb header_2_font=\u00bb|700|||||||\u00bb header_2_font_size=\u00bb38px\u00bb width_tablet=\u00bb100%\u00bb width_phone=\u00bb100%\u00bb width_last_edited=\u00bbon|desktop\u00bb custom_margin=\u00bb||||false|false\u00bb header_2_font_size_tablet=\u00bb38px\u00bb header_2_font_size_phone=\u00bb30px\u00bb header_2_font_size_last_edited=\u00bbon|phone\u00bb global_colors_info=\u00bb{}\u00bb]<\/p>\n<h2>Una <span class=\"txtazul\">soluci\u00f3n pr\u00e1ctica y adaptable<\/span> para el acceso y mantenimiento de edificios<\/h2>\n<p>[\/et_pb_text][et_pb_text _builder_version=\u00bb4.27.4&#8243; _module_preset=\u00bbdefault\u00bb custom_padding=\u00bb0px|||||\u00bb global_colors_info=\u00bb{}\u00bb]<\/p>\n<p><span>El sistema de pescantes est\u00e1 dise\u00f1ado para garantizar un mantenimiento seguro y eficiente de las fachadas. Compuesto por bases, brazos, herramientas de elevaci\u00f3n y plataformas autopropulsadas, cada componente trabaja en conjunto para adaptarse a las necesidades espec\u00edficas de cada edificio y proyecto.<\/span><\/p>\n<p><span>En funci\u00f3n de la configuraci\u00f3n de la fachada del edificio, terrazas, etc., nuestro equipo de ingenieros definir\u00e1 la cantidad de pescantes, plataformas autopropulsadas a utilizar y tipo de aparejo (techo o suelo).<\/span><\/p>\n<p>[\/et_pb_text][\/et_pb_column][et_pb_column type=\u00bb1_2&#8243; _builder_version=\u00bb4.27.4&#8243; _module_preset=\u00bbdefault\u00bb custom_padding=\u00bb1.5rem||||false|false\u00bb global_colors_info=\u00bb{}\u00bb][et_pb_blurb image_icon_background_color=\u00bb#FFFFFF\u00bb image=\u00bbhttps:\/\/gind.ivorysoluciones.com\/wp-content\/uploads\/2024\/12\/gind-circulo.svg\u00bb alt=\u00bbGIND\u00bb icon_placement=\u00bbleft\u00bb image_icon_width=\u00bb20px\u00bb content_max_width=\u00bb100%\u00bb _builder_version=\u00bb4.27.4&#8243; _module_preset=\u00bbdefault\u00bb body_line_height=\u00bb1.2em\u00bb background_color=\u00bb#ccebf3&#8243; width_tablet=\u00bb100%\u00bb width_phone=\u00bb100%\u00bb width_last_edited=\u00bbon|tablet\u00bb module_alignment=\u00bbleft\u00bb custom_margin=\u00bb||15px||false|false\u00bb custom_padding=\u00bb2rem|1.25rem|2rem|1.25rem|true|true\u00bb border_radii=\u00bbon|10px|10px|10px|10px\u00bb border_radii_image=\u00bbon|20px|20px|20px|20px\u00bb locked=\u00bboff\u00bb global_colors_info=\u00bb{}\u00bb]<\/p>\n<p><strong>Base\/pedestal<\/strong>: se fija a la estructura del edificio y act\u00faa como z\u00f3calo para la conexi\u00f3n del brazo pescante<\/p>\n<p>[\/et_pb_blurb][et_pb_blurb image_icon_background_color=\u00bb#FFFFFF\u00bb image=\u00bbhttps:\/\/gind.ivorysoluciones.com\/wp-content\/uploads\/2024\/12\/gind-circulo.svg\u00bb alt=\u00bbGIND\u00bb icon_placement=\u00bbleft\u00bb image_icon_width=\u00bb20px\u00bb content_max_width=\u00bb100%\u00bb _builder_version=\u00bb4.27.4&#8243; _module_preset=\u00bbdefault\u00bb body_line_height=\u00bb1.2em\u00bb background_color=\u00bb#ccebf3&#8243; width_tablet=\u00bb100%\u00bb width_phone=\u00bb100%\u00bb width_last_edited=\u00bbon|tablet\u00bb module_alignment=\u00bbleft\u00bb custom_margin=\u00bb||15px||false|false\u00bb custom_padding=\u00bb2rem|1.25rem|2rem|1.25rem|true|true\u00bb border_radii=\u00bbon|10px|10px|10px|10px\u00bb border_radii_image=\u00bbon|20px|20px|20px|20px\u00bb locked=\u00bboff\u00bb global_colors_info=\u00bb{}\u00bb]<\/p>\n<p><strong>Brazo<\/strong>: estructura port\u00e1til de aluminio en forma de \u00abL\u00bb invertida conectada por su parte inferior a la base. Puede desplazarse a diferentes ubicaciones de la base en el edificio<\/p>\n<p>[\/et_pb_blurb][et_pb_blurb image_icon_background_color=\u00bb#FFFFFF\u00bb image=\u00bbhttps:\/\/gind.ivorysoluciones.com\/wp-content\/uploads\/2024\/12\/gind-circulo.svg\u00bb alt=\u00bbGIND\u00bb icon_placement=\u00bbleft\u00bb image_icon_width=\u00bb20px\u00bb content_max_width=\u00bb100%\u00bb _builder_version=\u00bb4.27.4&#8243; _module_preset=\u00bbdefault\u00bb body_line_height=\u00bb1.2em\u00bb background_color=\u00bb#ccebf3&#8243; width_tablet=\u00bb100%\u00bb width_phone=\u00bb100%\u00bb width_last_edited=\u00bbon|tablet\u00bb module_alignment=\u00bbleft\u00bb custom_margin=\u00bb||15px||false|false\u00bb custom_padding=\u00bb2rem|1.25rem|2rem|1.25rem|true|true\u00bb border_radii=\u00bbon|10px|10px|10px|10px\u00bb border_radii_image=\u00bbon|20px|20px|20px|20px\u00bb locked=\u00bboff\u00bb global_colors_info=\u00bb{}\u00bb]<\/p>\n<p><strong>Herramienta de elevaci\u00f3n<\/strong>: dispositivo utilizado para elevar y conectar el brazo a la base<\/p>\n<p>[\/et_pb_blurb][et_pb_blurb image_icon_background_color=\u00bb#FFFFFF\u00bb image=\u00bbhttps:\/\/gind.ivorysoluciones.com\/wp-content\/uploads\/2024\/12\/gind-circulo.svg\u00bb alt=\u00bbGIND\u00bb icon_placement=\u00bbleft\u00bb image_icon_width=\u00bb20px\u00bb content_max_width=\u00bb100%\u00bb _builder_version=\u00bb4.27.4&#8243; _module_preset=\u00bbdefault\u00bb body_line_height=\u00bb1.2em\u00bb background_color=\u00bb#ccebf3&#8243; width_tablet=\u00bb100%\u00bb width_phone=\u00bb100%\u00bb width_last_edited=\u00bbon|tablet\u00bb module_alignment=\u00bbleft\u00bb custom_margin=\u00bb||15px||false|false\u00bb custom_padding=\u00bb2rem|1.25rem|2rem|1.25rem|true|true\u00bb border_radii=\u00bbon|10px|10px|10px|10px\u00bb border_radii_image=\u00bbon|20px|20px|20px|20px\u00bb locked=\u00bboff\u00bb global_colors_info=\u00bb{}\u00bb]<\/p>\n<p><strong>GinD MRT<\/strong>: cuna autopropulsada suspendida del extremo del brazo pescante<\/p>\n<p>[\/et_pb_blurb][\/et_pb_column][\/et_pb_row][\/et_pb_section][et_pb_section fb_built=\u00bb1&#8243; disabled_on=\u00bbon|on|on\u00bb _builder_version=\u00bb4.27.4&#8243; _module_preset=\u00bbdefault\u00bb background_color=\u00bb#d4e8e7&#8243; disabled=\u00bbon\u00bb global_colors_info=\u00bb{}\u00bb][et_pb_row column_structure=\u00bb3_5,2_5&#8243; _builder_version=\u00bb4.27.4&#8243; _module_preset=\u00bbdefault\u00bb global_colors_info=\u00bb{}\u00bb][et_pb_column type=\u00bb3_5&#8243; _builder_version=\u00bb4.27.4&#8243; _module_preset=\u00bbdefault\u00bb global_colors_info=\u00bb{}\u00bb][et_pb_text _builder_version=\u00bb4.27.4&#8243; _module_preset=\u00bbdefault\u00bb text_font=\u00bb|600|||||||\u00bb text_text_color=\u00bb#969696&#8243; custom_margin=\u00bb||0px||false|false\u00bb global_colors_info=\u00bb{}\u00bb]<\/p>\n<p>GALER\u00cdA<\/p>\n<p>[\/et_pb_text][et_pb_text _builder_version=\u00bb4.27.4&#8243; _module_preset=\u00bbdefault\u00bb header_2_font=\u00bb|700|||||||\u00bb header_2_font_size=\u00bb38px\u00bb width=\u00bb73%\u00bb width_tablet=\u00bb100%\u00bb width_phone=\u00bb100%\u00bb width_last_edited=\u00bbon|desktop\u00bb custom_margin=\u00bb||15px||false|false\u00bb header_2_font_size_tablet=\u00bb38px\u00bb header_2_font_size_phone=\u00bb30px\u00bb header_2_font_size_last_edited=\u00bbon|phone\u00bb global_colors_info=\u00bb{}\u00bb]<\/p>\n<h2><span class=\"txtazul\">Explora nuestro modelo Davits<\/span> utilizado en diferentes proyectos<\/h2>\n<p>[\/et_pb_text][\/et_pb_column][et_pb_column type=\u00bb2_5&#8243; _builder_version=\u00bb4.27.4&#8243; _module_preset=\u00bbdefault\u00bb global_colors_info=\u00bb{}\u00bb][\/et_pb_column][\/et_pb_row][\/et_pb_section]<\/p>\n","protected":false},"excerpt":{"rendered":"<p>PRODUCTO BMUEstos sistemas se utilizaban ampliamente en todo el mundo antes de que aparecieran en el mercado las m\u00e1quinas para cubiertas como soluci\u00f3n para el mantenimiento de edificios. Los sistemas de pescantes ofrecen una soluci\u00f3n econ\u00f3mica y discreta para el acceso a la fachada cuando el alcance necesario es inferior a 2,5m.Los sistemas de pescantes [&hellip;]<\/p>\n","protected":false},"author":1,"featured_media":0,"parent":0,"menu_order":0,"comment_status":"closed","ping_status":"closed","template":"","meta":{"_et_pb_use_builder":"on","_et_pb_old_content":"","_et_gb_content_width":"","inline_featured_image":false,"footnotes":""},"class_list":["post-1340","page","type-page","status-publish","hentry"],"yoast_head":"<!-- This site is optimized with the Yoast SEO plugin v26.0 - https:\/\/yoast.com\/wordpress\/plugins\/seo\/ -->\n<title>Davits - GIND<\/title>\n<meta name=\"robots\" content=\"noindex, follow, max-snippet:-1, max-image-preview:large, max-video-preview:-1\" \/>\n<meta property=\"og:locale\" content=\"es_ES\" \/>\n<meta property=\"og:type\" content=\"article\" \/>\n<meta property=\"og:title\" content=\"Davits - GIND\" \/>\n<meta property=\"og:description\" content=\"PRODUCTO BMUEstos sistemas se utilizaban ampliamente en todo el mundo antes de que aparecieran en el mercado las m\u00e1quinas para cubiertas como soluci\u00f3n para el mantenimiento de edificios. Los sistemas de pescantes ofrecen una soluci\u00f3n econ\u00f3mica y discreta para el acceso a la fachada cuando el alcance necesario es inferior a 2,5m.Los sistemas de pescantes [&hellip;]\" \/>\n<meta property=\"og:url\" content=\"https:\/\/gind.ivorysoluciones.com\/es\/producto-davits\/\" \/>\n<meta property=\"og:site_name\" content=\"GIND\" \/>\n<meta property=\"article:modified_time\" content=\"2025-07-17T07:03:56+00:00\" \/>\n<meta name=\"twitter:card\" content=\"summary_large_image\" \/>\n<meta name=\"twitter:label1\" content=\"Tiempo de lectura\" \/>\n\t<meta name=\"twitter:data1\" content=\"3 minutos\" \/>\n<script type=\"application\/ld+json\" class=\"yoast-schema-graph\">{\"@context\":\"https:\/\/schema.org\",\"@graph\":[{\"@type\":\"WebPage\",\"@id\":\"https:\/\/gind.ivorysoluciones.com\/es\/producto-davits\/\",\"url\":\"https:\/\/gind.ivorysoluciones.com\/es\/producto-davits\/\",\"name\":\"Davits - GIND\",\"isPartOf\":{\"@id\":\"https:\/\/gind.ivorysoluciones.com\/es\/#website\"},\"datePublished\":\"2024-12-11T15:16:45+00:00\",\"dateModified\":\"2025-07-17T07:03:56+00:00\",\"inLanguage\":\"es\",\"potentialAction\":[{\"@type\":\"ReadAction\",\"target\":[\"https:\/\/gind.ivorysoluciones.com\/es\/producto-davits\/\"]}]},{\"@type\":\"WebSite\",\"@id\":\"https:\/\/gind.ivorysoluciones.com\/es\/#website\",\"url\":\"https:\/\/gind.ivorysoluciones.com\/es\/\",\"name\":\"GIND\",\"description\":\"\",\"publisher\":{\"@id\":\"https:\/\/gind.ivorysoluciones.com\/es\/#organization\"},\"potentialAction\":[{\"@type\":\"SearchAction\",\"target\":{\"@type\":\"EntryPoint\",\"urlTemplate\":\"https:\/\/gind.ivorysoluciones.com\/es\/?s={search_term_string}\"},\"query-input\":{\"@type\":\"PropertyValueSpecification\",\"valueRequired\":true,\"valueName\":\"search_term_string\"}}],\"inLanguage\":\"es\"},{\"@type\":\"Organization\",\"@id\":\"https:\/\/gind.ivorysoluciones.com\/es\/#organization\",\"name\":\"GIND\",\"url\":\"https:\/\/gind.ivorysoluciones.com\/es\/\",\"logo\":{\"@type\":\"ImageObject\",\"inLanguage\":\"es\",\"@id\":\"https:\/\/gind.ivorysoluciones.com\/es\/#\/schema\/logo\/image\/\",\"url\":\"https:\/\/gind.ivorysoluciones.com\/wp-content\/uploads\/2024\/11\/gind-logo.svg\",\"contentUrl\":\"https:\/\/gind.ivorysoluciones.com\/wp-content\/uploads\/2024\/11\/gind-logo.svg\",\"width\":271,\"height\":126,\"caption\":\"GIND\"},\"image\":{\"@id\":\"https:\/\/gind.ivorysoluciones.com\/es\/#\/schema\/logo\/image\/\"}}]}<\/script>\n<!-- \/ Yoast SEO plugin. -->","yoast_head_json":{"title":"Davits - GIND","robots":{"index":"noindex","follow":"follow","max-snippet":"max-snippet:-1","max-image-preview":"max-image-preview:large","max-video-preview":"max-video-preview:-1"},"og_locale":"es_ES","og_type":"article","og_title":"Davits - GIND","og_description":"PRODUCTO BMUEstos sistemas se utilizaban ampliamente en todo el mundo antes de que aparecieran en el mercado las m\u00e1quinas para cubiertas como soluci\u00f3n para el mantenimiento de edificios. Los sistemas de pescantes ofrecen una soluci\u00f3n econ\u00f3mica y discreta para el acceso a la fachada cuando el alcance necesario es inferior a 2,5m.Los sistemas de pescantes [&hellip;]","og_url":"https:\/\/gind.ivorysoluciones.com\/es\/producto-davits\/","og_site_name":"GIND","article_modified_time":"2025-07-17T07:03:56+00:00","twitter_card":"summary_large_image","twitter_misc":{"Tiempo de lectura":"3 minutos"},"schema":{"@context":"https:\/\/schema.org","@graph":[{"@type":"WebPage","@id":"https:\/\/gind.ivorysoluciones.com\/es\/producto-davits\/","url":"https:\/\/gind.ivorysoluciones.com\/es\/producto-davits\/","name":"Davits - GIND","isPartOf":{"@id":"https:\/\/gind.ivorysoluciones.com\/es\/#website"},"datePublished":"2024-12-11T15:16:45+00:00","dateModified":"2025-07-17T07:03:56+00:00","inLanguage":"es","potentialAction":[{"@type":"ReadAction","target":["https:\/\/gind.ivorysoluciones.com\/es\/producto-davits\/"]}]},{"@type":"WebSite","@id":"https:\/\/gind.ivorysoluciones.com\/es\/#website","url":"https:\/\/gind.ivorysoluciones.com\/es\/","name":"GIND","description":"","publisher":{"@id":"https:\/\/gind.ivorysoluciones.com\/es\/#organization"},"potentialAction":[{"@type":"SearchAction","target":{"@type":"EntryPoint","urlTemplate":"https:\/\/gind.ivorysoluciones.com\/es\/?s={search_term_string}"},"query-input":{"@type":"PropertyValueSpecification","valueRequired":true,"valueName":"search_term_string"}}],"inLanguage":"es"},{"@type":"Organization","@id":"https:\/\/gind.ivorysoluciones.com\/es\/#organization","name":"GIND","url":"https:\/\/gind.ivorysoluciones.com\/es\/","logo":{"@type":"ImageObject","inLanguage":"es","@id":"https:\/\/gind.ivorysoluciones.com\/es\/#\/schema\/logo\/image\/","url":"https:\/\/gind.ivorysoluciones.com\/wp-content\/uploads\/2024\/11\/gind-logo.svg","contentUrl":"https:\/\/gind.ivorysoluciones.com\/wp-content\/uploads\/2024\/11\/gind-logo.svg","width":271,"height":126,"caption":"GIND"},"image":{"@id":"https:\/\/gind.ivorysoluciones.com\/es\/#\/schema\/logo\/image\/"}}]}},"_links":{"self":[{"href":"https:\/\/gind.ivorysoluciones.com\/es\/wp-json\/wp\/v2\/pages\/1340","targetHints":{"allow":["GET"]}}],"collection":[{"href":"https:\/\/gind.ivorysoluciones.com\/es\/wp-json\/wp\/v2\/pages"}],"about":[{"href":"https:\/\/gind.ivorysoluciones.com\/es\/wp-json\/wp\/v2\/types\/page"}],"author":[{"embeddable":true,"href":"https:\/\/gind.ivorysoluciones.com\/es\/wp-json\/wp\/v2\/users\/1"}],"replies":[{"embeddable":true,"href":"https:\/\/gind.ivorysoluciones.com\/es\/wp-json\/wp\/v2\/comments?post=1340"}],"version-history":[{"count":22,"href":"https:\/\/gind.ivorysoluciones.com\/es\/wp-json\/wp\/v2\/pages\/1340\/revisions"}],"predecessor-version":[{"id":4785,"href":"https:\/\/gind.ivorysoluciones.com\/es\/wp-json\/wp\/v2\/pages\/1340\/revisions\/4785"}],"wp:attachment":[{"href":"https:\/\/gind.ivorysoluciones.com\/es\/wp-json\/wp\/v2\/media?parent=1340"}],"curies":[{"name":"wp","href":"https:\/\/api.w.org\/{rel}","templated":true}]}}