{"id":1357,"date":"2024-12-11T16:00:26","date_gmt":"2024-12-11T16:00:26","guid":{"rendered":"https:\/\/gind.es\/?page_id=1357"},"modified":"2025-06-11T12:48:49","modified_gmt":"2025-06-11T12:48:49","slug":"producto-lifting-tables","status":"publish","type":"page","link":"https:\/\/gind.ivorysoluciones.com\/es\/producto-lifting-tables\/","title":{"rendered":"Lifting Tables"},"content":{"rendered":"<p>[et_pb_section fb_built=\u00bb1&#8243; module_class=\u00bbbanner-soluciones\u00bb _builder_version=\u00bb4.27.4&#8243; _module_preset=\u00bbdefault\u00bb background_image=\u00bbhttps:\/\/gind.ivorysoluciones.com\/wp-content\/uploads\/2025\/06\/lifting-table-banner-gind.webp\u00bb min_height=\u00bb600px\u00bb hover_enabled=\u00bb0&#8243; global_colors_info=\u00bb{}\u00bb alt=\u00bbLifting Table Banner\u00bb title_text=\u00bblifting-table-banner-gind\u00bb sticky_enabled=\u00bb0&#8243;][et_pb_row column_structure=\u00bb1_2,1_2&#8243; use_custom_gutter=\u00bbon\u00bb gutter_width=\u00bb1&#8243; _builder_version=\u00bb4.27.4&#8243; _module_preset=\u00bbdefault\u00bb global_colors_info=\u00bb{}\u00bb][et_pb_column type=\u00bb1_2&#8243; module_class=\u00bbbordes-blancos-soluciones\u00bb _builder_version=\u00bb4.27.4&#8243; _module_preset=\u00bbdefault\u00bb background_color=\u00bbrgba(34,31,31,0.37)\u00bb custom_padding=\u00bb30px|35px|40px|35px|false|true\u00bb border_radii=\u00bbon|10px|10px|10px|10px\u00bb global_colors_info=\u00bb{}\u00bb][et_pb_text _builder_version=\u00bb4.27.4&#8243; _module_preset=\u00bbdefault\u00bb text_font=\u00bb|600|||||||\u00bb text_text_color=\u00bb#FFFFFF\u00bb custom_margin=\u00bb||10px||false|false\u00bb global_colors_info=\u00bb{}\u00bb]<\/p>\n<p>PRODUCTO BMU<\/p>\n<p>[\/et_pb_text][et_pb_heading title=\u00bbGinD\u00ae Lifting Tables\u00bb _builder_version=\u00bb4.27.4&#8243; _module_preset=\u00bbdefault\u00bb title_font=\u00bb||||||||\u00bb title_text_color=\u00bb#FFFFFF\u00bb title_font_size=\u00bb46px\u00bb custom_margin=\u00bb||10px||false|false\u00bb custom_padding=\u00bb||||false|false\u00bb title_font_size_tablet=\u00bb46px\u00bb title_font_size_phone=\u00bb36px\u00bb title_font_size_last_edited=\u00bbon|phone\u00bb global_colors_info=\u00bb{}\u00bb][\/et_pb_heading][et_pb_text _builder_version=\u00bb4.27.4&#8243; _module_preset=\u00bbdefault\u00bb text_text_color=\u00bb#FFFFFF\u00bb text_font_size=\u00bb18px\u00bb global_colors_info=\u00bb{}\u00bb]<\/p>\n<p>Las mesas elevadoras est\u00e1n dise\u00f1adas para elevar y bajar cargas pesadas de manera segura y eficiente, en este caso que aqu\u00ed tratamos, la propia G\u00f3ndola<\/p>\n<p>[\/et_pb_text][\/et_pb_column][et_pb_column type=\u00bb1_2&#8243; _builder_version=\u00bb4.27.4&#8243; _module_preset=\u00bbdefault\u00bb global_colors_info=\u00bb{}\u00bb][\/et_pb_column][\/et_pb_row][\/et_pb_section][et_pb_section fb_built=\u00bb1&#8243; _builder_version=\u00bb4.27.4&#8243; _module_preset=\u00bbdefault\u00bb global_colors_info=\u00bb{}\u00bb][et_pb_row column_structure=\u00bb1_2,1_2&#8243; make_equal=\u00bbon\u00bb _builder_version=\u00bb4.27.4&#8243; _module_preset=\u00bbdefault\u00bb global_colors_info=\u00bb{}\u00bb][et_pb_column type=\u00bb1_2&#8243; _builder_version=\u00bb4.27.4&#8243; _module_preset=\u00bbdefault\u00bb custom_padding=\u00bb2rem||||false|false\u00bb custom_padding_tablet=\u00bb0rem||||false|false\u00bb custom_padding_phone=\u00bb0rem||||false|false\u00bb custom_padding_last_edited=\u00bbon|tablet\u00bb global_colors_info=\u00bb{}\u00bb][et_pb_heading title=\u00bbLifting Tables\u00bb module_class=\u00bbbordes-azules-tables\u00bb _builder_version=\u00bb4.27.4&#8243; _module_preset=\u00bbdefault\u00bb title_level=\u00bbh2&#8243; title_font=\u00bb|700|||||||\u00bb title_text_align=\u00bbleft\u00bb title_font_size=\u00bb42px\u00bb custom_margin=\u00bb||||false|false\u00bb custom_padding=\u00bb|||1.5rem|false|false\u00bb title_font_size_tablet=\u00bb42px\u00bb title_font_size_phone=\u00bb32px\u00bb title_font_size_last_edited=\u00bbon|phone\u00bb global_colors_info=\u00bb{}\u00bb][\/et_pb_heading][\/et_pb_column][et_pb_column type=\u00bb1_2&#8243; _builder_version=\u00bb4.27.4&#8243; _module_preset=\u00bbdefault\u00bb global_colors_info=\u00bb{}\u00bb][et_pb_text _builder_version=\u00bb4.27.4&#8243; _module_preset=\u00bbdefault\u00bb text_font_size=\u00bb18px\u00bb width=\u00bb84%\u00bb width_tablet=\u00bb100%\u00bb width_phone=\u00bb100%\u00bb width_last_edited=\u00bbon|tablet\u00bb global_colors_info=\u00bb{}\u00bb]<\/p>\n<p>Normalmente son utilizadas cuando queremos ocultar la g\u00f3ndola en el edificio o cuando la g\u00f3ndola est\u00e1 instalada en alg\u00fan lugar donde el peto tiene demasiada altura, y \u00e9sta hay que salvarla.<\/p>\n<p>[\/et_pb_text][\/et_pb_column][\/et_pb_row][et_pb_row column_structure=\u00bb3_5,2_5&#8243; _builder_version=\u00bb4.27.4&#8243; _module_preset=\u00bbdefault\u00bb global_colors_info=\u00bb{}\u00bb][et_pb_column type=\u00bb3_5&#8243; module_class=\u00bbmargin-bottom-columna\u00bb _builder_version=\u00bb4.27.4&#8243; _module_preset=\u00bbdefault\u00bb global_colors_info=\u00bb{}\u00bb][et_pb_text _builder_version=\u00bb4.27.4&#8243; _module_preset=\u00bbdefault\u00bb text_font=\u00bb|600|||||||\u00bb text_text_color=\u00bb#969696&#8243; custom_margin=\u00bb||0px||false|false\u00bb global_colors_info=\u00bb{}\u00bb]<\/p>\n<p>OPCIONES PERSONALIZABLES<\/p>\n<p>[\/et_pb_text][et_pb_text _builder_version=\u00bb4.27.4&#8243; _module_preset=\u00bbdefault\u00bb header_2_font=\u00bb|700|||||||\u00bb header_2_font_size=\u00bb38px\u00bb width=\u00bb100%\u00bb width_tablet=\u00bb100%\u00bb width_phone=\u00bb100%\u00bb width_last_edited=\u00bbon|desktop\u00bb custom_margin=\u00bb||15px||false|false\u00bb header_2_font_size_tablet=\u00bb38px\u00bb header_2_font_size_phone=\u00bb30px\u00bb header_2_font_size_last_edited=\u00bbon|phone\u00bb global_colors_info=\u00bb{}\u00bb]<\/p>\n<h2>M\u00faltiples opciones de configuraci\u00f3n <span class=\"txtazul\">previa solicitud<\/span><\/h2>\n<p>[\/et_pb_text][\/et_pb_column][et_pb_column type=\u00bb2_5&#8243; _builder_version=\u00bb4.27.4&#8243; _module_preset=\u00bbdefault\u00bb global_colors_info=\u00bb{}\u00bb][\/et_pb_column][\/et_pb_row][et_pb_row column_structure=\u00bb1_2,1_2&#8243; use_custom_gutter=\u00bbon\u00bb gutter_width=\u00bb2&#8243; make_equal=\u00bbon\u00bb _builder_version=\u00bb4.27.4&#8243; _module_preset=\u00bbdefault\u00bb custom_margin=\u00bb0px||0px||true|false\u00bb custom_padding=\u00bb0px||0px||true|false\u00bb global_colors_info=\u00bb{}\u00bb][et_pb_column type=\u00bb1_2&#8243; module_class=\u00bbmargin-bottom-columna\u00bb _builder_version=\u00bb4.27.4&#8243; _module_preset=\u00bbdefault\u00bb global_colors_info=\u00bb{}\u00bb][et_pb_blurb image_icon_background_color=\u00bb#FFFFFF\u00bb image=\u00bbhttps:\/\/gind.ivorysoluciones.com\/wp-content\/uploads\/2024\/12\/gind-circulo.svg\u00bb alt=\u00bbGIND\u00bb icon_placement=\u00bbleft\u00bb image_icon_width=\u00bb20px\u00bb content_max_width=\u00bb100%\u00bb _builder_version=\u00bb4.27.4&#8243; _module_preset=\u00bbdefault\u00bb body_line_height=\u00bb1.2em\u00bb background_color=\u00bb#ccebf3&#8243; width_tablet=\u00bb100%\u00bb width_phone=\u00bb100%\u00bb width_last_edited=\u00bbon|tablet\u00bb module_alignment=\u00bbleft\u00bb custom_margin=\u00bb||15px||false|false\u00bb custom_padding=\u00bb2rem|1.25rem|2rem|1.25rem|true|true\u00bb border_radii=\u00bbon|10px|10px|10px|10px\u00bb border_radii_image=\u00bbon|20px|20px|20px|20px\u00bb locked=\u00bboff\u00bb global_colors_info=\u00bb{}\u00bb]<\/p>\n<p><strong>Tama\u00f1o de la Plataforma<\/strong>: Ofrecemos diferentes dimensiones de plataforma, permitiendo la elevaci\u00f3n de cargas de diversas formas y tama\u00f1os<\/p>\n<p>[\/et_pb_blurb][et_pb_blurb image_icon_background_color=\u00bb#FFFFFF\u00bb image=\u00bbhttps:\/\/gind.ivorysoluciones.com\/wp-content\/uploads\/2024\/12\/gind-circulo.svg\u00bb alt=\u00bbGIND\u00bb icon_placement=\u00bbleft\u00bb image_icon_width=\u00bb20px\u00bb content_max_width=\u00bb100%\u00bb _builder_version=\u00bb4.27.4&#8243; _module_preset=\u00bbdefault\u00bb body_line_height=\u00bb1.2em\u00bb background_color=\u00bb#ccebf3&#8243; width_tablet=\u00bb100%\u00bb width_phone=\u00bb100%\u00bb width_last_edited=\u00bbon|tablet\u00bb module_alignment=\u00bbleft\u00bb custom_margin=\u00bb||15px||false|false\u00bb custom_padding=\u00bb2rem|1.25rem|2rem|1.25rem|true|true\u00bb border_radii=\u00bbon|10px|10px|10px|10px\u00bb border_radii_image=\u00bbon|20px|20px|20px|20px\u00bb locked=\u00bboff\u00bb global_colors_info=\u00bb{}\u00bb]<\/p>\n<p><strong>Altura de Elevaci\u00f3n<\/strong>: Las mesas elevadoras pueden ser configuradas para alcanzar diferentes alturas, desde modelos est\u00e1ndar hasta opciones personalizadas que lleguen hasta 10 metros<\/p>\n<p>[\/et_pb_blurb][\/et_pb_column][et_pb_column type=\u00bb1_2&#8243; module_class=\u00bbcentrar-columna\u00bb _builder_version=\u00bb4.27.4&#8243; _module_preset=\u00bbdefault\u00bb global_colors_info=\u00bb{}\u00bb][et_pb_blurb image_icon_background_color=\u00bb#FFFFFF\u00bb image=\u00bbhttps:\/\/gind.ivorysoluciones.com\/wp-content\/uploads\/2024\/12\/gind-circulo.svg\u00bb alt=\u00bbGIND\u00bb icon_placement=\u00bbleft\u00bb image_icon_width=\u00bb20px\u00bb content_max_width=\u00bb100%\u00bb _builder_version=\u00bb4.27.4&#8243; _module_preset=\u00bbdefault\u00bb body_line_height=\u00bb1.2em\u00bb background_color=\u00bb#ccebf3&#8243; width_tablet=\u00bb100%\u00bb width_phone=\u00bb100%\u00bb width_last_edited=\u00bbon|tablet\u00bb module_alignment=\u00bbleft\u00bb custom_margin=\u00bb||15px||false|false\u00bb custom_padding=\u00bb2rem|1.25rem|2rem|1.25rem|true|true\u00bb border_radii=\u00bbon|10px|10px|10px|10px\u00bb border_radii_image=\u00bbon|20px|20px|20px|20px\u00bb locked=\u00bboff\u00bb global_colors_info=\u00bb{}\u00bb]<\/p>\n<p><strong>Estabilidad y Soporte<\/strong>: Las mesas pueden estar equipadas con sistemas de soporte adicionales, como estabilizadores y barandillas, asegurando la seguridad durante su uso<\/p>\n<p>[\/et_pb_blurb][et_pb_blurb image_icon_background_color=\u00bb#FFFFFF\u00bb image=\u00bbhttps:\/\/gind.ivorysoluciones.com\/wp-content\/uploads\/2024\/12\/gind-circulo.svg\u00bb alt=\u00bbGIND\u00bb icon_placement=\u00bbleft\u00bb image_icon_width=\u00bb20px\u00bb content_max_width=\u00bb100%\u00bb _builder_version=\u00bb4.27.4&#8243; _module_preset=\u00bbdefault\u00bb body_line_height=\u00bb1.2em\u00bb background_color=\u00bb#ccebf3&#8243; width_tablet=\u00bb100%\u00bb width_phone=\u00bb100%\u00bb width_last_edited=\u00bbon|tablet\u00bb module_alignment=\u00bbleft\u00bb custom_margin=\u00bb||15px||false|false\u00bb custom_padding=\u00bb2rem|1.25rem|2rem|1.25rem|true|true\u00bb border_radii=\u00bbon|10px|10px|10px|10px\u00bb border_radii_image=\u00bbon|20px|20px|20px|20px\u00bb locked=\u00bboff\u00bb global_colors_info=\u00bb{}\u00bb]<\/p>\n<p><strong>Capacidades de Carga<\/strong>: Nuestras mesas elevadoras est\u00e1n disponibles con capacidades de carga que pueden llegar a 100 Toneladas, permitiendo su uso para una amplia gama de g\u00f3ndolas<\/p>\n<p>[\/et_pb_blurb][\/et_pb_column][\/et_pb_row][et_pb_row use_custom_gutter=\u00bbon\u00bb gutter_width=\u00bb2&#8243; make_equal=\u00bbon\u00bb _builder_version=\u00bb4.27.4&#8243; _module_preset=\u00bbdefault\u00bb custom_margin=\u00bb||0px||false|false\u00bb custom_padding=\u00bb||0px||false|false\u00bb global_colors_info=\u00bb{}\u00bb][et_pb_column type=\u00bb4_4&#8243; module_class=\u00bbcentrar-columna\u00bb _builder_version=\u00bb4.27.4&#8243; _module_preset=\u00bbdefault\u00bb global_colors_info=\u00bb{}\u00bb][et_pb_code _builder_version=\u00bb4.27.4&#8243; _module_preset=\u00bbdefault\u00bb border_radii=\u00bbon|20px|20px|20px|20px\u00bb global_colors_info=\u00bb{}\u00bb]<iframe loading=\"lazy\" src=\"https:\/\/player.vimeo.com\/video\/1039639409?muted=1&#038;autoplay=1&#038;loop=1\" frameborder=\"0\" allow=\"autoplay; fullscreen; picture-in-picture; clipboard-write; encrypted-media\" width=\"650\" height=\"360\" style=\"position:absolute;top:0;left:0;width:100%;height:100%;\"><\/iframe><script src=\"https:\/\/player.vimeo.com\/api\/player.js\"><\/script><!-- [et_pb_line_break_holder] -->[\/et_pb_code][\/et_pb_column][\/et_pb_row][\/et_pb_section]<\/p>\n","protected":false},"excerpt":{"rendered":"<p>PRODUCTO BMULas mesas elevadoras est\u00e1n dise\u00f1adas para elevar y bajar cargas pesadas de manera segura y eficiente, en este caso que aqu\u00ed tratamos, la propia G\u00f3ndolaNormalmente son utilizadas cuando queremos ocultar la g\u00f3ndola en el edificio o cuando la g\u00f3ndola est\u00e1 instalada en alg\u00fan lugar donde el peto tiene demasiada altura, y \u00e9sta hay que [&hellip;]<\/p>\n","protected":false},"author":1,"featured_media":0,"parent":0,"menu_order":0,"comment_status":"closed","ping_status":"closed","template":"","meta":{"_et_pb_use_builder":"on","_et_pb_old_content":"","_et_gb_content_width":"","inline_featured_image":false,"footnotes":""},"class_list":["post-1357","page","type-page","status-publish","hentry"],"yoast_head":"<!-- This site is optimized with the Yoast SEO plugin v26.0 - https:\/\/yoast.com\/wordpress\/plugins\/seo\/ -->\n<title>Lifting Tables - GIND<\/title>\n<meta name=\"robots\" content=\"noindex, follow, max-snippet:-1, max-image-preview:large, max-video-preview:-1\" \/>\n<meta property=\"og:locale\" content=\"es_ES\" \/>\n<meta property=\"og:type\" content=\"article\" \/>\n<meta property=\"og:title\" content=\"Lifting Tables - GIND\" \/>\n<meta property=\"og:description\" content=\"PRODUCTO BMULas mesas elevadoras est\u00e1n dise\u00f1adas para elevar y bajar cargas pesadas de manera segura y eficiente, en este caso que aqu\u00ed tratamos, la propia G\u00f3ndolaNormalmente son utilizadas cuando queremos ocultar la g\u00f3ndola en el edificio o cuando la g\u00f3ndola est\u00e1 instalada en alg\u00fan lugar donde el peto tiene demasiada altura, y \u00e9sta hay que [&hellip;]\" \/>\n<meta property=\"og:url\" content=\"https:\/\/gind.ivorysoluciones.com\/es\/producto-lifting-tables\/\" \/>\n<meta property=\"og:site_name\" content=\"GIND\" \/>\n<meta property=\"article:modified_time\" content=\"2025-06-11T12:48:49+00:00\" \/>\n<meta name=\"twitter:card\" content=\"summary_large_image\" \/>\n<meta name=\"twitter:label1\" content=\"Tiempo de lectura\" \/>\n\t<meta name=\"twitter:data1\" content=\"2 minutos\" \/>\n<script type=\"application\/ld+json\" class=\"yoast-schema-graph\">{\"@context\":\"https:\/\/schema.org\",\"@graph\":[{\"@type\":\"WebPage\",\"@id\":\"https:\/\/gind.ivorysoluciones.com\/es\/producto-lifting-tables\/\",\"url\":\"https:\/\/gind.ivorysoluciones.com\/es\/producto-lifting-tables\/\",\"name\":\"Lifting Tables - GIND\",\"isPartOf\":{\"@id\":\"https:\/\/gind.ivorysoluciones.com\/es\/#website\"},\"datePublished\":\"2024-12-11T16:00:26+00:00\",\"dateModified\":\"2025-06-11T12:48:49+00:00\",\"inLanguage\":\"es\",\"potentialAction\":[{\"@type\":\"ReadAction\",\"target\":[\"https:\/\/gind.ivorysoluciones.com\/es\/producto-lifting-tables\/\"]}]},{\"@type\":\"WebSite\",\"@id\":\"https:\/\/gind.ivorysoluciones.com\/es\/#website\",\"url\":\"https:\/\/gind.ivorysoluciones.com\/es\/\",\"name\":\"GIND\",\"description\":\"\",\"publisher\":{\"@id\":\"https:\/\/gind.ivorysoluciones.com\/es\/#organization\"},\"potentialAction\":[{\"@type\":\"SearchAction\",\"target\":{\"@type\":\"EntryPoint\",\"urlTemplate\":\"https:\/\/gind.ivorysoluciones.com\/es\/?s={search_term_string}\"},\"query-input\":{\"@type\":\"PropertyValueSpecification\",\"valueRequired\":true,\"valueName\":\"search_term_string\"}}],\"inLanguage\":\"es\"},{\"@type\":\"Organization\",\"@id\":\"https:\/\/gind.ivorysoluciones.com\/es\/#organization\",\"name\":\"GIND\",\"url\":\"https:\/\/gind.ivorysoluciones.com\/es\/\",\"logo\":{\"@type\":\"ImageObject\",\"inLanguage\":\"es\",\"@id\":\"https:\/\/gind.ivorysoluciones.com\/es\/#\/schema\/logo\/image\/\",\"url\":\"https:\/\/gind.ivorysoluciones.com\/wp-content\/uploads\/2024\/11\/gind-logo.svg\",\"contentUrl\":\"https:\/\/gind.ivorysoluciones.com\/wp-content\/uploads\/2024\/11\/gind-logo.svg\",\"width\":271,\"height\":126,\"caption\":\"GIND\"},\"image\":{\"@id\":\"https:\/\/gind.ivorysoluciones.com\/es\/#\/schema\/logo\/image\/\"}}]}<\/script>\n<!-- \/ Yoast SEO plugin. -->","yoast_head_json":{"title":"Lifting Tables - GIND","robots":{"index":"noindex","follow":"follow","max-snippet":"max-snippet:-1","max-image-preview":"max-image-preview:large","max-video-preview":"max-video-preview:-1"},"og_locale":"es_ES","og_type":"article","og_title":"Lifting Tables - GIND","og_description":"PRODUCTO BMULas mesas elevadoras est\u00e1n dise\u00f1adas para elevar y bajar cargas pesadas de manera segura y eficiente, en este caso que aqu\u00ed tratamos, la propia G\u00f3ndolaNormalmente son utilizadas cuando queremos ocultar la g\u00f3ndola en el edificio o cuando la g\u00f3ndola est\u00e1 instalada en alg\u00fan lugar donde el peto tiene demasiada altura, y \u00e9sta hay que [&hellip;]","og_url":"https:\/\/gind.ivorysoluciones.com\/es\/producto-lifting-tables\/","og_site_name":"GIND","article_modified_time":"2025-06-11T12:48:49+00:00","twitter_card":"summary_large_image","twitter_misc":{"Tiempo de lectura":"2 minutos"},"schema":{"@context":"https:\/\/schema.org","@graph":[{"@type":"WebPage","@id":"https:\/\/gind.ivorysoluciones.com\/es\/producto-lifting-tables\/","url":"https:\/\/gind.ivorysoluciones.com\/es\/producto-lifting-tables\/","name":"Lifting Tables - GIND","isPartOf":{"@id":"https:\/\/gind.ivorysoluciones.com\/es\/#website"},"datePublished":"2024-12-11T16:00:26+00:00","dateModified":"2025-06-11T12:48:49+00:00","inLanguage":"es","potentialAction":[{"@type":"ReadAction","target":["https:\/\/gind.ivorysoluciones.com\/es\/producto-lifting-tables\/"]}]},{"@type":"WebSite","@id":"https:\/\/gind.ivorysoluciones.com\/es\/#website","url":"https:\/\/gind.ivorysoluciones.com\/es\/","name":"GIND","description":"","publisher":{"@id":"https:\/\/gind.ivorysoluciones.com\/es\/#organization"},"potentialAction":[{"@type":"SearchAction","target":{"@type":"EntryPoint","urlTemplate":"https:\/\/gind.ivorysoluciones.com\/es\/?s={search_term_string}"},"query-input":{"@type":"PropertyValueSpecification","valueRequired":true,"valueName":"search_term_string"}}],"inLanguage":"es"},{"@type":"Organization","@id":"https:\/\/gind.ivorysoluciones.com\/es\/#organization","name":"GIND","url":"https:\/\/gind.ivorysoluciones.com\/es\/","logo":{"@type":"ImageObject","inLanguage":"es","@id":"https:\/\/gind.ivorysoluciones.com\/es\/#\/schema\/logo\/image\/","url":"https:\/\/gind.ivorysoluciones.com\/wp-content\/uploads\/2024\/11\/gind-logo.svg","contentUrl":"https:\/\/gind.ivorysoluciones.com\/wp-content\/uploads\/2024\/11\/gind-logo.svg","width":271,"height":126,"caption":"GIND"},"image":{"@id":"https:\/\/gind.ivorysoluciones.com\/es\/#\/schema\/logo\/image\/"}}]}},"_links":{"self":[{"href":"https:\/\/gind.ivorysoluciones.com\/es\/wp-json\/wp\/v2\/pages\/1357","targetHints":{"allow":["GET"]}}],"collection":[{"href":"https:\/\/gind.ivorysoluciones.com\/es\/wp-json\/wp\/v2\/pages"}],"about":[{"href":"https:\/\/gind.ivorysoluciones.com\/es\/wp-json\/wp\/v2\/types\/page"}],"author":[{"embeddable":true,"href":"https:\/\/gind.ivorysoluciones.com\/es\/wp-json\/wp\/v2\/users\/1"}],"replies":[{"embeddable":true,"href":"https:\/\/gind.ivorysoluciones.com\/es\/wp-json\/wp\/v2\/comments?post=1357"}],"version-history":[{"count":31,"href":"https:\/\/gind.ivorysoluciones.com\/es\/wp-json\/wp\/v2\/pages\/1357\/revisions"}],"predecessor-version":[{"id":4790,"href":"https:\/\/gind.ivorysoluciones.com\/es\/wp-json\/wp\/v2\/pages\/1357\/revisions\/4790"}],"wp:attachment":[{"href":"https:\/\/gind.ivorysoluciones.com\/es\/wp-json\/wp\/v2\/media?parent=1357"}],"curies":[{"name":"wp","href":"https:\/\/api.w.org\/{rel}","templated":true}]}}