{"id":2802,"date":"2025-01-07T11:26:13","date_gmt":"2025-01-07T11:26:13","guid":{"rendered":"https:\/\/gind.es\/?page_id=2802"},"modified":"2025-07-31T09:28:08","modified_gmt":"2025-07-31T09:28:08","slug":"politica-de-privacidad","status":"publish","type":"page","link":"https:\/\/gind.ivorysoluciones.com\/es\/politica-de-privacidad\/","title":{"rendered":"Pol\u00edtica de privacidad"},"content":{"rendered":"[et_pb_section admin_label=\u00bbsection\u00bb]\n\t\t\t[et_pb_row admin_label=\u00bbrow\u00bb]\n\t\t\t\t[et_pb_column type=\u00bb4_4&#8243;][et_pb_text admin_label=\u00bbText\u00bb]\n<p style=\"font-size:14px\">De acuerdo con lo establecido por la normativa de Protecci\u00f3n de Datos de Car\u00e1cter Personal, le informamos que est\u00e1 facilitando sus datos de car\u00e1cter personal al Responsable de Tratamiento: GONDOLAS IN DESIGN SLU con direcci\u00f3n en Calle Bah\u00eda de Pollensa 11, 2\u00baA. 28042 Madrid y correo electr\u00f3nico info@gind.es.<\/p>\n\n\n\n<h2 class=\"wp-block-heading\" style=\"font-size:22px\">1. Finalidad del tratamiento<\/h2>\n\n\n\n<p style=\"font-size:14px\">Los datos recopilados ser\u00e1n \u00fanicamente los detallados en el formulario de contacto, as\u00ed como aquellos que usted mismo nos facilite en el apartado \u201cComentarios\u201d.<\/p>\n\n\n\n<p style=\"font-size:14px\">GONDOLAS IN DESIGN podr\u00e1 tratar sus datos de car\u00e1cter personal de acuerdo con las siguientes finalidades:<\/p>\n\n\n\n<ul style=\"font-size:14px\" class=\"wp-block-list\">\n<li>Gestionar su navegaci\u00f3n a trav\u00e9s del Sitio Web.<\/li>\n\n\n\n<li>Gestionar el servicio de Atenci\u00f3n al Cliente, para dar respuesta a las dudas, quejas, comentarios o inquietudes que pueda tener relativas a la informaci\u00f3n incluida en el Sitio Web, as\u00ed como cualesquiera otras consultas que pueda tener.<\/li>\n\n\n\n<li>Tratar sus datos con fines comerciales, siempre que haya consentido el pertinente tratamiento de datos personales. Para darnos consentimiento para enviarle informaci\u00f3n sobre nuestros servicios, tendr\u00e1 que marcar la casilla \u201cS\u00ed, deseo recibir informaci\u00f3n comercial\u201d. De lo contrario, no podremos utilizar sus datos personales con este fin.<\/li>\n\n\n\n<li>Gestionar el cumplimiento, mantenimiento, desarrollo y control de cualesquiera relaciones que GONDOLAS IN DESIGN mantenga con usted.<\/li>\n<\/ul>\n\n\n\n<p style=\"font-size:14px\">El hecho de no facilitar cierta informaci\u00f3n se\u00f1alada como obligatoria, puede conllevar que no sea posible gestionar su petici\u00f3n a trav\u00e9s del formulario de contacto.<\/p>\n\n\n\n<p style=\"font-size:14px\">En el caso de que nos aporte Datos Personales de terceros, usted se responsabiliza de haber informado y haber obtenido el consentimiento de estos para ser aportados con las finalidades indicadas en los apartados correspondientes de la presente Pol\u00edtica de Privacidad y Cookies.<\/p>\n\n\n\n<h2 class=\"wp-block-heading\" style=\"font-size:22px\">2. Legitimaci\u00f3n del tratamiento de sus datos de car\u00e1cter personal<\/h2>\n\n\n\n<p style=\"font-size:14px\">La legitimaci\u00f3n se basa en el consentimiento que usted nos otorga al clicar el bot\u00f3n \u201cACEPTO LA POL\u00cdTICA DE PROTECCI\u00d3N DE DATOS\u201d.<\/p>\n\n\n\n<h2 class=\"wp-block-heading\" style=\"font-size:22px\">3. Destinatarios de cesiones<\/h2>\n\n\n\n<p style=\"font-size:14px\">No cederemos sus datos a terceros, salvo para dar cumplimiento a una obligaci\u00f3n legal.<\/p>\n\n\n\n<h2 class=\"wp-block-heading\" style=\"font-size:22px\">4. Derechos<\/h2>\n\n\n\n<p style=\"font-size:14px\">Por \u00faltimo, le informamos de sus derechos en materia de protecci\u00f3n de datos.<\/p>\n\n\n\n<p style=\"font-size:14px\">\u2013 Derecho a solicitar el acceso a sus datos personales.<br>\u2013 Derecho a solicitar su rectificaci\u00f3n o supresi\u00f3n (derecho al olvido).<br>\u2013 Derecho a solicitar la limitaci\u00f3n de su tratamiento, y a oponerse al tratamiento.<br>\u2013 Derecho a la portabilidad de los datos.<br>\u2013 Derecho a la retirada de consentimiento.<\/p>\n\n\n\n<p style=\"font-size:14px\">Para ejercer sus derechos no tiene m\u00e1s que realizar una solicitud por escrito y acompa\u00f1arla de una copia de su DNI.<\/p>\n\n\n\n<p style=\"font-size:14px\">GONDOLAS IN DESIGN dispone de formularios adecuados al respecto. No tiene m\u00e1s que solicitarlos o bien presentar su propio escrito en info@gind.es.<\/p>\n\n\n\n<h2 class=\"wp-block-heading\" style=\"font-size:22px\">5. Medidas de seguridad<\/h2>\n\n\n\n<p style=\"font-size:14px\">GONDOLAS IN DESIGN tiene implantadas las medidas t\u00e9cnicas y organizativas necesarias para garantizar la seguridad de sus datos de car\u00e1cter personal y evitar su alteraci\u00f3n, la p\u00e9rdida y el tratamiento y\/o el acceso no autorizado, teniendo en cuenta el estado de la tecnolog\u00eda, la naturaleza de los datos almacenados y los riesgos provenientes de la acci\u00f3n humana o del medio f\u00edsico y natural a que est\u00e1n expuestas.<\/p>\n\n\n\n<div style=\"height:34px\" aria-hidden=\"true\" class=\"wp-block-spacer\"><\/div>\n[\/et_pb_text][\/et_pb_column]\n\t\t\t[\/et_pb_row]\n\t\t[\/et_pb_section]","protected":false},"excerpt":{"rendered":"<p>De acuerdo con lo establecido por la normativa de Protecci\u00f3n de Datos de Car\u00e1cter Personal, le informamos que est\u00e1 facilitando sus datos de car\u00e1cter personal al Responsable de Tratamiento: GONDOLAS IN DESIGN SLU con direcci\u00f3n en Calle Bah\u00eda de Pollensa 11, 2\u00baA. 28042 Madrid y correo electr\u00f3nico info@gind.es. 1. Finalidad del tratamiento Los datos recopilados [&hellip;]<\/p>\n","protected":false},"author":1,"featured_media":0,"parent":0,"menu_order":0,"comment_status":"closed","ping_status":"closed","template":"","meta":{"_et_pb_use_builder":"on","_et_pb_old_content":"<!-- wp:paragraph {\"style\":{\"typography\":{\"fontSize\":\"14px\"}}} -->\n<p style=\"font-size:14px\">De acuerdo con lo establecido por la normativa de Protecci\u00f3n de Datos de Car\u00e1cter Personal, le informamos que est\u00e1 facilitando sus datos de car\u00e1cter personal al Responsable de Tratamiento: GONDOLAS IN DESIGN SLU con direcci\u00f3n en Calle Bah\u00eda de Pollensa 11, 2\u00baA. 28042 Madrid y correo electr\u00f3nico info@gind.es.<\/p>\n<!-- \/wp:paragraph -->\n\n<!-- wp:heading {\"style\":{\"typography\":{\"fontSize\":\"22px\"}}} -->\n<h2 class=\"wp-block-heading\" style=\"font-size:22px\">1. Finalidad del tratamiento<\/h2>\n<!-- \/wp:heading -->\n\n<!-- wp:paragraph {\"style\":{\"typography\":{\"fontSize\":\"14px\"}}} -->\n<p style=\"font-size:14px\">Los datos recopilados ser\u00e1n \u00fanicamente los detallados en el formulario de contacto, as\u00ed como aquellos que usted mismo nos facilite en el apartado \u201cComentarios\u201d.<\/p>\n<!-- \/wp:paragraph -->\n\n<!-- wp:paragraph {\"style\":{\"typography\":{\"fontSize\":\"14px\"}}} -->\n<p style=\"font-size:14px\">GONDOLAS IN DESIGN podr\u00e1 tratar sus datos de car\u00e1cter personal de acuerdo con las siguientes finalidades:<\/p>\n<!-- \/wp:paragraph -->\n\n<!-- wp:list {\"style\":{\"typography\":{\"fontSize\":\"14px\"}}} -->\n<ul style=\"font-size:14px\" class=\"wp-block-list\"><!-- wp:list-item -->\n<li>Gestionar su navegaci\u00f3n a trav\u00e9s del Sitio Web.<\/li>\n<!-- \/wp:list-item -->\n\n<!-- wp:list-item -->\n<li>Gestionar el servicio de Atenci\u00f3n al Cliente, para dar respuesta a las dudas, quejas, comentarios o inquietudes que pueda tener relativas a la informaci\u00f3n incluida en el Sitio Web, as\u00ed como cualesquiera otras consultas que pueda tener.<\/li>\n<!-- \/wp:list-item -->\n\n<!-- wp:list-item -->\n<li>Tratar sus datos con fines comerciales, siempre que haya consentido el pertinente tratamiento de datos personales. Para darnos consentimiento para enviarle informaci\u00f3n sobre nuestros servicios, tendr\u00e1 que marcar la casilla \u201cS\u00ed, deseo recibir informaci\u00f3n comercial\u201d. De lo contrario, no podremos utilizar sus datos personales con este fin.<\/li>\n<!-- \/wp:list-item -->\n\n<!-- wp:list-item -->\n<li>Gestionar el cumplimiento, mantenimiento, desarrollo y control de cualesquiera relaciones que GONDOLAS IN DESIGN mantenga con usted.<\/li>\n<!-- \/wp:list-item --><\/ul>\n<!-- \/wp:list -->\n\n<!-- wp:paragraph {\"style\":{\"typography\":{\"fontSize\":\"14px\"}}} -->\n<p style=\"font-size:14px\">El hecho de no facilitar cierta informaci\u00f3n se\u00f1alada como obligatoria, puede conllevar que no sea posible gestionar su petici\u00f3n a trav\u00e9s del formulario de contacto.<\/p>\n<!-- \/wp:paragraph -->\n\n<!-- wp:paragraph {\"style\":{\"typography\":{\"fontSize\":\"14px\"}}} -->\n<p style=\"font-size:14px\">En el caso de que nos aporte Datos Personales de terceros, usted se responsabiliza de haber informado y haber obtenido el consentimiento de estos para ser aportados con las finalidades indicadas en los apartados correspondientes de la presente Pol\u00edtica de Privacidad y Cookies.<\/p>\n<!-- \/wp:paragraph -->\n\n<!-- wp:heading {\"style\":{\"typography\":{\"fontSize\":\"22px\"}}} -->\n<h2 class=\"wp-block-heading\" style=\"font-size:22px\">2. Legitimaci\u00f3n del tratamiento de sus datos de car\u00e1cter personal<\/h2>\n<!-- \/wp:heading -->\n\n<!-- wp:paragraph {\"style\":{\"typography\":{\"fontSize\":\"14px\"}}} -->\n<p style=\"font-size:14px\">La legitimaci\u00f3n se basa en el consentimiento que usted nos otorga al clicar el bot\u00f3n \u201cACEPTO LA POL\u00cdTICA DE PROTECCI\u00d3N DE DATOS\u201d.<\/p>\n<!-- \/wp:paragraph -->\n\n<!-- wp:heading {\"style\":{\"typography\":{\"fontSize\":\"22px\"}}} -->\n<h2 class=\"wp-block-heading\" style=\"font-size:22px\">3. Destinatarios de cesiones<\/h2>\n<!-- \/wp:heading -->\n\n<!-- wp:paragraph {\"style\":{\"typography\":{\"fontSize\":\"14px\"}}} -->\n<p style=\"font-size:14px\">No cederemos sus datos a terceros, salvo para dar cumplimiento a una obligaci\u00f3n legal.<\/p>\n<!-- \/wp:paragraph -->\n\n<!-- wp:heading {\"style\":{\"typography\":{\"fontSize\":\"22px\"}}} -->\n<h2 class=\"wp-block-heading\" style=\"font-size:22px\">4. Derechos<\/h2>\n<!-- \/wp:heading -->\n\n<!-- wp:paragraph {\"style\":{\"typography\":{\"fontSize\":\"14px\"}}} -->\n<p style=\"font-size:14px\">Por \u00faltimo, le informamos de sus derechos en materia de protecci\u00f3n de datos.<\/p>\n<!-- \/wp:paragraph -->\n\n<!-- wp:paragraph {\"style\":{\"typography\":{\"fontSize\":\"14px\"}}} -->\n<p style=\"font-size:14px\">\u2013 Derecho a solicitar el acceso a sus datos personales.<br>\u2013 Derecho a solicitar su rectificaci\u00f3n o supresi\u00f3n (derecho al olvido).<br>\u2013 Derecho a solicitar la limitaci\u00f3n de su tratamiento, y a oponerse al tratamiento.<br>\u2013 Derecho a la portabilidad de los datos.<br>\u2013 Derecho a la retirada de consentimiento.<\/p>\n<!-- \/wp:paragraph -->\n\n<!-- wp:paragraph {\"style\":{\"typography\":{\"fontSize\":\"14px\"}}} -->\n<p style=\"font-size:14px\">Para ejercer sus derechos no tiene m\u00e1s que realizar una solicitud por escrito y acompa\u00f1arla de una copia de su DNI.<\/p>\n<!-- \/wp:paragraph -->\n\n<!-- wp:paragraph {\"style\":{\"typography\":{\"fontSize\":\"14px\"}}} -->\n<p style=\"font-size:14px\">GONDOLAS IN DESIGN dispone de formularios adecuados al respecto. No tiene m\u00e1s que solicitarlos o bien presentar su propio escrito en info@gind.es.<\/p>\n<!-- \/wp:paragraph -->\n\n<!-- wp:heading {\"style\":{\"typography\":{\"fontSize\":\"22px\"}}} -->\n<h2 class=\"wp-block-heading\" style=\"font-size:22px\">5. Medidas de seguridad<\/h2>\n<!-- \/wp:heading -->\n\n<!-- wp:paragraph {\"style\":{\"typography\":{\"fontSize\":\"14px\"}}} -->\n<p style=\"font-size:14px\">GONDOLAS IN DESIGN tiene implantadas las medidas t\u00e9cnicas y organizativas necesarias para garantizar la seguridad de sus datos de car\u00e1cter personal y evitar su alteraci\u00f3n, la p\u00e9rdida y el tratamiento y\/o el acceso no autorizado, teniendo en cuenta el estado de la tecnolog\u00eda, la naturaleza de los datos almacenados y los riesgos provenientes de la acci\u00f3n humana o del medio f\u00edsico y natural a que est\u00e1n expuestas.<\/p>\n<!-- \/wp:paragraph -->\n\n<!-- wp:spacer {\"height\":\"34px\"} -->\n<div style=\"height:34px\" aria-hidden=\"true\" class=\"wp-block-spacer\"><\/div>\n<!-- \/wp:spacer -->","_et_gb_content_width":"1080","inline_featured_image":false,"footnotes":""},"class_list":["post-2802","page","type-page","status-publish","hentry"],"yoast_head":"<!-- This site is optimized with the Yoast SEO plugin v26.0 - https:\/\/yoast.com\/wordpress\/plugins\/seo\/ -->\n<title>Pol\u00edtica de privacidad - GIND<\/title>\n<meta name=\"robots\" content=\"noindex, nofollow\" \/>\n<meta property=\"og:locale\" content=\"es_ES\" \/>\n<meta property=\"og:type\" content=\"article\" \/>\n<meta property=\"og:title\" content=\"Pol\u00edtica de privacidad - GIND\" \/>\n<meta property=\"og:description\" content=\"De acuerdo con lo establecido por la normativa de Protecci\u00f3n de Datos de Car\u00e1cter Personal, le informamos que est\u00e1 facilitando sus datos de car\u00e1cter personal al Responsable de Tratamiento: GONDOLAS IN DESIGN SLU con direcci\u00f3n en Calle Bah\u00eda de Pollensa 11, 2\u00baA. 28042 Madrid y correo electr\u00f3nico info@gind.es. 1. Finalidad del tratamiento Los datos recopilados [&hellip;]\" \/>\n<meta property=\"og:url\" content=\"https:\/\/gind.ivorysoluciones.com\/es\/politica-de-privacidad\/\" \/>\n<meta property=\"og:site_name\" content=\"GIND\" \/>\n<meta property=\"article:modified_time\" content=\"2025-07-31T09:28:08+00:00\" \/>\n<meta name=\"twitter:card\" content=\"summary_large_image\" \/>\n<meta name=\"twitter:label1\" content=\"Tiempo de lectura\" \/>\n\t<meta name=\"twitter:data1\" content=\"3 minutos\" \/>\n<script type=\"application\/ld+json\" class=\"yoast-schema-graph\">{\"@context\":\"https:\/\/schema.org\",\"@graph\":[{\"@type\":\"WebPage\",\"@id\":\"https:\/\/gind.ivorysoluciones.com\/es\/politica-de-privacidad\/\",\"url\":\"https:\/\/gind.ivorysoluciones.com\/es\/politica-de-privacidad\/\",\"name\":\"Pol\u00edtica de privacidad - GIND\",\"isPartOf\":{\"@id\":\"https:\/\/gind.ivorysoluciones.com\/es\/#website\"},\"datePublished\":\"2025-01-07T11:26:13+00:00\",\"dateModified\":\"2025-07-31T09:28:08+00:00\",\"inLanguage\":\"es\",\"potentialAction\":[{\"@type\":\"ReadAction\",\"target\":[\"https:\/\/gind.ivorysoluciones.com\/es\/politica-de-privacidad\/\"]}]},{\"@type\":\"WebSite\",\"@id\":\"https:\/\/gind.ivorysoluciones.com\/es\/#website\",\"url\":\"https:\/\/gind.ivorysoluciones.com\/es\/\",\"name\":\"GIND\",\"description\":\"\",\"publisher\":{\"@id\":\"https:\/\/gind.ivorysoluciones.com\/es\/#organization\"},\"potentialAction\":[{\"@type\":\"SearchAction\",\"target\":{\"@type\":\"EntryPoint\",\"urlTemplate\":\"https:\/\/gind.ivorysoluciones.com\/es\/?s={search_term_string}\"},\"query-input\":{\"@type\":\"PropertyValueSpecification\",\"valueRequired\":true,\"valueName\":\"search_term_string\"}}],\"inLanguage\":\"es\"},{\"@type\":\"Organization\",\"@id\":\"https:\/\/gind.ivorysoluciones.com\/es\/#organization\",\"name\":\"GIND\",\"url\":\"https:\/\/gind.ivorysoluciones.com\/es\/\",\"logo\":{\"@type\":\"ImageObject\",\"inLanguage\":\"es\",\"@id\":\"https:\/\/gind.ivorysoluciones.com\/es\/#\/schema\/logo\/image\/\",\"url\":\"https:\/\/gind.ivorysoluciones.com\/wp-content\/uploads\/2024\/11\/gind-logo.svg\",\"contentUrl\":\"https:\/\/gind.ivorysoluciones.com\/wp-content\/uploads\/2024\/11\/gind-logo.svg\",\"width\":271,\"height\":126,\"caption\":\"GIND\"},\"image\":{\"@id\":\"https:\/\/gind.ivorysoluciones.com\/es\/#\/schema\/logo\/image\/\"}}]}<\/script>\n<!-- \/ Yoast SEO plugin. -->","yoast_head_json":{"title":"Pol\u00edtica de privacidad - GIND","robots":{"index":"noindex","follow":"nofollow"},"og_locale":"es_ES","og_type":"article","og_title":"Pol\u00edtica de privacidad - GIND","og_description":"De acuerdo con lo establecido por la normativa de Protecci\u00f3n de Datos de Car\u00e1cter Personal, le informamos que est\u00e1 facilitando sus datos de car\u00e1cter personal al Responsable de Tratamiento: GONDOLAS IN DESIGN SLU con direcci\u00f3n en Calle Bah\u00eda de Pollensa 11, 2\u00baA. 28042 Madrid y correo electr\u00f3nico info@gind.es. 1. Finalidad del tratamiento Los datos recopilados [&hellip;]","og_url":"https:\/\/gind.ivorysoluciones.com\/es\/politica-de-privacidad\/","og_site_name":"GIND","article_modified_time":"2025-07-31T09:28:08+00:00","twitter_card":"summary_large_image","twitter_misc":{"Tiempo de lectura":"3 minutos"},"schema":{"@context":"https:\/\/schema.org","@graph":[{"@type":"WebPage","@id":"https:\/\/gind.ivorysoluciones.com\/es\/politica-de-privacidad\/","url":"https:\/\/gind.ivorysoluciones.com\/es\/politica-de-privacidad\/","name":"Pol\u00edtica de privacidad - GIND","isPartOf":{"@id":"https:\/\/gind.ivorysoluciones.com\/es\/#website"},"datePublished":"2025-01-07T11:26:13+00:00","dateModified":"2025-07-31T09:28:08+00:00","inLanguage":"es","potentialAction":[{"@type":"ReadAction","target":["https:\/\/gind.ivorysoluciones.com\/es\/politica-de-privacidad\/"]}]},{"@type":"WebSite","@id":"https:\/\/gind.ivorysoluciones.com\/es\/#website","url":"https:\/\/gind.ivorysoluciones.com\/es\/","name":"GIND","description":"","publisher":{"@id":"https:\/\/gind.ivorysoluciones.com\/es\/#organization"},"potentialAction":[{"@type":"SearchAction","target":{"@type":"EntryPoint","urlTemplate":"https:\/\/gind.ivorysoluciones.com\/es\/?s={search_term_string}"},"query-input":{"@type":"PropertyValueSpecification","valueRequired":true,"valueName":"search_term_string"}}],"inLanguage":"es"},{"@type":"Organization","@id":"https:\/\/gind.ivorysoluciones.com\/es\/#organization","name":"GIND","url":"https:\/\/gind.ivorysoluciones.com\/es\/","logo":{"@type":"ImageObject","inLanguage":"es","@id":"https:\/\/gind.ivorysoluciones.com\/es\/#\/schema\/logo\/image\/","url":"https:\/\/gind.ivorysoluciones.com\/wp-content\/uploads\/2024\/11\/gind-logo.svg","contentUrl":"https:\/\/gind.ivorysoluciones.com\/wp-content\/uploads\/2024\/11\/gind-logo.svg","width":271,"height":126,"caption":"GIND"},"image":{"@id":"https:\/\/gind.ivorysoluciones.com\/es\/#\/schema\/logo\/image\/"}}]}},"_links":{"self":[{"href":"https:\/\/gind.ivorysoluciones.com\/es\/wp-json\/wp\/v2\/pages\/2802","targetHints":{"allow":["GET"]}}],"collection":[{"href":"https:\/\/gind.ivorysoluciones.com\/es\/wp-json\/wp\/v2\/pages"}],"about":[{"href":"https:\/\/gind.ivorysoluciones.com\/es\/wp-json\/wp\/v2\/types\/page"}],"author":[{"embeddable":true,"href":"https:\/\/gind.ivorysoluciones.com\/es\/wp-json\/wp\/v2\/users\/1"}],"replies":[{"embeddable":true,"href":"https:\/\/gind.ivorysoluciones.com\/es\/wp-json\/wp\/v2\/comments?post=2802"}],"version-history":[{"count":6,"href":"https:\/\/gind.ivorysoluciones.com\/es\/wp-json\/wp\/v2\/pages\/2802\/revisions"}],"predecessor-version":[{"id":5290,"href":"https:\/\/gind.ivorysoluciones.com\/es\/wp-json\/wp\/v2\/pages\/2802\/revisions\/5290"}],"wp:attachment":[{"href":"https:\/\/gind.ivorysoluciones.com\/es\/wp-json\/wp\/v2\/media?parent=2802"}],"curies":[{"name":"wp","href":"https:\/\/api.w.org\/{rel}","templated":true}]}}