{"id":2806,"date":"2025-01-07T11:35:35","date_gmt":"2025-01-07T11:35:35","guid":{"rendered":"https:\/\/gind.es\/?page_id=2806"},"modified":"2025-01-07T11:37:02","modified_gmt":"2025-01-07T11:37:02","slug":"aviso-legal","status":"publish","type":"page","link":"https:\/\/gind.ivorysoluciones.com\/es\/aviso-legal\/","title":{"rendered":"Aviso Legal"},"content":{"rendered":"\n<h2 class=\"wp-block-heading\" style=\"font-size:22px\">Quienes somos<\/h2>\n\n\n\n<p style=\"font-size:14px\">Para dar cumplimiento a lo establecido en la Ley 34\/2002, de 11 de julio, de servicios de la sociedad de la informaci\u00f3n y de comercio electr\u00f3nico, a continuaci\u00f3n se indican los datos de informaci\u00f3n general de este sitio web:<\/p>\n\n\n\n<p style=\"font-size:14px\"><strong>TITULAR<\/strong>: GONDOLAS IN DESIGN SLU<br><strong>CIF<\/strong>: B85434454<br><strong>DIRECCI\u00d3N<\/strong>: Calle Bah\u00eda de Pollensa 11, 2\u00baA. 28042 Madrid<\/p>\n\n\n\n<h2 class=\"wp-block-heading\" style=\"font-size:22px\">1. Identidad del titular de la web<\/h2>\n\n\n\n<p style=\"font-size:14px\">La identidad y dem\u00e1s informaci\u00f3n acerca de la compa\u00f1\u00eda titular del Web se establece en el apartado \u201cContacto\u201d.<\/p>\n\n\n\n<h2 class=\"wp-block-heading\" style=\"font-size:22px\">2. Aceptaci\u00f3n de las condiciones de uso<\/h2>\n\n\n\n<p style=\"font-size:14px\">Las presentes Condiciones (en adelante denominado como Aviso Legal) tienen por objeto regular el uso de este sitio Web que su titular pone a disposici\u00f3n del p\u00fablico.<br>La utilizaci\u00f3n del web por un tercero le atribuye la condici\u00f3n de Usuario y, supone la aceptaci\u00f3n plena por dicho Usuario, de todas y cada una de las condiciones que se incorporan en el presente Aviso Legal.<\/p>\n\n\n\n<p style=\"font-size:14px\">El titular del Web puede ofrecer a trav\u00e9s del Web, servicios o productos que podr\u00e1n encontrarse sometidas a unas condiciones particulares propias que, seg\u00fan los casos, sustituyen, completan y\/o modifican las presentes Condiciones, y sobre las cuales se informar\u00e1 al Usuario en cada caso concreto.<\/p>\n\n\n\n<h2 class=\"wp-block-heading\" style=\"font-size:22px\">3. Uso correcto del sitio web<\/h2>\n\n\n\n<p style=\"font-size:14px\">El Usuario se compromete a utilizar el Web, los contenidos y servicios de conformidad con la Ley, el presente Aviso Legal, las buenas costumbres y el orden p\u00fablico. Del mismo modo, el Usuario se obliga a no utilizar el Web o los servicios que se presten a trav\u00e9s de \u00e9l con fines o efectos il\u00edcitos o contrarios al contenido del presente Aviso Legal, lesivos de los intereses o derechos de terceros, o que de cualquier forma pueda da\u00f1ar, inutilizar o deteriorar el Web o sus servicios, o impedir un normal disfrute del Web por otros Usuarios.<\/p>\n\n\n\n<p style=\"font-size:14px\">Asimismo, el Usuario se compromete expresamente a no destruir, alterar, inutilizar o, de cualquier otra forma, da\u00f1ar los datos, programas o documentos electr\u00f3nicos y dem\u00e1s que se encuentren en la presente Web.<\/p>\n\n\n\n<p style=\"font-size:14px\">El Usuario se compromete a no obstaculizar el acceso de otros usuarios al servicio de acceso mediante el consumo masivo de los recursos inform\u00e1ticos a trav\u00e9s de los cuales el titular del Web presta el servicio, as\u00ed como realizar acciones que da\u00f1en, interrumpan o generen errores en dichos sistemas.<\/p>\n\n\n\n<p style=\"font-size:14px\">El Usuario se compromete a no introducir programas, virus, macros, applets, controles ActiveX o cualquier otro dispositivo l\u00f3gico o secuencia de caracteres que causen o sean susceptibles de causar cualquier tipo de alteraci\u00f3n en los sistemas inform\u00e1ticos del titular del Web o de terceros.<\/p>\n\n\n\n<h2 class=\"wp-block-heading\" style=\"font-size:22px\">4. Publicidad<\/h2>\n\n\n\n<p style=\"font-size:14px\">Parte del Sitio web puede albergar contenidos publicitarios o estar patrocinado.<br>Los anunciantes y patrocinadores son los \u00fanicos responsables de asegurarse que el material remitido para su inclusi\u00f3n en el Sitio web cumple con las leyes que en cada caso puedan ser de aplicaci\u00f3n. El titular del Web no ser\u00e1 responsable de cualquier error, inexactitud o irregularidad que puedan contener los contenidos publicitarios o de los patrocinadores.<\/p>\n\n\n\n<p style=\"font-size:14px\">En todo caso, para interponer cualquier reclamaci\u00f3n relacionada con los Contenidos publicitarios insertados en este Sitio web pueden dirigirse a la siguiente direcci\u00f3n de correo electr\u00f3nico:\u00a0carlos@gind.es.<\/p>\n\n\n\n<h2 class=\"wp-block-heading\" style=\"font-size:22px\">5. Propiedad intelectual e industrial<\/h2>\n\n\n\n<p style=\"font-size:14px\">Todos los derechos de propiedad industrial e intelectual de este sitio Web y de las distintas p\u00e1ginas web pertenecientes al mismo, as\u00ed como de los elementos contenidos en el mismo y en sus p\u00e1ginas web (incluidos, con car\u00e1cter enunciativo que no limitativo, el dise\u00f1o gr\u00e1fico, c\u00f3digo fuente, logos, contenidos, im\u00e1genes, textos, gr\u00e1ficos, ilustraciones, fotograf\u00edas, bases de datos y dem\u00e1s elementos que aparecen en la Web), salvo que se indique lo contrario, son titularidad exclusiva del titular del Web o de terceros.<\/p>\n\n\n\n<p style=\"font-size:14px\">En este sentido, el titular de este sitio Web hace expresa reserva de todos los derechos. Igualmente, todos los nombres comerciales, dominios, marcas o signos distintivos de cualquier clase contenidos en el sitio Web y sus p\u00e1ginas webs, est\u00e1n protegidos por la Ley. El titular del Web no concede ning\u00fan tipo de licencia o autorizaci\u00f3n de uso p\u00fablico y\/o comercial al Usuario sobre sus derechos de propiedad intelectual e industrial o sobre cualquier otro derecho relacionado con este sitioWeb, sus p\u00e1ginas webs y los servicios ofrecidos en las mismas.<\/p>\n\n\n\n<p style=\"font-size:14px\">El&nbsp;Usuario \u00fanica y exclusivamente podr\u00e1 acceder a tales elementos y servicios para su uso personal y privado, quedando, por tanto, terminantemente prohibida la utilizaci\u00f3n de la totalidad o parte de los contenidos de este Web y p\u00e1ginas webs pertenecientes al mismo con prop\u00f3sitos p\u00fablicos o comerciales, su distribuci\u00f3n, comunicaci\u00f3n p\u00fablica, incluida la modalidad de puesta a disposici\u00f3n, as\u00ed como su modificaci\u00f3n, alteraci\u00f3n o descompilaci\u00f3n a no ser que para ello se cuente con el consentimiento expreso y por escrito del titular del Web.<\/p>\n\n\n\n<p style=\"font-size:14px\">Por ello, el Usuario reconoce que la reproducci\u00f3n, distribuci\u00f3n, comercializaci\u00f3n, transformaci\u00f3n, y en general, cualquier otra forma de explotaci\u00f3n, por cualquier procedimiento, de todo o parte de los contenidos de este sitio Web y sus p\u00e1ginas webs constituye una infracci\u00f3n de los derechos de propiedad intelectual y\/o industrial del titular del Web o de los titulares de los mismos.<\/p>\n\n\n\n<h2 class=\"wp-block-heading\" style=\"font-size:22px\">6. R\u00e9gimen de responsabilidad<\/h2>\n\n\n\n<p style=\"font-size:14px\"><strong>6.1. Responsabilidad por el Uso de la Web<br><\/strong>El Usuario es el \u00fanico responsable de las infracciones en las que pueda incurrir o de los perjuicios que pueda causar por la utilizaci\u00f3n de la Web, quedando el titular del Web, sus socios, empresas del grupo, colaboradores, empleados y representantes, exonerados de cualquier clase de responsabilidad que se pudiera derivar por las acciones del Usuario. El titular de la Web emplear\u00e1 todos los esfuerzos y medios razonables para facilitar informaci\u00f3n actualizada y fehaciente en la Web, no obstante, el titular del Web no asume ninguna garant\u00eda en relaci\u00f3n con la ausencia de errores, o de posibles inexactitudes y\/u omisiones en ninguno de los contenidos accesibles a trav\u00e9s de esta Web.<\/p>\n\n\n\n<p style=\"font-size:14px\">El Usuario es el \u00fanico responsable frente a cualquier reclamaci\u00f3n o acci\u00f3n legal, judicial o extrajudicial, iniciada por terceras personas contra el titular del Web basada en la utilizaci\u00f3n por el Usuario del Web. En su caso, el Usuario asumir\u00e1 cuantos gastos, costes e indemnizaciones sean irrogados al titular de la Web con motivo de tales reclamaciones o acciones legales.<\/p>\n\n\n\n<p style=\"font-size:14px\"><strong>6.2. Responsabilidad por el funcionamiento del Web<br><\/strong>El titular del Web excluye toda responsabilidad que se pudiera derivar de interferencias, omisiones, interrupciones, virus inform\u00e1ticos, aver\u00edas telef\u00f3nicas o desconexiones en el funcionamiento operativo del sistema electr\u00f3nico, motivado por causas ajenas al titular de la Web.<\/p>\n\n\n\n<p style=\"font-size:14px\">Asimismo, el titular del Web tambi\u00e9n excluye cualquier responsabilidad que pudiera derivarse por retrasos o bloqueos en el funcionamiento operativo de este sistema electr\u00f3nico causado por deficiencias o sobre carga en las l\u00edneas telef\u00f3nicas o en Internet, as\u00ed como de da\u00f1os causados por terceras personas mediante intromisiones ilegitimas fuera del control del titular del Web. El titular del Web esta facultada para suspender temporalmente, y sin previo aviso, la accesibilidad al Web con motivo de operaciones de mantenimiento, reparaci\u00f3n, actualizaci\u00f3n o mejora.<\/p>\n\n\n\n<p style=\"font-size:14px\"><strong>6.3. Responsabilidad por links<br><\/strong>Los enlaces o links contenidos en el Web pueden conducir al Usuario a otros Web gestionados por terceros. El titular del Web declina cualquier responsabilidad respecto a la informaci\u00f3n que se halle fuera del Web, ya que la funci\u00f3n de los links que aparecen es \u00fanicamente la de informar al Usuario sobre la existencia de otras fuentes de informaci\u00f3n sobre un tema en concreto.<\/p>\n\n\n\n<p style=\"font-size:14px\">El titular del Web queda exonerada de toda responsabilidad por el correcto funcionamiento de tales enlaces, del resultado obtenido a trav\u00e9s de dichos enlaces, de la veracidad y licitud del contenido o informaci\u00f3n a la que se puede acceder, as\u00ed como de los perjuicios que pueda sufrir el Usuario en virtud de la informaci\u00f3n encontrada en la Web enlazada.<\/p>\n\n\n\n<h2 class=\"wp-block-heading\" style=\"font-size:22px\">7. Pol\u00edtica respecto a los datos personales obtenidos a trav\u00e9s de la web<\/h2>\n\n\n\n<p style=\"font-size:14px\"><strong>7.1. A trav\u00e9s de formularios<br><\/strong>Sin perjuicio de lo previsto en lo indicado en cada uno de los formularios de la Web, cuando el Usuario facilite sus datos de car\u00e1cter personal est\u00e1 autorizando expresamente al titular de la Web al tratamiento de sus Datos Personales para las finalidades que en los mismos se indiquen.<\/p>\n\n\n\n<p style=\"font-size:14px\">El titular del Web incorporar\u00e1 los datos facilitados por el Usuario en un fichero titularidad del mismo debidamente comunicado a la Agencia de Protecci\u00f3n de Datos. El Usuario o su representante podr\u00e1 ejercitar sus derechos de acceso, rectificaci\u00f3n, cancelaci\u00f3n u oposici\u00f3n, mediante solicitud escrita y firmada dirigida al domicilio indicado en el apartado \u201cDatos informativos\u201d del presente Web.<\/p>\n\n\n\n<p style=\"font-size:14px\"><strong>7.2. A trav\u00e9s de Cookies<br><\/strong>Esta Web utiliza cookies. Los cookies son peque\u00f1os ficheros de datos que se generan en el ordenador del usuario y que nos permiten conocer la siguiente informaci\u00f3n:<\/p>\n\n\n\n<ul style=\"font-size:14px\" class=\"wp-block-list\">\n<li>La fecha y la hora de la \u00faltima vez que el usuario visit\u00f3 nuestro Web.<\/li>\n\n\n\n<li>El dise\u00f1o de contenidos que el usuario escogi\u00f3 en su primera vista a nuestro Web.<\/li>\n\n\n\n<li>La fecha del servidor y la fecha local del cliente.<\/li>\n\n\n\n<li>El idioma por defecto de la publicaci\u00f3n: El Usuario tiene la opci\u00f3n de impedir la generaci\u00f3n de cookies, mediante la selecci\u00f3n de la correspondiente opci\u00f3n en su programa Navegador.<\/li>\n<\/ul>\n\n\n\n<p style=\"font-size:14px\"><strong>7.3. Confidencialidad<br><\/strong>El titular del Web se compromete al cumplimiento de su obligaci\u00f3n de secreto de los datos de car\u00e1cter personal y de su deber de guardarlos de forma confidencial y adoptar\u00e1 las medidas necesarias para evitar su alteraci\u00f3n, p\u00e9rdida, tratamiento o acceso no autorizado, habida cuenta en todo momento del estado de la tecnolog\u00eda.<\/p>\n\n\n\n<h2 class=\"wp-block-heading\" style=\"font-size:22px\">8. Pol\u00edtica protecci\u00f3n de datos para la p\u00e1gina web<\/h2>\n\n\n\n<p style=\"font-size:14px\">El Usuario podr\u00e1 ver y consultar nuestra pol\u00edtica de protecci\u00f3n de datos en la p\u00e1gina destinada para ello.<\/p>\n\n\n\n<h2 class=\"wp-block-heading\" style=\"font-size:22px\">9. Observaciones del usuario<\/h2>\n\n\n\n<p style=\"font-size:14px\">El Usuario garantiza que la informaci\u00f3n, material, contenidos u observaciones que no sean sus propios datos personales y que sean facilitados al titular de la Web trav\u00e9s del Web, no infringen los derechos de propiedad intelectual o industrial de terceros, ni ninguna otra disposici\u00f3n legal.<\/p>\n\n\n\n<p style=\"font-size:14px\">La informaci\u00f3n, materiales, contenidos u observaciones que el Usuario facilite al titular de la Web, se considerar\u00e1n no confidenciales, reserv\u00e1ndose el titular del Web el derecho a usarlas de la forma que considere m\u00e1s adecuada.<\/p>\n\n\n\n<h2 class=\"wp-block-heading\" style=\"font-size:22px\">10. Modificaciones de las condiciones de uso<\/h2>\n\n\n\n<p style=\"font-size:14px\">El titular del Web se reserva el derecho a modificar, desarrollar o actualizar en cualquier momento y sin previa notificaci\u00f3n, las condiciones de uso del presente Web. El Usuario quedar\u00e1 obligado autom\u00e1ticamente por las condiciones de uso que se hallen vigentes en el momento en que acceda al Web, por lo que deber\u00e1 leer peri\u00f3dicamente dichas condiciones de uso.<\/p>\n\n\n\n<h2 class=\"wp-block-heading\" style=\"font-size:22px\">11. Legislaci\u00f3n aplicable y competencia jurisdiccional<\/h2>\n\n\n\n<p style=\"font-size:14px\">Todas las controversias o reclamaciones surgidas de la interpretaci\u00f3n o ejecuci\u00f3n del presente Aviso Legal se regir\u00e1n por la legislaci\u00f3n espa\u00f1ola, y se someter\u00e1n a la jurisdicci\u00f3n de los Juzgados y Tribunales.<\/p>\n\n\n\n<div style=\"height:39px\" aria-hidden=\"true\" class=\"wp-block-spacer\"><\/div>\n","protected":false},"excerpt":{"rendered":"<p>Quienes somos Para dar cumplimiento a lo establecido en la Ley 34\/2002, de 11 de julio, de servicios de la sociedad de la informaci\u00f3n y de comercio electr\u00f3nico, a continuaci\u00f3n se indican los datos de informaci\u00f3n general de este sitio web: TITULAR: GONDOLAS IN DESIGN SLUCIF: B85434454DIRECCI\u00d3N: Calle Bah\u00eda de Pollensa 11, 2\u00baA. 28042 Madrid [&hellip;]<\/p>\n","protected":false},"author":1,"featured_media":0,"parent":0,"menu_order":0,"comment_status":"closed","ping_status":"closed","template":"","meta":{"_et_pb_use_builder":"off","_et_pb_old_content":"","_et_gb_content_width":"1080","inline_featured_image":false,"footnotes":""},"class_list":["post-2806","page","type-page","status-publish","hentry"],"yoast_head":"<!-- This site is optimized with the Yoast SEO plugin v26.0 - https:\/\/yoast.com\/wordpress\/plugins\/seo\/ -->\n<title>Aviso Legal - GIND<\/title>\n<meta name=\"robots\" content=\"noindex, nofollow\" \/>\n<meta property=\"og:locale\" content=\"es_ES\" \/>\n<meta property=\"og:type\" content=\"article\" \/>\n<meta property=\"og:title\" content=\"Aviso Legal - GIND\" \/>\n<meta property=\"og:description\" content=\"Quienes somos Para dar cumplimiento a lo establecido en la Ley 34\/2002, de 11 de julio, de servicios de la sociedad de la informaci\u00f3n y de comercio electr\u00f3nico, a continuaci\u00f3n se indican los datos de informaci\u00f3n general de este sitio web: TITULAR: GONDOLAS IN DESIGN SLUCIF: B85434454DIRECCI\u00d3N: Calle Bah\u00eda de Pollensa 11, 2\u00baA. 28042 Madrid [&hellip;]\" \/>\n<meta property=\"og:url\" content=\"https:\/\/gind.ivorysoluciones.com\/es\/aviso-legal\/\" \/>\n<meta property=\"og:site_name\" content=\"GIND\" \/>\n<meta property=\"article:modified_time\" content=\"2025-01-07T11:37:02+00:00\" \/>\n<meta name=\"twitter:card\" content=\"summary_large_image\" \/>\n<meta name=\"twitter:label1\" content=\"Tiempo de lectura\" \/>\n\t<meta name=\"twitter:data1\" content=\"9 minutos\" \/>\n<script type=\"application\/ld+json\" class=\"yoast-schema-graph\">{\"@context\":\"https:\/\/schema.org\",\"@graph\":[{\"@type\":\"WebPage\",\"@id\":\"https:\/\/gind.ivorysoluciones.com\/es\/aviso-legal\/\",\"url\":\"https:\/\/gind.ivorysoluciones.com\/es\/aviso-legal\/\",\"name\":\"Aviso Legal - GIND\",\"isPartOf\":{\"@id\":\"https:\/\/gind.ivorysoluciones.com\/es\/#website\"},\"datePublished\":\"2025-01-07T11:35:35+00:00\",\"dateModified\":\"2025-01-07T11:37:02+00:00\",\"inLanguage\":\"es\",\"potentialAction\":[{\"@type\":\"ReadAction\",\"target\":[\"https:\/\/gind.ivorysoluciones.com\/es\/aviso-legal\/\"]}]},{\"@type\":\"WebSite\",\"@id\":\"https:\/\/gind.ivorysoluciones.com\/es\/#website\",\"url\":\"https:\/\/gind.ivorysoluciones.com\/es\/\",\"name\":\"GIND\",\"description\":\"\",\"publisher\":{\"@id\":\"https:\/\/gind.ivorysoluciones.com\/es\/#organization\"},\"potentialAction\":[{\"@type\":\"SearchAction\",\"target\":{\"@type\":\"EntryPoint\",\"urlTemplate\":\"https:\/\/gind.ivorysoluciones.com\/es\/?s={search_term_string}\"},\"query-input\":{\"@type\":\"PropertyValueSpecification\",\"valueRequired\":true,\"valueName\":\"search_term_string\"}}],\"inLanguage\":\"es\"},{\"@type\":\"Organization\",\"@id\":\"https:\/\/gind.ivorysoluciones.com\/es\/#organization\",\"name\":\"GIND\",\"url\":\"https:\/\/gind.ivorysoluciones.com\/es\/\",\"logo\":{\"@type\":\"ImageObject\",\"inLanguage\":\"es\",\"@id\":\"https:\/\/gind.ivorysoluciones.com\/es\/#\/schema\/logo\/image\/\",\"url\":\"https:\/\/gind.ivorysoluciones.com\/wp-content\/uploads\/2024\/11\/gind-logo.svg\",\"contentUrl\":\"https:\/\/gind.ivorysoluciones.com\/wp-content\/uploads\/2024\/11\/gind-logo.svg\",\"width\":271,\"height\":126,\"caption\":\"GIND\"},\"image\":{\"@id\":\"https:\/\/gind.ivorysoluciones.com\/es\/#\/schema\/logo\/image\/\"}}]}<\/script>\n<!-- \/ Yoast SEO plugin. -->","yoast_head_json":{"title":"Aviso Legal - GIND","robots":{"index":"noindex","follow":"nofollow"},"og_locale":"es_ES","og_type":"article","og_title":"Aviso Legal - GIND","og_description":"Quienes somos Para dar cumplimiento a lo establecido en la Ley 34\/2002, de 11 de julio, de servicios de la sociedad de la informaci\u00f3n y de comercio electr\u00f3nico, a continuaci\u00f3n se indican los datos de informaci\u00f3n general de este sitio web: TITULAR: GONDOLAS IN DESIGN SLUCIF: B85434454DIRECCI\u00d3N: Calle Bah\u00eda de Pollensa 11, 2\u00baA. 28042 Madrid [&hellip;]","og_url":"https:\/\/gind.ivorysoluciones.com\/es\/aviso-legal\/","og_site_name":"GIND","article_modified_time":"2025-01-07T11:37:02+00:00","twitter_card":"summary_large_image","twitter_misc":{"Tiempo de lectura":"9 minutos"},"schema":{"@context":"https:\/\/schema.org","@graph":[{"@type":"WebPage","@id":"https:\/\/gind.ivorysoluciones.com\/es\/aviso-legal\/","url":"https:\/\/gind.ivorysoluciones.com\/es\/aviso-legal\/","name":"Aviso Legal - GIND","isPartOf":{"@id":"https:\/\/gind.ivorysoluciones.com\/es\/#website"},"datePublished":"2025-01-07T11:35:35+00:00","dateModified":"2025-01-07T11:37:02+00:00","inLanguage":"es","potentialAction":[{"@type":"ReadAction","target":["https:\/\/gind.ivorysoluciones.com\/es\/aviso-legal\/"]}]},{"@type":"WebSite","@id":"https:\/\/gind.ivorysoluciones.com\/es\/#website","url":"https:\/\/gind.ivorysoluciones.com\/es\/","name":"GIND","description":"","publisher":{"@id":"https:\/\/gind.ivorysoluciones.com\/es\/#organization"},"potentialAction":[{"@type":"SearchAction","target":{"@type":"EntryPoint","urlTemplate":"https:\/\/gind.ivorysoluciones.com\/es\/?s={search_term_string}"},"query-input":{"@type":"PropertyValueSpecification","valueRequired":true,"valueName":"search_term_string"}}],"inLanguage":"es"},{"@type":"Organization","@id":"https:\/\/gind.ivorysoluciones.com\/es\/#organization","name":"GIND","url":"https:\/\/gind.ivorysoluciones.com\/es\/","logo":{"@type":"ImageObject","inLanguage":"es","@id":"https:\/\/gind.ivorysoluciones.com\/es\/#\/schema\/logo\/image\/","url":"https:\/\/gind.ivorysoluciones.com\/wp-content\/uploads\/2024\/11\/gind-logo.svg","contentUrl":"https:\/\/gind.ivorysoluciones.com\/wp-content\/uploads\/2024\/11\/gind-logo.svg","width":271,"height":126,"caption":"GIND"},"image":{"@id":"https:\/\/gind.ivorysoluciones.com\/es\/#\/schema\/logo\/image\/"}}]}},"_links":{"self":[{"href":"https:\/\/gind.ivorysoluciones.com\/es\/wp-json\/wp\/v2\/pages\/2806","targetHints":{"allow":["GET"]}}],"collection":[{"href":"https:\/\/gind.ivorysoluciones.com\/es\/wp-json\/wp\/v2\/pages"}],"about":[{"href":"https:\/\/gind.ivorysoluciones.com\/es\/wp-json\/wp\/v2\/types\/page"}],"author":[{"embeddable":true,"href":"https:\/\/gind.ivorysoluciones.com\/es\/wp-json\/wp\/v2\/users\/1"}],"replies":[{"embeddable":true,"href":"https:\/\/gind.ivorysoluciones.com\/es\/wp-json\/wp\/v2\/comments?post=2806"}],"version-history":[{"count":3,"href":"https:\/\/gind.ivorysoluciones.com\/es\/wp-json\/wp\/v2\/pages\/2806\/revisions"}],"predecessor-version":[{"id":2809,"href":"https:\/\/gind.ivorysoluciones.com\/es\/wp-json\/wp\/v2\/pages\/2806\/revisions\/2809"}],"wp:attachment":[{"href":"https:\/\/gind.ivorysoluciones.com\/es\/wp-json\/wp\/v2\/media?parent=2806"}],"curies":[{"name":"wp","href":"https:\/\/api.w.org\/{rel}","templated":true}]}}